{"id":6487,"date":"2025-03-09T15:27:27","date_gmt":"2025-03-09T13:27:27","guid":{"rendered":"https:\/\/monditaly.com\/kauppa\/?post_type=product&#038;p=6487"},"modified":"2025-03-09T15:31:59","modified_gmt":"2025-03-09T13:31:59","slug":"ibis-siivutettu-keittokinkku-prosciutto-cotto-500g-x-9","status":"publish","type":"product","link":"https:\/\/monditaly.com\/kauppa\/tuote\/ibis-siivutettu-keittokinkku-prosciutto-cotto-500g-x-9\/","title":{"rendered":"IBIS siivutettu keittokinkku prosciutto cotto 500g x 9"},"content":{"rendered":"<h3>Ainesosat:<\/h3>\n<p>Tiedot tulossa pian<\/p>\n<h3>Ravintoarvot per 100g:<\/h3>\n<p>Tiedot tulossa pian<\/p>\n","protected":false},"excerpt":{"rendered":"<p><strong>Tuote myyd\u00e4\u00e4n myyntier\u00e4n\u00e4 1 ltk (9 kpl). \/ Sales unit 1 box (9 pcs).<\/strong><\/p>\n<p>Korkealaatuinen siivutettu keittokinkku Prosciutto cotto, jossa on v\u00e4hemm\u00e4n natriumia, ja kasviper\u00e4isi\u00e4 hapettumisenesto- ja s\u00e4il\u00f6nt\u00e4aineita. Luonnollisen pehme\u00e4 ja samettinen maku jokaisessa siivussa. Gluteeniton, ilman lis\u00e4ttyj\u00e4 polyfosfaatteja, ei sis\u00e4ll\u00e4 laktoosia tai maitojohdannaisia tuotteita, ei lis\u00e4tty\u00e4 natriumglutamaattia.<\/p>\n<p class=\"p1\">High-quality sliced cooked ham (Prosciutto cotto) with less sodium and plant-based antioxidants and preservatives. Naturally soft and velvety taste in every slice. Gluten-free, without added polyphosphates, lactose-free, and does not contain dairy derivatives or added monosodium glutamate.<\/p>\n<p><strong>\u00a0<\/strong><\/p>\n","protected":false},"featured_media":1821,"template":"","meta":[],"product_brand":[],"product_cat":[36,163,252],"product_tag":[304,325,190,308,305,191,189],"class_list":{"0":"post-6487","1":"product","2":"type-product","3":"status-publish","4":"has-post-thumbnail","6":"product_cat-viileat","7":"product_cat-viileat-horeca","8":"product_cat-siivutetut-salamit-ja-kinkut-horeca","9":"product_tag-gluteeniton","10":"product_tag-gluten-free","11":"product_tag-ham","12":"product_tag-lactose-free","13":"product_tag-laktoositon","14":"product_tag-parma","15":"product_tag-prosciutto","16":"product_shipping_class-viileat-pakaste","18":"first","19":"onbackorder","20":"taxable","21":"shipping-taxable","22":"product-type-simple"},"_links":{"self":[{"href":"https:\/\/monditaly.com\/kauppa\/wp-json\/wp\/v2\/product\/6487","targetHints":{"allow":["GET"]}}],"collection":[{"href":"https:\/\/monditaly.com\/kauppa\/wp-json\/wp\/v2\/product"}],"about":[{"href":"https:\/\/monditaly.com\/kauppa\/wp-json\/wp\/v2\/types\/product"}],"wp:featuredmedia":[{"embeddable":true,"href":"https:\/\/monditaly.com\/kauppa\/wp-json\/wp\/v2\/media\/1821"}],"wp:attachment":[{"href":"https:\/\/monditaly.com\/kauppa\/wp-json\/wp\/v2\/media?parent=6487"}],"wp:term":[{"taxonomy":"product_brand","embeddable":true,"href":"https:\/\/monditaly.com\/kauppa\/wp-json\/wp\/v2\/product_brand?post=6487"},{"taxonomy":"product_cat","embeddable":true,"href":"https:\/\/monditaly.com\/kauppa\/wp-json\/wp\/v2\/product_cat?post=6487"},{"taxonomy":"product_tag","embeddable":true,"href":"https:\/\/monditaly.com\/kauppa\/wp-json\/wp\/v2\/product_tag?post=6487"}],"curies":[{"name":"wp","href":"https:\/\/api.w.org\/{rel}","templated":true}]}}