{"id":6488,"date":"2025-03-09T15:45:33","date_gmt":"2025-03-09T13:45:33","guid":{"rendered":"https:\/\/monditaly.com\/kauppa\/?post_type=product&#038;p=6488"},"modified":"2025-04-01T12:24:52","modified_gmt":"2025-04-01T09:24:52","slug":"frescolat-burrata125gx36-pakaste","status":"publish","type":"product","link":"https:\/\/monditaly.com\/kauppa\/tuote\/frescolat-burrata125gx36-pakaste\/","title":{"rendered":"FRESCOLAT Burrata125gx36, pakaste"},"content":{"rendered":"<h3>Ainesosat:<\/h3>\n<p class=\"p1\">Maito, UHT-kerma, suola, hapate, mikrobiologinen juoksute, ksantaanikumi, karrageeni, monodiglyseridit<br \/>\nMj\u00f6lk, UHT-gr\u00e4dde, salt, startkultur, mikrobiologiskt l\u00f6pe, xantangummi, karragenan, monoglycerider<\/p>\n<h3>Ravintoarvot\/ N\u00e4ringsv\u00e4rde per 100g:<\/h3>\n<p class=\"p1\">Ravintosis\u00e4lt\u00f6 per 100g\/N\u00e4ringsv\u00e4rde per 100g<\/p>\n<p class=\"p1\">Energia\/ Energi kJ 1054 kcal 255<\/p>\n<p class=\"p1\">Rasva\/ Fett 23,9g<\/p>\n<p class=\"p1\">joista tyydyttynytt\u00e4\/ varav m\u00e4ttade 15,3g<\/p>\n<p class=\"p1\">Hiilihydraatit\/ Kolhydrater 2g<\/p>\n<p class=\"p1\">josta sokereita\/ varav sockerarter 2g<\/p>\n<p class=\"p1\">Proteiini\/ Protein 8g<\/p>\n<p class=\"p1\">Suola\/ Salt 0,8g<\/p>\n","protected":false},"excerpt":{"rendered":"<p>Pakastettu, lehm\u00e4nmaidosta valmistettu burratajuusto.<\/p>\n<p>Frozen burrata cheese made from cow&#8217;s milk.<\/p>\n","protected":false},"featured_media":6569,"template":"","meta":[],"product_brand":[],"product_cat":[36,163,246,251,263],"product_tag":[438,187,476,200],"class_list":{"0":"post-6488","1":"product","2":"type-product","3":"status-publish","4":"has-post-thumbnail","6":"product_cat-viileat","7":"product_cat-viileat-horeca","8":"product_cat-juustot-horeca","9":"product_cat-mozzarella-horeca","10":"product_cat-pakastejuustot-horeca","11":"product_tag-burrata","12":"product_tag-cheese","13":"product_tag-fiordilatte","14":"product_tag-mozzarella","15":"product_shipping_class-viileat-pakaste","17":"first","18":"onbackorder","19":"taxable","20":"shipping-taxable","21":"product-type-simple"},"_links":{"self":[{"href":"https:\/\/monditaly.com\/kauppa\/wp-json\/wp\/v2\/product\/6488","targetHints":{"allow":["GET"]}}],"collection":[{"href":"https:\/\/monditaly.com\/kauppa\/wp-json\/wp\/v2\/product"}],"about":[{"href":"https:\/\/monditaly.com\/kauppa\/wp-json\/wp\/v2\/types\/product"}],"wp:featuredmedia":[{"embeddable":true,"href":"https:\/\/monditaly.com\/kauppa\/wp-json\/wp\/v2\/media\/6569"}],"wp:attachment":[{"href":"https:\/\/monditaly.com\/kauppa\/wp-json\/wp\/v2\/media?parent=6488"}],"wp:term":[{"taxonomy":"product_brand","embeddable":true,"href":"https:\/\/monditaly.com\/kauppa\/wp-json\/wp\/v2\/product_brand?post=6488"},{"taxonomy":"product_cat","embeddable":true,"href":"https:\/\/monditaly.com\/kauppa\/wp-json\/wp\/v2\/product_cat?post=6488"},{"taxonomy":"product_tag","embeddable":true,"href":"https:\/\/monditaly.com\/kauppa\/wp-json\/wp\/v2\/product_tag?post=6488"}],"curies":[{"name":"wp","href":"https:\/\/api.w.org\/{rel}","templated":true}]}}