{"id":6570,"date":"2025-04-01T13:04:27","date_gmt":"2025-04-01T10:04:27","guid":{"rendered":"https:\/\/monditaly.com\/kauppa\/?post_type=product&#038;p=6570"},"modified":"2025-07-14T09:52:31","modified_gmt":"2025-07-14T06:52:31","slug":"pistaasikreemi-pursotinpussissa-400g-x-12-kpl","status":"publish","type":"product","link":"https:\/\/monditaly.com\/kauppa\/tuote\/pistaasikreemi-pursotinpussissa-400g-x-12-kpl\/","title":{"rendered":"Gusto Etna Pistaasikreemi pursotinpussissa 400g x 12 kpl"},"content":{"rendered":"<h3>Ainesosat \/ Ingredienser:<\/h3>\n<p class=\"p1\">Valkoinen kreemi (sokeri, hydraamaton kasvirasva ja -\u00f6ljyt (auringonkukka\u00f6ljy), herajauhe (maito), hyytel\u00f6itymisaine: muokattu t\u00e4rkkelys, emulgointiaine: E322 soijalesitiini, E471, suola, aromit), Sisilian pistaasi 7%, pistaasi 38%. Saattaa sis\u00e4lt\u00e4\u00e4 muita p\u00e4hkin\u00f6it\u00e4: manteli, hasselp\u00e4hkin\u00e4. Pistaasin alkuper\u00e4: EI EU, EU.<\/p>\n<p class=\"p1\">Vit kr\u00e4m (socker, ohydratiserad vegetabiliskt fett och oljor (solrosolja), vassle (mj\u00f6lk), geleringsmedel: modifierad st\u00e4rkelse, emulgeringsmedel: E322 sojalecitin, E471, salt, aromer), siciliansk pistasch 7%, pistasch 38%. Kan inneh\u00e5lla andra n\u00f6tter: mandel, hasseln\u00f6t. Pistaschens ursprung: Icke-EU, EU.<\/p>\n<p class=\"p1\">White cream (sugar, non-hydrogenated vegetable oils and fats (sunflower oil), whey powder (milk), gelling agent: modified starch, emulsifier: E322 soy lecithin, E471, salt, flavors), Sicilian pistachio 7%, pistachio 38%. May contain other nuts: almond, hazelnut. Pistachio origin: NON EU, EU.<\/p>\n<h3>Ravintoarvot per 100g \/ N\u00e4ringsv\u00e4rde per 100g:<\/h3>\n<p class=\"p1\">Ravintosis\u00e4lt\u00f6\/ N\u00e4ringsv\u00e4rde per 100g<br \/>\nEnergia\/ energi 2581 kJ \/ 623 kcal<br \/>\nRasva\/Fett 51g<br \/>\njoista tyydyttynytt\u00e4\/ varav m\u00e4ttade 12g<br \/>\nHiilihydraatit\/ kolhydrater 25g<br \/>\njosta sokereita\/varav sockerarter 24g<br \/>\nProteiini\/ protein 13,2g<br \/>\nSuola\/salt 0,5g<\/p>\n","protected":false},"excerpt":{"rendered":"<p class=\"p1\">Herkullinen pistaasitahna kotileipureille valmiina pursotinpussissa. Pistaasitahna sopii hyvin makeisiin leivonnaisiin t\u00e4ytteeksi tai kuorrutteeksi sek\u00e4 esimerkiksi j\u00e4\u00e4tel\u00f6n tai pannukakkujen p\u00e4\u00e4lle.<\/p>\n<p>L\u00e4cker pistaschkr\u00e4m i spritsp\u00e5se. Pistasckr\u00e4men passar perfekt som fyllning eller topping i s\u00f6ta bakverk samt till exempel p\u00e5 glass eller pannkakor.<\/p>\n<p>Delicious pistachio cream ready in a piping bag. The pistachio cream is perfect as a filling or topping for sweet pastries and, for example, on ice cream or pancakes.<\/p>\n","protected":false},"featured_media":6571,"template":"","meta":[],"product_brand":[],"product_cat":[46,110,206,78,237,238],"product_tag":[304,325,116,479,454,477,478],"class_list":{"0":"post-6570","1":"product","2":"type-product","3":"status-publish","4":"has-post-thumbnail","6":"product_cat-teolliset_elintarvikkeet","7":"product_cat-horeca-teolliset-elintarvikkeet","8":"product_cat-muut-horeca","9":"product_cat-makeat-ja-suklaat-horeca","10":"product_cat-makeat-horeca","11":"product_cat-topping-horeca","12":"product_tag-gluteeniton","13":"product_tag-gluten-free","14":"product_tag-jalkiruoka","15":"product_tag-leivonta","16":"product_tag-pistaasi","17":"product_tag-pistaasikreemi","18":"product_tag-pursotin","19":"product_shipping_class-horeca","21":"first","22":"instock","23":"taxable","24":"shipping-taxable","25":"product-type-simple"},"_links":{"self":[{"href":"https:\/\/monditaly.com\/kauppa\/wp-json\/wp\/v2\/product\/6570","targetHints":{"allow":["GET"]}}],"collection":[{"href":"https:\/\/monditaly.com\/kauppa\/wp-json\/wp\/v2\/product"}],"about":[{"href":"https:\/\/monditaly.com\/kauppa\/wp-json\/wp\/v2\/types\/product"}],"wp:featuredmedia":[{"embeddable":true,"href":"https:\/\/monditaly.com\/kauppa\/wp-json\/wp\/v2\/media\/6571"}],"wp:attachment":[{"href":"https:\/\/monditaly.com\/kauppa\/wp-json\/wp\/v2\/media?parent=6570"}],"wp:term":[{"taxonomy":"product_brand","embeddable":true,"href":"https:\/\/monditaly.com\/kauppa\/wp-json\/wp\/v2\/product_brand?post=6570"},{"taxonomy":"product_cat","embeddable":true,"href":"https:\/\/monditaly.com\/kauppa\/wp-json\/wp\/v2\/product_cat?post=6570"},{"taxonomy":"product_tag","embeddable":true,"href":"https:\/\/monditaly.com\/kauppa\/wp-json\/wp\/v2\/product_tag?post=6570"}],"curies":[{"name":"wp","href":"https:\/\/api.w.org\/{rel}","templated":true}]}}