{"id":6585,"date":"2025-04-02T14:25:59","date_gmt":"2025-04-02T11:25:59","guid":{"rendered":"https:\/\/monditaly.com\/kauppa\/?post_type=product&#038;p=6585"},"modified":"2025-07-14T09:53:41","modified_gmt":"2025-07-14T06:53:41","slug":"gusto-etna-dubai-suklaa-pistaasi-kataifitahna-1-kg","status":"publish","type":"product","link":"https:\/\/monditaly.com\/kauppa\/tuote\/gusto-etna-dubai-suklaa-pistaasi-kataifitahna-1-kg\/","title":{"rendered":"Gusto Etna Dubai Suklaa pistaasi-kataifitahna 1 kg"},"content":{"rendered":"<h3>Ainesosat \/ Ingredienser:<\/h3>\n<p class=\"p1\">Ainesosat: PISTAASI 30%, sokeri, kasvi\u00f6ljy (auringonkukka, palmu RSPO MB), Kataifi (VEHN\u00c4jauho, vesi, maissit\u00e4rkkelys, suola, SOIJAlesitiini), rasvaton MAITOjauhe, HERAjauhe, LAKTOOSI, emulgointiaine: auringonkukkalesitiini. Pistaasin alkuper\u00e4: muu kuin EU. Saattaa sis\u00e4lt\u00e4\u00e4 muita p\u00e4hkin\u00f6it\u00e4: MANTELI, HASSELP\u00c4HKIN\u00c4.<\/p>\n<p class=\"p1\">Ingredienser: PISTASCH 30%, socker, vegetabilisk olja (solros, palm RSPO MB), Kadayif (VETEmj\u00f6l, vatten, majsst\u00e4rkelse, salt, SOJAlecitin), skumMJ\u00d6LKspulver, VASSLEpulver, LAKTOS, emulgeringsmedel: solroslecitin. Pistaschens ursprung: icke-EU. Kan inneh\u00e5lla andra n\u00f6tter: MANDEL, HASSELN\u00d6T.<\/p>\n<p class=\"p1\"><span style=\"font-size: 20.16px; color: #333333;\">Ravintoarvot per 100g \/ N\u00e4ringsv\u00e4rde per 100g:<\/span><\/p>\n<p class=\"p1\">Ravintosis\u00e4lt\u00f6\/ N\u00e4ringsv\u00e4rde per 100g<br \/>\nEnergia\/ energi 2300 kJ \/ 552 kcal<br \/>\nRasva\/Fett 37g<br \/>\njoista tyydyttynytt\u00e4\/ varav m\u00e4ttade 9g<br \/>\nHiilihydraatit\/ kolhydrater 42g<br \/>\njosta sokereita\/varav sockerarter 35,5g<br \/>\nProteiini\/ protein 10,7g<br \/>\nSuola\/salt 0,22g<\/p>\n","protected":false},"excerpt":{"rendered":"<p class=\"p1\">Herkullinen Dubai suklaan t\u00e4ytteest\u00e4 tuttu pistaasi-kataifitahna. Tee helposti itse Dubai suklaata t\u00e4ll\u00e4 valmiilla tahnalla tai k\u00e4yt\u00e4 rapean t\u00e4ytel\u00e4ist\u00e4 levitett\u00e4 muussa leivonnassa, kuten croissanttien ja munkkien t\u00e4ytteen\u00e4 tai paahtoleiv\u00e4n ja pannukakkujen p\u00e4\u00e4ll\u00e4.<\/p>\n<p>Delicious pistachio-kataifi paste, known from the Dubai chocolate filling. Now you can make your own Dubai chocolate or use the crunchy and creamy spread in other baking, such as filling croissants and doughnuts, or as a topping for toast and pancakes.<\/p>\n","protected":false},"featured_media":6576,"template":"","meta":[],"product_brand":[],"product_cat":[46,110,206,78,237,238],"product_tag":[480,481,479,454,477,483],"class_list":{"0":"post-6585","1":"product","2":"type-product","3":"status-publish","4":"has-post-thumbnail","6":"product_cat-teolliset_elintarvikkeet","7":"product_cat-horeca-teolliset-elintarvikkeet","8":"product_cat-muut-horeca","9":"product_cat-makeat-ja-suklaat-horeca","10":"product_cat-makeat-horeca","11":"product_cat-topping-horeca","12":"product_tag-dubaisuklaa","13":"product_tag-kataifi","14":"product_tag-leivonta","15":"product_tag-pistaasi","16":"product_tag-pistaasikreemi","17":"product_tag-pistaasitahna","18":"product_shipping_class-horeca","20":"first","21":"instock","22":"taxable","23":"shipping-taxable","24":"product-type-simple"},"_links":{"self":[{"href":"https:\/\/monditaly.com\/kauppa\/wp-json\/wp\/v2\/product\/6585","targetHints":{"allow":["GET"]}}],"collection":[{"href":"https:\/\/monditaly.com\/kauppa\/wp-json\/wp\/v2\/product"}],"about":[{"href":"https:\/\/monditaly.com\/kauppa\/wp-json\/wp\/v2\/types\/product"}],"wp:featuredmedia":[{"embeddable":true,"href":"https:\/\/monditaly.com\/kauppa\/wp-json\/wp\/v2\/media\/6576"}],"wp:attachment":[{"href":"https:\/\/monditaly.com\/kauppa\/wp-json\/wp\/v2\/media?parent=6585"}],"wp:term":[{"taxonomy":"product_brand","embeddable":true,"href":"https:\/\/monditaly.com\/kauppa\/wp-json\/wp\/v2\/product_brand?post=6585"},{"taxonomy":"product_cat","embeddable":true,"href":"https:\/\/monditaly.com\/kauppa\/wp-json\/wp\/v2\/product_cat?post=6585"},{"taxonomy":"product_tag","embeddable":true,"href":"https:\/\/monditaly.com\/kauppa\/wp-json\/wp\/v2\/product_tag?post=6585"}],"curies":[{"name":"wp","href":"https:\/\/api.w.org\/{rel}","templated":true}]}}