{"id":6586,"date":"2025-04-02T14:36:44","date_gmt":"2025-04-02T11:36:44","guid":{"rendered":"https:\/\/monditaly.com\/kauppa\/?post_type=product&#038;p=6586"},"modified":"2025-07-14T09:53:06","modified_gmt":"2025-07-14T06:53:06","slug":"gusto-etna-dubai-suklaalevy-100g-x-10-kpl","status":"publish","type":"product","link":"https:\/\/monditaly.com\/kauppa\/tuote\/gusto-etna-dubai-suklaalevy-100g-x-10-kpl\/","title":{"rendered":"Gusto Etna Dubai suklaalevy 100g x 10 kpl"},"content":{"rendered":"<h3>Ainesosat \/ Ingredienser:<\/h3>\n<p class=\"p1\">T\u00e4yte: PISTAASI 30%, sokeri, kasvi\u00f6ljy (auringonkukka, palmu RSPO MB), Kataifi (VEHN\u00c4jauho, vesi, maissit\u00e4rkkelys, suola, SOIJAlesitiini), rasvaton MAITOjauhe, HERAjauhe, LAKTOOSI, emulgointiaine: auringonkukkalesitiini. Suklaa: tumma suklaa ((Kaakao min.: 72,4%) (kaakaomassa; sokeri; v\u00e4h\u00e4rasvainen kaakaojauhe; emulgointiaine: lesitiini (SOIJA); luontainen vanilja-aromi). Pistaasin alkuper\u00e4: muu kuin EU. Saattaa sis\u00e4lt\u00e4\u00e4 muita p\u00e4hkin\u00f6it\u00e4: MANTELI, HASSELP\u00c4HKIN\u00c4.<\/p>\n<p class=\"p1\">Fyllning: PISTASCH 30%, socker, vegetabilisk olja (solros, palm RSPO MB), Kadayif (VETEmj\u00f6l, vatten, majsst\u00e4rkelse, salt, SOJAlecitin), skumMJ\u00d6LKspulver, VASSLEpulver, LAKTOS, emulgeringsmedel: solroslecitin. Choklad: m\u00f6rk choklad ((Kakao min.: 72,4%) (kakaomassa; socker; kakaopulver med l\u00e5g fetthalt; emulgeringsmedel: lecitin (SOJA); naturlig vaniljarom). Pistaschens ursprung: icke-EU. Kan inneh\u00e5lla andra n\u00f6tter: MANDEL, HASSELN\u00d6T.<\/p>\n<h3>Ravintoarvot per 100g \/ N\u00e4ringsv\u00e4rde per 100g:<\/h3>\n<p class=\"p1\">Ravintosis\u00e4lt\u00f6\/ N\u00e4ringsv\u00e4rde per 100g<br \/>\nEnergia\/ energi 2266 kJ \/ 545 kcal<br \/>\nRasva\/Fett 38g<br \/>\njoista tyydyttynytt\u00e4\/ varav m\u00e4ttade 15g<br \/>\nHiilihydraatit\/ kolhydrater 38g<br \/>\njosta sokereita\/varav sockerarter 32g<br \/>\nProteiini\/ protein 10g<br \/>\nSuola\/salt 0,14g<\/p>\n","protected":false},"excerpt":{"rendered":"<p class=\"p1\">Tumman suklaalevyn t\u00e4ytteen\u00e4 on pehme\u00e4\u00e4 pistaasitahnaa, jolle ainutlaatuisen rapeuden tuo kataifi. Kataifi on ohutta, spagettimaista rapeaa taikinaa, jota L\u00e4hi-id\u00e4ss\u00e4 kutsutaan my\u00f6s enkelinhiuksiksi. Tumman suklaan ansiosta t\u00e4m\u00e4 herkku ei ole liian makea, vaan t\u00e4ydellinen nautiskelusuklaa. Myyntier\u00e4 10 kpl.<\/p>\n<p>The dark chocolate bar is filled with soft pistachio cream, with kadayif adding a unique crunch. Kadayif is a thin, spaghetti-like crispy dough, also known as angel hair in the Middle East. Thanks to the dark chocolate, this treat is not too sweet, but the perfect indulgence chocolate. Sales unit 10 pcs.<\/p>\n","protected":false},"featured_media":6590,"template":"","meta":[],"product_brand":[],"product_cat":[46,110,206,78,236,237,238],"product_tag":[480,481,479,454,477,482],"class_list":{"0":"post-6586","1":"product","2":"type-product","3":"status-publish","4":"has-post-thumbnail","6":"product_cat-teolliset_elintarvikkeet","7":"product_cat-horeca-teolliset-elintarvikkeet","8":"product_cat-muut-horeca","9":"product_cat-makeat-ja-suklaat-horeca","10":"product_cat-suklaat-horeca","11":"product_cat-makeat-horeca","12":"product_cat-topping-horeca","13":"product_tag-dubaisuklaa","14":"product_tag-kataifi","15":"product_tag-leivonta","16":"product_tag-pistaasi","17":"product_tag-pistaasikreemi","18":"product_tag-pistaasisuklaa","19":"product_shipping_class-horeca","21":"first","22":"instock","23":"taxable","24":"shipping-taxable","25":"product-type-simple"},"_links":{"self":[{"href":"https:\/\/monditaly.com\/kauppa\/wp-json\/wp\/v2\/product\/6586","targetHints":{"allow":["GET"]}}],"collection":[{"href":"https:\/\/monditaly.com\/kauppa\/wp-json\/wp\/v2\/product"}],"about":[{"href":"https:\/\/monditaly.com\/kauppa\/wp-json\/wp\/v2\/types\/product"}],"wp:featuredmedia":[{"embeddable":true,"href":"https:\/\/monditaly.com\/kauppa\/wp-json\/wp\/v2\/media\/6590"}],"wp:attachment":[{"href":"https:\/\/monditaly.com\/kauppa\/wp-json\/wp\/v2\/media?parent=6586"}],"wp:term":[{"taxonomy":"product_brand","embeddable":true,"href":"https:\/\/monditaly.com\/kauppa\/wp-json\/wp\/v2\/product_brand?post=6586"},{"taxonomy":"product_cat","embeddable":true,"href":"https:\/\/monditaly.com\/kauppa\/wp-json\/wp\/v2\/product_cat?post=6586"},{"taxonomy":"product_tag","embeddable":true,"href":"https:\/\/monditaly.com\/kauppa\/wp-json\/wp\/v2\/product_tag?post=6586"}],"curies":[{"name":"wp","href":"https:\/\/api.w.org\/{rel}","templated":true}]}}