{"id":6606,"date":"2025-04-04T09:55:35","date_gmt":"2025-04-04T06:55:35","guid":{"rendered":"https:\/\/monditaly.com\/kauppa\/?post_type=product&#038;p=6606"},"modified":"2025-07-14T09:57:20","modified_gmt":"2025-07-14T06:57:20","slug":"pistaasi-valkosuklaalevy-60g-x-10-kpl","status":"publish","type":"product","link":"https:\/\/monditaly.com\/kauppa\/tuote\/pistaasi-valkosuklaalevy-60g-x-10-kpl\/","title":{"rendered":"Gusto Etna Pistaasisuklaalevy 60g x 30 kpl"},"content":{"rendered":"<h3>Ainesosat \/ Ingredienser:<\/h3>\n<p class=\"p1\">Valkosuklaa\u202f (kaakao min. 28%) (sokeri, kaakaovoi, t\u00e4ysmaitopulveri, emulgointiaine: soijalesitiini, vanilja-aromi), pistaasip\u00e4hkin\u00e4 15%.<br \/>\nSaattaa sis\u00e4lt\u00e4\u00e4 muita p\u00e4hkin\u00f6it\u00e4: Manteli, hasselp\u00e4hkin\u00e4. Pistaasien alkuper\u00e4: Non-EU. Gluteeniton.<\/p>\n<p class=\"p1\">Vit choklad (kakao min. 28%) (socker, kakaosm\u00f6r, helmj\u00f6lkpulver, emulgeringsmedel: sojalecitin, vaniljarom), pistaschn\u00f6t 15%.<br \/>\nKan inneh\u00e5lla andra n\u00f6tter: Mandel, hasseln\u00f6t. Pistaschn\u00f6tternas ursprung: Non-EU. Glutenfri.<\/p>\n<h3>Ravintoarvot per 100g \/ N\u00e4ringsv\u00e4rde per 100g:<\/h3>\n<p class=\"p1\">Energia\/ Energi 544,5 kcal\/ 2268,6 kJ<br \/>\nRasva\/ Fett 36g<br \/>\njoista tyydyttyneit\u00e4\/ varav m\u00e4ttat 19,6g<br \/>\nHiilihydraatit\/ Kolhydrater\u202f47,6g<br \/>\njoista sokereita\/ varav sockerarter\u202f47g<br \/>\nProteiini\/ Protein 7,2g<br \/>\nSuola\/ Salt 0,2g<\/p>\n","protected":false},"excerpt":{"rendered":"<p class=\"p1\">Valkosuklaan ja pistaasin pehme\u00e4 makuyhdistelm\u00e4 p\u00e4hkin\u00e4suklaan yst\u00e4ville.<\/p>\n<p>The smooth flavor combination of white chocolate and pistachio \u2013 a treat for true chocolate lovers.<\/p>\n","protected":false},"featured_media":6608,"template":"","meta":[],"product_brand":[],"product_cat":[110,206,78,236,237],"product_tag":[479,493,454,482,488,489],"class_list":{"0":"post-6606","1":"product","2":"type-product","3":"status-publish","4":"has-post-thumbnail","6":"product_cat-horeca-teolliset-elintarvikkeet","7":"product_cat-muut-horeca","8":"product_cat-makeat-ja-suklaat-horeca","9":"product_cat-suklaat-horeca","10":"product_cat-makeat-horeca","11":"product_tag-leivonta","12":"product_tag-pahkinasuklaa","13":"product_tag-pistaasi","14":"product_tag-pistaasisuklaa","15":"product_tag-suklaalevy","16":"product_tag-valkosuklaa","17":"product_shipping_class-horeca","19":"first","20":"instock","21":"taxable","22":"shipping-taxable","23":"product-type-simple"},"_links":{"self":[{"href":"https:\/\/monditaly.com\/kauppa\/wp-json\/wp\/v2\/product\/6606","targetHints":{"allow":["GET"]}}],"collection":[{"href":"https:\/\/monditaly.com\/kauppa\/wp-json\/wp\/v2\/product"}],"about":[{"href":"https:\/\/monditaly.com\/kauppa\/wp-json\/wp\/v2\/types\/product"}],"wp:featuredmedia":[{"embeddable":true,"href":"https:\/\/monditaly.com\/kauppa\/wp-json\/wp\/v2\/media\/6608"}],"wp:attachment":[{"href":"https:\/\/monditaly.com\/kauppa\/wp-json\/wp\/v2\/media?parent=6606"}],"wp:term":[{"taxonomy":"product_brand","embeddable":true,"href":"https:\/\/monditaly.com\/kauppa\/wp-json\/wp\/v2\/product_brand?post=6606"},{"taxonomy":"product_cat","embeddable":true,"href":"https:\/\/monditaly.com\/kauppa\/wp-json\/wp\/v2\/product_cat?post=6606"},{"taxonomy":"product_tag","embeddable":true,"href":"https:\/\/monditaly.com\/kauppa\/wp-json\/wp\/v2\/product_tag?post=6606"}],"curies":[{"name":"wp","href":"https:\/\/api.w.org\/{rel}","templated":true}]}}