{"id":6613,"date":"2025-04-04T10:10:39","date_gmt":"2025-04-04T07:10:39","guid":{"rendered":"https:\/\/monditaly.com\/kauppa\/?post_type=product&#038;p=6613"},"modified":"2025-07-14T09:56:38","modified_gmt":"2025-07-14T06:56:38","slug":"gusto-etna-pistaasi-tummasuklaalevite-300g-x-12-kpl","status":"publish","type":"product","link":"https:\/\/monditaly.com\/kauppa\/tuote\/gusto-etna-pistaasi-tummasuklaalevite-300g-x-12-kpl\/","title":{"rendered":"Gusto Etna Pistaasi-tummasuklaalevite 300g x 12 kpl"},"content":{"rendered":"<h3>Ainesosat \/ Ingredienser:<\/h3>\n<p class=\"p1\">PISTAASIkreemi: Sokeri, kasvi\u00f6ljy (auringonkukka, palmu), PISTAASI 25%, rasvaton MAITOjauhe, HERAjauhe, LAKTOOSI, emulgointiaine: auringonkukkalesitiini, v\u00e4riaine: E141.<\/p>\n<p class=\"p1\">Tummasuklaakreemi: sokeri, kasvirasva (auringonkukka), tumma suklaa 15% (kaakaomassa, v\u00e4h\u00e4rasvainen kaakaojauhe, sokeri), v\u00e4h\u00e4rasvainen kaakaojauhe, LAKTOOSI, emulgointiaine: SOIJAlesitiini, makuaineet. Pistaasin alkuper\u00e4: muu kuin EU. Saattaa sis\u00e4lt\u00e4\u00e4 muita p\u00e4hkin\u00f6it\u00e4: MANTELI, HASSELP\u00c4HKIN\u00c4.<\/p>\n<p class=\"p1\">PISTASCHkr\u00e4m: socker, vegetabilisk olja (solros, palm), PISTASCH 25%, skumMJ\u00d6LKspulver, VASSLEpulver, LAKTOS, emulgeringsmedel: solroslecitin, f\u00e4rg\u00e4mne: E141.<\/p>\n<p class=\"p1\">M\u00f6rk chokladkr\u00e4m: socker, vegetabilisk fett (solros), m\u00f6rk choklad 15% (kakaomassa, kakaopulver med l\u00e5g fetthalt, socker) kakaopulver med l\u00e5g fetthalt, LAKTOS, emulgeringsmedel: SOJAlecitin, arom\u00e4mnen. Pistaschens ursprung: icke-EU. Kan inneh\u00e5lla andra n\u00f6tter: MANDEL, HASSELN\u00d6T.<\/p>\n<p class=\"p1\"><span style=\"color: #333333; font-size: 20.16px;\">Ravintoarvot per 100g \/ N\u00e4ringsv\u00e4rde per 100g:<\/span><\/p>\n<p class=\"p1\">Energia\/ Energi 563 kcal\/ 2343 kJ<br \/>\nRasva\/ Fett 38g<br \/>\njoista tyydyttyneit\u00e4\/ varav m\u00e4ttat 8,4g<br \/>\nHiilihydraatit\/ Kolhydrater\u202f46g<br \/>\njoista sokereita\/ varav sockerarter\u202f45g<br \/>\nProteiini\/ Protein 6,7g<br \/>\nSuola\/ Salt 0,133g<\/p>\n","protected":false},"excerpt":{"rendered":"<p>Herkullinen pistaasi-tummasuklaatahna k\u00e4ytett\u00e4v\u00e4ksi leivonnassa, levitteen\u00e4 paahtoleiv\u00e4n p\u00e4\u00e4ll\u00e4 tai pannukakkujen ja lettujen kanssa.<\/p>\n<p>Delicious pistachio and dark chocolate paste, perfect for baking, spread for toasted bread or served with pancakes and cr\u00eapes.<\/p>\n","protected":false},"featured_media":6611,"template":"","meta":[],"product_brand":[],"product_cat":[46,110,206,78,236,237,238],"product_tag":[479,492,454,477,483,491,490],"class_list":{"0":"post-6613","1":"product","2":"type-product","3":"status-publish","4":"has-post-thumbnail","6":"product_cat-teolliset_elintarvikkeet","7":"product_cat-horeca-teolliset-elintarvikkeet","8":"product_cat-muut-horeca","9":"product_cat-makeat-ja-suklaat-horeca","10":"product_cat-suklaat-horeca","11":"product_cat-makeat-horeca","12":"product_cat-topping-horeca","13":"product_tag-leivonta","14":"product_tag-pahkinasuklaalevite","15":"product_tag-pistaasi","16":"product_tag-pistaasikreemi","17":"product_tag-pistaasitahna","18":"product_tag-suklaalevite","19":"product_tag-suklaatahna","20":"product_shipping_class-horeca","22":"first","23":"instock","24":"taxable","25":"shipping-taxable","26":"product-type-simple"},"_links":{"self":[{"href":"https:\/\/monditaly.com\/kauppa\/wp-json\/wp\/v2\/product\/6613","targetHints":{"allow":["GET"]}}],"collection":[{"href":"https:\/\/monditaly.com\/kauppa\/wp-json\/wp\/v2\/product"}],"about":[{"href":"https:\/\/monditaly.com\/kauppa\/wp-json\/wp\/v2\/types\/product"}],"wp:featuredmedia":[{"embeddable":true,"href":"https:\/\/monditaly.com\/kauppa\/wp-json\/wp\/v2\/media\/6611"}],"wp:attachment":[{"href":"https:\/\/monditaly.com\/kauppa\/wp-json\/wp\/v2\/media?parent=6613"}],"wp:term":[{"taxonomy":"product_brand","embeddable":true,"href":"https:\/\/monditaly.com\/kauppa\/wp-json\/wp\/v2\/product_brand?post=6613"},{"taxonomy":"product_cat","embeddable":true,"href":"https:\/\/monditaly.com\/kauppa\/wp-json\/wp\/v2\/product_cat?post=6613"},{"taxonomy":"product_tag","embeddable":true,"href":"https:\/\/monditaly.com\/kauppa\/wp-json\/wp\/v2\/product_tag?post=6613"}],"curies":[{"name":"wp","href":"https:\/\/api.w.org\/{rel}","templated":true}]}}