{"id":6615,"date":"2025-04-04T11:01:59","date_gmt":"2025-04-04T08:01:59","guid":{"rendered":"https:\/\/monditaly.com\/kauppa\/?post_type=product&#038;p=6615"},"modified":"2025-07-14T09:55:58","modified_gmt":"2025-07-14T06:55:58","slug":"gusto-etna-pistaasi-tryffelipesto-190g-x-12-kpl","status":"publish","type":"product","link":"https:\/\/monditaly.com\/kauppa\/tuote\/gusto-etna-pistaasi-tryffelipesto-190g-x-12-kpl\/","title":{"rendered":"Gusto Etna Pistaasi-tryffelipesto 190g x 12 kpl"},"content":{"rendered":"<h3>Ainesosat \/ Ingredienser:<\/h3>\n<p class=\"p1\">PISTAASI 48%, sisilialainen PISTAASI 12%, auringonkukka\u00f6ljy, kes\u00e4tryffeli 0,4%, suola, makuaine.<br \/>\nPistaasin alkuper\u00e4: muu kuin EU, EU. Saattaa sis\u00e4lt\u00e4\u00e4 muita p\u00e4hkin\u00f6it\u00e4: MANTELI, HASSELP\u00c4HKIN\u00c4.<\/p>\n<p class=\"p1\">PISTASCH 48%, sisiliansk PISTASCH 12%, solrosolja, sommartryffel 0,4%, salt, arom\u00e4mne.<br \/>\nPistaschens ursprung: icke-EU, EU. Kan inneh\u00e5lla andra n\u00f6tter: MANDEL, HASSELN\u00d6T.<\/p>\n<p><span style=\"font-size: 20.16px; color: #333333;\">Ravintoarvot per 100g \/ N\u00e4ringsv\u00e4rde per 100g:<\/span><\/p>\n<p class=\"p1\">Energia\/ Energi 702 kcal\/ 2897 kJ<br \/>\nRasva\/ Fett 67g<br \/>\njoista tyydyttyneit\u00e4\/ varav m\u00e4ttat 7,9g<br \/>\nHiilihydraatit\/ Kolhydrater\u202f9,2g<br \/>\njoista sokereita\/ varav sockerarter\u202f2,7g<br \/>\nProteiini\/ Protein 12,2g<br \/>\nSuola\/ Salt 0,115g<\/p>\n","protected":false},"excerpt":{"rendered":"<p>Pistaasi-tryffelipesto Sisiliasta, jolla luot makua pasta-annoksiin sek\u00e4 pizzoihin.<\/p>\n<p>Pistachio truffle pesto from Sicily, perfect for adding flavor to pasta dishes and pizzas.<\/p>\n","protected":false},"featured_media":6617,"template":"","meta":[],"product_brand":[],"product_cat":[46,110,70,94],"product_tag":[150,453,454,455,138,95],"class_list":{"0":"post-6615","1":"product","2":"type-product","3":"status-publish","4":"has-post-thumbnail","6":"product_cat-teolliset_elintarvikkeet","7":"product_cat-horeca-teolliset-elintarvikkeet","8":"product_cat-sailykkeet-horeca","9":"product_cat-tahnat-horeca","10":"product_tag-paste","11":"product_tag-pesto","12":"product_tag-pistaasi","13":"product_tag-pistachio","14":"product_tag-truffle","15":"product_tag-tryffeli","16":"product_shipping_class-horeca","18":"first","19":"instock","20":"taxable","21":"shipping-taxable","22":"product-type-simple"},"_links":{"self":[{"href":"https:\/\/monditaly.com\/kauppa\/wp-json\/wp\/v2\/product\/6615","targetHints":{"allow":["GET"]}}],"collection":[{"href":"https:\/\/monditaly.com\/kauppa\/wp-json\/wp\/v2\/product"}],"about":[{"href":"https:\/\/monditaly.com\/kauppa\/wp-json\/wp\/v2\/types\/product"}],"wp:featuredmedia":[{"embeddable":true,"href":"https:\/\/monditaly.com\/kauppa\/wp-json\/wp\/v2\/media\/6617"}],"wp:attachment":[{"href":"https:\/\/monditaly.com\/kauppa\/wp-json\/wp\/v2\/media?parent=6615"}],"wp:term":[{"taxonomy":"product_brand","embeddable":true,"href":"https:\/\/monditaly.com\/kauppa\/wp-json\/wp\/v2\/product_brand?post=6615"},{"taxonomy":"product_cat","embeddable":true,"href":"https:\/\/monditaly.com\/kauppa\/wp-json\/wp\/v2\/product_cat?post=6615"},{"taxonomy":"product_tag","embeddable":true,"href":"https:\/\/monditaly.com\/kauppa\/wp-json\/wp\/v2\/product_tag?post=6615"}],"curies":[{"name":"wp","href":"https:\/\/api.w.org\/{rel}","templated":true}]}}