{"id":6629,"date":"2025-04-07T10:29:38","date_gmt":"2025-04-07T07:29:38","guid":{"rendered":"https:\/\/monditaly.com\/kauppa\/?post_type=product&#038;p=6629"},"modified":"2025-07-14T09:55:26","modified_gmt":"2025-07-14T06:55:26","slug":"gusto-etna-pistaasilevite-15-1-kg-x-6-kpl","status":"publish","type":"product","link":"https:\/\/monditaly.com\/kauppa\/tuote\/gusto-etna-pistaasilevite-15-1-kg-x-6-kpl\/","title":{"rendered":"Gusto Etna Pistaasilevite 20% 1 kg x 6 kpl"},"content":{"rendered":"<h3>Ainesosat \/ Ingredienser:<\/h3>\n<p class=\"p1\">Sokeri, kasvirasva (auringonkukka, palmu RSPO MB), PISTAASI 20%, rasvaton MAITOjauhe, HERAjauhe, LAKTOOSI, emulgointiaine: auringonkukkalesitiini, v\u00e4riaine: E141. Saattaa sis\u00e4lt\u00e4\u00e4 muita p\u00e4hkin\u00f6it\u00e4: MANTELI, HASSELP\u00c4HKIN\u00c4.<br \/>\nGluteeniton.<\/p>\n<p class=\"p1\">Socker, vegetabiliskt fett (solros, palm RSPO MB), PISTASCH 20%, skumMJ\u00d6LKspulver, VASSLEpulver, LAKTOS, emulgeringsmedel: solroslecitin, f\u00e4rg\u00e4mne: E141. Kan inneh\u00e5lla andra n\u00f6tter: MANDEL, HASSELN\u00d6T.<br \/>\nGlutenfri.<\/p>\n<p class=\"p1\"><span style=\"color: #333333; font-size: 20.16px;\">Ravintoarvot per 100g \/ N\u00e4ringsv\u00e4rde per 100g:<\/span><\/p>\n<p class=\"p1\">Energia\/ Energi 573 kcal\/ 2385 kJ<br \/>\nRasva\/ Fett 38g<br \/>\njoista tyydyttyneit\u00e4\/ varav m\u00e4ttat 9,7g<br \/>\nHiilihydraatit\/ Kolhydrater\u202f47g<br \/>\njoista sokereita\/ varav sockerarter\u202f 46,5g<br \/>\nProteiini\/ Protein 8,9g<br \/>\nSuola\/ Salt 0,256g<\/p>\n","protected":false},"excerpt":{"rendered":"<p class=\"p1\">Herkullinen pistaasilevite, joka sopii t\u00e4ydellisesti aamiaiselle, v\u00e4lipalaksi tai leivontaan. T\u00e4ydellinen pannareiden, kakkujen ja croissanttien kanssa, mutta erinomaista my\u00f6s sellaisenaan: vain lusikallinen riitt\u00e4\u00e4. Gluteeniton.<br \/>\nA delicious pistachio spread, perfect for breakfast, as a snack or for baking. Ideal with pancakes, cakes, and croissants \u2013 but also excellent on its own: just one spoonful is enough. Gluten free.<\/p>\n","protected":false},"featured_media":6630,"template":"","meta":[],"product_brand":[],"product_cat":[46,110,206,78,237,238],"product_tag":[479,494,454,477,483],"class_list":{"0":"post-6629","1":"product","2":"type-product","3":"status-publish","4":"has-post-thumbnail","6":"product_cat-teolliset_elintarvikkeet","7":"product_cat-horeca-teolliset-elintarvikkeet","8":"product_cat-muut-horeca","9":"product_cat-makeat-ja-suklaat-horeca","10":"product_cat-makeat-horeca","11":"product_cat-topping-horeca","12":"product_tag-leivonta","13":"product_tag-pahkinalevite","14":"product_tag-pistaasi","15":"product_tag-pistaasikreemi","16":"product_tag-pistaasitahna","17":"product_shipping_class-horeca","19":"first","20":"instock","21":"taxable","22":"shipping-taxable","23":"product-type-simple"},"_links":{"self":[{"href":"https:\/\/monditaly.com\/kauppa\/wp-json\/wp\/v2\/product\/6629","targetHints":{"allow":["GET"]}}],"collection":[{"href":"https:\/\/monditaly.com\/kauppa\/wp-json\/wp\/v2\/product"}],"about":[{"href":"https:\/\/monditaly.com\/kauppa\/wp-json\/wp\/v2\/types\/product"}],"wp:featuredmedia":[{"embeddable":true,"href":"https:\/\/monditaly.com\/kauppa\/wp-json\/wp\/v2\/media\/6630"}],"wp:attachment":[{"href":"https:\/\/monditaly.com\/kauppa\/wp-json\/wp\/v2\/media?parent=6629"}],"wp:term":[{"taxonomy":"product_brand","embeddable":true,"href":"https:\/\/monditaly.com\/kauppa\/wp-json\/wp\/v2\/product_brand?post=6629"},{"taxonomy":"product_cat","embeddable":true,"href":"https:\/\/monditaly.com\/kauppa\/wp-json\/wp\/v2\/product_cat?post=6629"},{"taxonomy":"product_tag","embeddable":true,"href":"https:\/\/monditaly.com\/kauppa\/wp-json\/wp\/v2\/product_tag?post=6629"}],"curies":[{"name":"wp","href":"https:\/\/api.w.org\/{rel}","templated":true}]}}