{"id":6703,"date":"2025-04-29T11:06:05","date_gmt":"2025-04-29T08:06:05","guid":{"rendered":"https:\/\/monditaly.com\/kauppa\/?post_type=product&#038;p=6703"},"modified":"2025-10-30T10:44:36","modified_gmt":"2025-10-30T08:44:36","slug":"sori-bufala-mozzarella-dop-8-x125g-tyyny","status":"publish","type":"product","link":"https:\/\/monditaly.com\/kauppa\/tuote\/sori-bufala-mozzarella-dop-8-x125g-tyyny\/","title":{"rendered":"Sor\u00ec Bufala-mozzarella DOP 8 x125g, tyyny"},"content":{"rendered":"<h3>Ainesosat:<\/h3>\n<p class=\"p1\">Pastor\u00f6itu PUHVELINMAITO, luontainen hera, suola, juoksute.<\/p>\n<p class=\"p1\">Inneh\u00e5ller:<br \/>\nPast\u00f6riserad buffelmj\u00f6lk, naturlig vassle, salt, l\u00f6pe<b><br \/>\n<\/b><\/p>\n<h3>Ravintoarvot\/ N\u00e4ringsv\u00e4rde per 100g:<\/h3>\n<p>Energia \/ Energi 1084 kJ\/ 262 kcal<br \/>\nRasva \/ Fett 23 g &#8211; josta tyydyttynytt\u00e4 \/ varav m\u00e4ttade 16g<br \/>\nHiilihydraatit \/ Kolhydrat 0,7 g josta sokereita \/ varav sockerarter: 0,7 g<br \/>\nProteiini \/ Protein 13 g<br \/>\nSuola \/ Salt 0,57 g<\/p>\n","protected":false},"excerpt":{"rendered":"<p class=\"p1\">Sor\u00ecn Mozzarella di Bufala Campana valmistetaan puhvelinmaidosta tiukkojen suojatun alkuper\u00e4nimityksen (DOP) vaatimusten mukaisesti. Tuotanto k\u00e4ynnistyy DOP-alueilla kasvatettujen puhvelien arvokkaasta maidosta ja p\u00e4\u00e4ttyy taitavien juustomestareiden ty\u00f6h\u00f6n, mik\u00e4 takaa laadukkaan lopputuotteen.<\/p>\n<p>Made from buffalo milk according to the strict standards of the Protected Designation of Origin (PDO). The artisanal process begins with the finest milk from buffaloes and ends with the craftsmanship of expert cheesemakers who work daily to ensure superior quality.<\/p>\n","protected":false},"featured_media":6701,"template":"","meta":[],"product_brand":[],"product_cat":[36,163,246,251],"product_tag":[188,187,495,200,496],"class_list":{"0":"post-6703","1":"product","2":"type-product","3":"status-publish","4":"has-post-thumbnail","6":"product_cat-viileat","7":"product_cat-viileat-horeca","8":"product_cat-juustot-horeca","9":"product_cat-mozzarella-horeca","10":"product_tag-bufala","11":"product_tag-cheese","12":"product_tag-dop","13":"product_tag-mozzarella","14":"product_tag-sori","15":"product_shipping_class-viileat-pakaste","17":"first","18":"instock","19":"taxable","20":"shipping-taxable","21":"product-type-simple"},"_links":{"self":[{"href":"https:\/\/monditaly.com\/kauppa\/wp-json\/wp\/v2\/product\/6703","targetHints":{"allow":["GET"]}}],"collection":[{"href":"https:\/\/monditaly.com\/kauppa\/wp-json\/wp\/v2\/product"}],"about":[{"href":"https:\/\/monditaly.com\/kauppa\/wp-json\/wp\/v2\/types\/product"}],"wp:featuredmedia":[{"embeddable":true,"href":"https:\/\/monditaly.com\/kauppa\/wp-json\/wp\/v2\/media\/6701"}],"wp:attachment":[{"href":"https:\/\/monditaly.com\/kauppa\/wp-json\/wp\/v2\/media?parent=6703"}],"wp:term":[{"taxonomy":"product_brand","embeddable":true,"href":"https:\/\/monditaly.com\/kauppa\/wp-json\/wp\/v2\/product_brand?post=6703"},{"taxonomy":"product_cat","embeddable":true,"href":"https:\/\/monditaly.com\/kauppa\/wp-json\/wp\/v2\/product_cat?post=6703"},{"taxonomy":"product_tag","embeddable":true,"href":"https:\/\/monditaly.com\/kauppa\/wp-json\/wp\/v2\/product_tag?post=6703"}],"curies":[{"name":"wp","href":"https:\/\/api.w.org\/{rel}","templated":true}]}}