{"id":6704,"date":"2025-04-29T11:07:45","date_gmt":"2025-04-29T08:07:45","guid":{"rendered":"https:\/\/monditaly.com\/kauppa\/?post_type=product&#038;p=6704"},"modified":"2025-04-29T11:19:32","modified_gmt":"2025-04-29T08:19:32","slug":"sori-burrata-6x125g","status":"publish","type":"product","link":"https:\/\/monditaly.com\/kauppa\/tuote\/sori-burrata-6x125g\/","title":{"rendered":"Sor\u00ec Burrata 6x125g"},"content":{"rendered":"<h3>Ainesosat:<\/h3>\n<p class=\"p1\">Past\u00f6roitu lehm\u00e4nMAITO, UHT-kerma (min. 48%), suola, mikrobiologinen juoksute, hapate, happamuudens\u00e4\u00e4t\u00f6aine: maitohappo, s\u00e4il\u00f6nt\u00e4aine: sorbiinihappo. Maidon alkuper\u00e4: Italia.<\/p>\n<p class=\"p1\">Inneh\u00e5ller:<br \/>\nPast\u00f6riserad KOMJ\u00d6LK, UHT-gr\u00e4dde (min. 48%), salt, mikrobiologiskt l\u00f6pe, syrningskultur, surhetsreglerande medel: mj\u00f6lksyra, konserveringsmedel: sorbinsyra. Mj\u00f6lkens ursprung: Italien.<\/p>\n<h3>Ravintoarvot\/ N\u00e4ringsv\u00e4rde per 100g:<\/h3>\n<p class=\"p1\">Ravintosis\u00e4lt\u00f6\/ N\u00e4ringsv\u00e4rde per 100g<br \/>\nEnergia\/ energi 259 kcal \/ 1072 kJ<br \/>\nRasva\/Fett 23,0g<br \/>\njoista tyydyttynytt\u00e4\/ varav m\u00e4ttade 15g<br \/>\nHiilihydraatit\/ kolhydrater 2,0 g<br \/>\njosta sokereita\/varav sockerarter 1,8 g<br \/>\nProteiini\/ protein 10g<br \/>\nSuola\/salt 0,41 g<\/p>\n","protected":false},"excerpt":{"rendered":"<p class=\"p1\">Sor\u00ecn Burrata on aito italialainen juustomestarin taidonn\u00e4yte, luotu hurmaamaan vaativimmatkin makunystyr\u00e4t. Se on valmistettu tuoreesta italialaisesta maidosta. Hennon kuoren sis\u00e4ll\u00e4 oleva kermainen ja pehme\u00e4 t\u00e4yte sulaa suussa.<\/p>\n<p class=\"p1\">Sor\u00ec Burrata is a true masterpiece of Italian cheesemaking, crafted to enchant even the most discerning palates. Made with 100% fresh Italian milk, this burrata delivers a unique taste experience.<\/p>\n","protected":false},"featured_media":6700,"template":"","meta":[],"product_brand":[],"product_cat":[36,163,246,251],"product_tag":[188,187,495,200,496],"class_list":{"0":"post-6704","1":"product","2":"type-product","3":"status-publish","4":"has-post-thumbnail","6":"product_cat-viileat","7":"product_cat-viileat-horeca","8":"product_cat-juustot-horeca","9":"product_cat-mozzarella-horeca","10":"product_tag-bufala","11":"product_tag-cheese","12":"product_tag-dop","13":"product_tag-mozzarella","14":"product_tag-sori","15":"product_shipping_class-viileat-pakaste","17":"first","18":"onbackorder","19":"taxable","20":"shipping-taxable","21":"product-type-simple"},"_links":{"self":[{"href":"https:\/\/monditaly.com\/kauppa\/wp-json\/wp\/v2\/product\/6704","targetHints":{"allow":["GET"]}}],"collection":[{"href":"https:\/\/monditaly.com\/kauppa\/wp-json\/wp\/v2\/product"}],"about":[{"href":"https:\/\/monditaly.com\/kauppa\/wp-json\/wp\/v2\/types\/product"}],"wp:featuredmedia":[{"embeddable":true,"href":"https:\/\/monditaly.com\/kauppa\/wp-json\/wp\/v2\/media\/6700"}],"wp:attachment":[{"href":"https:\/\/monditaly.com\/kauppa\/wp-json\/wp\/v2\/media?parent=6704"}],"wp:term":[{"taxonomy":"product_brand","embeddable":true,"href":"https:\/\/monditaly.com\/kauppa\/wp-json\/wp\/v2\/product_brand?post=6704"},{"taxonomy":"product_cat","embeddable":true,"href":"https:\/\/monditaly.com\/kauppa\/wp-json\/wp\/v2\/product_cat?post=6704"},{"taxonomy":"product_tag","embeddable":true,"href":"https:\/\/monditaly.com\/kauppa\/wp-json\/wp\/v2\/product_tag?post=6704"}],"curies":[{"name":"wp","href":"https:\/\/api.w.org\/{rel}","templated":true}]}}