{"id":6715,"date":"2025-04-30T10:16:58","date_gmt":"2025-04-30T07:16:58","guid":{"rendered":"https:\/\/monditaly.com\/kauppa\/?post_type=product&#038;p=6715"},"modified":"2025-04-30T10:32:12","modified_gmt":"2025-04-30T07:32:12","slug":"mozzarisella-vegaani-mozzarellamuru-1kgx8pss","status":"publish","type":"product","link":"https:\/\/monditaly.com\/kauppa\/tuote\/mozzarisella-vegaani-mozzarellamuru-1kgx8pss\/","title":{"rendered":"Mozzarisella vegaani-mozzarellamuru, 1kgx8pss"},"content":{"rendered":"<h3>Ainesosat:<\/h3>\n<p class=\"p1\">Bio Surice <i>46 % (vesi, it\u00e4nyt ruskea riisi<\/i> 20,8 %, suola, omenaviinietikka*), vesi, kylm\u00e4puristettu kookos\u00f6ljy*, oreganolla maustettu auringonkukka\u00f6ljy, sitruunamehu*. Sakeuttamisaineet: arabikumi*, johanneksenleip\u00e4puujauhe*, ksantaanikumi. *Luomuviljelty raaka-aine<\/p>\n<p class=\"p1\">Ingredienser:<\/p>\n<p class=\"p1\">Bio Surice 46 % (vatten, groddat fullkornsris 20,8 %, salt, \u00e4ppelcidervin\u00e4ger*), vatten, kallpressad kokosolja*, solrosolja smaksatt med oregano, citronsaft*. F\u00f6rtjockningsmedel: arabiskt gummi*, johannesbr\u00f6d mj\u00f6l*, xantangummi. *Ekologiskt odlade ingredienser<\/p>\n<h3>Ravintoarvot\/ N\u00e4ringsv\u00e4rde per 100g:<\/h3>\n<p class=\"p1\">185 Kcal\/ 766 KJ<br \/>\nRasva\/ Fett 16g<br \/>\njosta saturoituja 14g<br \/>\nHiilihydraatti 8,5g<br \/>\njosta sokereita 0<br \/>\nKuitu 2,2g<br \/>\nProteiini 0,7g<br \/>\nSuola 1,5g<\/p>\n<p>S\u00e4ilytett\u00e4v\u00e4\/ F\u00f6rvaras i temperatur: -18\u00b0<\/p>\n","protected":false},"excerpt":{"rendered":"<p class=\"p1\">Mozzarisella on herkullinen vaihtoehto maitotuotteille. Se on valmistettu it\u00e4neest\u00e4 ruskeasta riisist\u00e4 ja on maidoton, laktoositon ja luontaisesti gluteeniton. Se sopii tarjoiltavaksi sek\u00e4 l\u00e4mpim\u00e4n\u00e4 ett\u00e4 kylm\u00e4n\u00e4. Mozzarisella sulaa t\u00e4ydellisesti pizzan p\u00e4\u00e4lle.<\/p>\n<p class=\"p1\">Mozzarisella \u00e4r ett uts\u00f6kt alternativ till mejeriprodukter baserat p\u00e5 groddat brunt ris, mj\u00f6lkfritt, laktosfritt och naturligt glutenfritt. Den \u00e4r utm\u00e4rkt b\u00e5de varm och kall. Den \u00e4r ocks\u00e5 idealisk f\u00f6r matlagning och den sm\u00e4lter mycket bra p\u00e5 pizzan.<\/p>\n","protected":false},"featured_media":6716,"template":"","meta":[],"product_brand":[],"product_cat":[61,171,263],"product_tag":[497,203,80,499,498,333,332],"class_list":{"0":"post-6715","1":"product","2":"type-product","3":"status-publish","4":"has-post-thumbnail","6":"product_cat-pakasteet","7":"product_cat-pakasteet-horeca","8":"product_cat-pakastejuustot-horeca","9":"product_tag-mozzarisella","10":"product_tag-pakaste","11":"product_tag-pizza","12":"product_tag-rouhe","13":"product_tag-vegaanijuusto","14":"product_tag-vegaaninen","15":"product_tag-vegan","16":"product_shipping_class-viileat-pakaste","18":"first","19":"instock","20":"taxable","21":"shipping-taxable","22":"product-type-simple"},"_links":{"self":[{"href":"https:\/\/monditaly.com\/kauppa\/wp-json\/wp\/v2\/product\/6715","targetHints":{"allow":["GET"]}}],"collection":[{"href":"https:\/\/monditaly.com\/kauppa\/wp-json\/wp\/v2\/product"}],"about":[{"href":"https:\/\/monditaly.com\/kauppa\/wp-json\/wp\/v2\/types\/product"}],"wp:featuredmedia":[{"embeddable":true,"href":"https:\/\/monditaly.com\/kauppa\/wp-json\/wp\/v2\/media\/6716"}],"wp:attachment":[{"href":"https:\/\/monditaly.com\/kauppa\/wp-json\/wp\/v2\/media?parent=6715"}],"wp:term":[{"taxonomy":"product_brand","embeddable":true,"href":"https:\/\/monditaly.com\/kauppa\/wp-json\/wp\/v2\/product_brand?post=6715"},{"taxonomy":"product_cat","embeddable":true,"href":"https:\/\/monditaly.com\/kauppa\/wp-json\/wp\/v2\/product_cat?post=6715"},{"taxonomy":"product_tag","embeddable":true,"href":"https:\/\/monditaly.com\/kauppa\/wp-json\/wp\/v2\/product_tag?post=6715"}],"curies":[{"name":"wp","href":"https:\/\/api.w.org\/{rel}","templated":true}]}}