{"id":674,"date":"2021-05-28T15:12:47","date_gmt":"2021-05-28T12:12:47","guid":{"rendered":"https:\/\/monditaly.com\/kauppa\/?post_type=product&#038;p=674"},"modified":"2025-03-07T11:56:04","modified_gmt":"2025-03-07T09:56:04","slug":"pasini-dusting-pizzajauho-10kg","status":"publish","type":"product","link":"https:\/\/monditaly.com\/kauppa\/tuote\/pasini-dusting-pizzajauho-10kg\/","title":{"rendered":"Pasini Dusting pizzajauho 10kg"},"content":{"rendered":"<h3>Ainesosat:<\/h3>\n<p>Durumvehn\u00e4jauho, vehn\u00e4jauho tyyppi 00. <strong>Sis\u00e4lt\u00e4\u00e4 gluteenia. <\/strong><\/p>\n<p>Durumvetemj\u00f6l, vetemj\u00f6l typ 00. <strong>Inneh\u00e5ller gluten.<\/strong><\/p>\n<h3>Ravintoarvot per 100g:<\/h3>\n<p>Energia 1533 kJ \/ 366 kcal<br \/>\nRasva \/ Fett 1,75 g josta tyydyttynytt\u00e4 \/ varav m\u00e4tt\u00e4de 0,4 g<br \/>\nHiilihydraatit \/ Kolhydrat 73,2 g joista sokereita \/ varav sockerarter 0,8 g<br \/>\nKuitu \/ Fiber 12,3 g<br \/>\nProteiini \/ Protein 2,5 g<br \/>\nSuola \/ Salt 0 g<\/p>\n","protected":false},"excerpt":{"rendered":"<p>Valmistettu jauhamalla EU:n alueelta per\u00e4isin olevia durumvehn\u00e4njyvi\u00e4. Pizzataikina ei j\u00e4\u00e4 kiinni ty\u00f6p\u00f6yt\u00e4\u00e4n. Tekee pizzalle rapeat reunukset.<\/p>\n<p>Dusting flour for pizza. The pizza dough does not stick to the work surface. Cooks to a golden, even and crispy pizza.<\/p>\n","protected":false},"featured_media":1326,"template":"","meta":[],"product_brand":[],"product_cat":[196,46,110,74,156],"product_tag":[118,80,180],"class_list":{"0":"post-674","1":"product","2":"type-product","3":"status-publish","4":"has-post-thumbnail","6":"product_cat-kilokauppa","7":"product_cat-teolliset_elintarvikkeet","8":"product_cat-horeca-teolliset-elintarvikkeet","9":"product_cat-kuivat-elintarvikkeet-horeca","10":"product_cat-jauhot-horeca","11":"product_tag-jauho","12":"product_tag-pizza","13":"product_tag-spolvero","14":"product_shipping_class-horeca","16":"first","17":"instock","18":"taxable","19":"shipping-taxable","20":"product-type-simple"},"_links":{"self":[{"href":"https:\/\/monditaly.com\/kauppa\/wp-json\/wp\/v2\/product\/674","targetHints":{"allow":["GET"]}}],"collection":[{"href":"https:\/\/monditaly.com\/kauppa\/wp-json\/wp\/v2\/product"}],"about":[{"href":"https:\/\/monditaly.com\/kauppa\/wp-json\/wp\/v2\/types\/product"}],"wp:featuredmedia":[{"embeddable":true,"href":"https:\/\/monditaly.com\/kauppa\/wp-json\/wp\/v2\/media\/1326"}],"wp:attachment":[{"href":"https:\/\/monditaly.com\/kauppa\/wp-json\/wp\/v2\/media?parent=674"}],"wp:term":[{"taxonomy":"product_brand","embeddable":true,"href":"https:\/\/monditaly.com\/kauppa\/wp-json\/wp\/v2\/product_brand?post=674"},{"taxonomy":"product_cat","embeddable":true,"href":"https:\/\/monditaly.com\/kauppa\/wp-json\/wp\/v2\/product_cat?post=674"},{"taxonomy":"product_tag","embeddable":true,"href":"https:\/\/monditaly.com\/kauppa\/wp-json\/wp\/v2\/product_tag?post=674"}],"curies":[{"name":"wp","href":"https:\/\/api.w.org\/{rel}","templated":true}]}}