{"id":675,"date":"2021-05-28T15:17:30","date_gmt":"2021-05-28T12:17:30","guid":{"rendered":"https:\/\/monditaly.com\/kauppa\/?post_type=product&#038;p=675"},"modified":"2025-03-07T11:59:01","modified_gmt":"2025-03-07T09:59:01","slug":"pasini-madre-acida-hapanjuuri-1kg","status":"publish","type":"product","link":"https:\/\/monditaly.com\/kauppa\/tuote\/pasini-madre-acida-hapanjuuri-1kg\/","title":{"rendered":"Pasini Madre Acida hapanjuuri 1kg"},"content":{"rendered":"<h3>Ainesosat \/ Ingredienser:<\/h3>\n<p>Kuivattu hapanjuuri vehn\u00e4jauhosta, deaktiivinen hiiva, aktiivinen kuivahiiva, entsyymit, jauhonparanne: E300.<\/p>\n<p>Torkad soursop fr\u00e5n vetemj\u00f6l, deaktiv j\u00e4st, aktiv torrj\u00e4st, enzymer, mj\u00f6lf\u00f6rb\u00e4ttrare: E300.<\/p>\n<h3>Ravintoarvot per 100g \/ N\u00e4ringsv\u00e4rde per 100g:<\/h3>\n<p>Energia \/ Energi 1503 kJ \/ 355 kcal<br \/>\nRasva \/ Fett 2,0 g<br \/>\njosta tyydyttyneit\u00e4 \/ varav m\u00e4ttade 0,4 g<br \/>\nHiilihydraatit \/ Kolhydrater 70,8 g<br \/>\njoista sokereita \/ varav sockerarter 0,5 g<br \/>\nProteiini \/ Protein 10,3 g<br \/>\nKuitu \/ Fiber 6,2 g<br \/>\nSuola \/ Salt 0 g<\/p>\n","protected":false},"excerpt":{"rendered":"<p>Vehn\u00e4st\u00e4 valmistettu hapanjuuri parantaa taikinan aromia, leivonta- ja nostatus-ominaisuuksia. Kuivattuna jauheena sek\u00e4 annostelu ett\u00e4 juuren s\u00e4ilytt\u00e4minen on helppoa. Lis\u00e4t\u00e4\u00e4n jauhoihin leivonnassa 2-3 % jauhojen kokonaism\u00e4\u00e4r\u00e4st\u00e4.<\/p>\n<p>Sourdough starter made from wheat improves the aroma, baking and rising properties of the dough. As a dried powder, both dosing and storing the root is easy. 2-3% of the total amount of flour is added to the flour when baking.<\/p>\n","protected":false},"featured_media":1256,"template":"","meta":[],"product_brand":[],"product_cat":[111,75,219,223],"product_tag":[118,80],"class_list":{"0":"post-675","1":"product","2":"type-product","3":"status-publish","4":"has-post-thumbnail","6":"product_cat-yksityisasiakkaat","7":"product_cat-kuivat-elintarvikkeet-yksityisasiakkaat","8":"product_cat-jauhot-yksityisasiakkaat","9":"product_cat-valmisteet-jauhe-yksityisasiakkaat","10":"product_tag-jauho","11":"product_tag-pizza","13":"first","14":"instock","15":"taxable","16":"shipping-taxable","17":"product-type-simple"},"_links":{"self":[{"href":"https:\/\/monditaly.com\/kauppa\/wp-json\/wp\/v2\/product\/675","targetHints":{"allow":["GET"]}}],"collection":[{"href":"https:\/\/monditaly.com\/kauppa\/wp-json\/wp\/v2\/product"}],"about":[{"href":"https:\/\/monditaly.com\/kauppa\/wp-json\/wp\/v2\/types\/product"}],"wp:featuredmedia":[{"embeddable":true,"href":"https:\/\/monditaly.com\/kauppa\/wp-json\/wp\/v2\/media\/1256"}],"wp:attachment":[{"href":"https:\/\/monditaly.com\/kauppa\/wp-json\/wp\/v2\/media?parent=675"}],"wp:term":[{"taxonomy":"product_brand","embeddable":true,"href":"https:\/\/monditaly.com\/kauppa\/wp-json\/wp\/v2\/product_brand?post=675"},{"taxonomy":"product_cat","embeddable":true,"href":"https:\/\/monditaly.com\/kauppa\/wp-json\/wp\/v2\/product_cat?post=675"},{"taxonomy":"product_tag","embeddable":true,"href":"https:\/\/monditaly.com\/kauppa\/wp-json\/wp\/v2\/product_tag?post=675"}],"curies":[{"name":"wp","href":"https:\/\/api.w.org\/{rel}","templated":true}]}}