{"id":678,"date":"2021-05-28T15:34:51","date_gmt":"2021-05-28T12:34:51","guid":{"rendered":"https:\/\/monditaly.com\/kauppa\/?post_type=product&#038;p=678"},"modified":"2025-03-07T10:47:42","modified_gmt":"2025-03-07T08:47:42","slug":"ibis-milano-siivutettu-salami-1ltk-500g-x-6kpl","status":"publish","type":"product","link":"https:\/\/monditaly.com\/kauppa\/tuote\/ibis-milano-siivutettu-salami-1ltk-500g-x-6kpl\/","title":{"rendered":"Ibis Milano siivutettu salami 1ltk (500g x 6 kpl)"},"content":{"rendered":"<h3>Ainesosat:<\/h3>\n<p>Sianliha, suola, dekstroosi, mausteet, aromi, happamuudens\u00e4\u00e4t\u00f6aine: E301; s\u00e4il\u00f6nt\u00e4aineet E250, E252. Laktoositon ja gluteeniton.<\/p>\n<p>Fl\u00e4skk\u00f6tt, salt, kryddor, dextros, aromer, antioxidationsmedel: natriumaskorbat (E301), konserveringsmedel: natriumnitrit (E250), kaliumnitrat (E252). Laktosfri och glutenfri.<\/p>\n<h3>Ravintoarvot per 100g:<\/h3>\n<p>Energia \/ Energi 1530 kJ \/ 369 kcal<br \/>\nRasva \/ Fett 31,0 g josta tyydyttynytt\u00e4 \/ varav m\u00e4ttade 11 g<br \/>\nHiilihydraatit \/ Kolhydrat 0,5 g joista sokereita \/ varav sockerarter 0,5 g<br \/>\nProteiini \/ Protein 22 g<br \/>\nKuitu \/ Fiber 0 g<br \/>\nSuola \/ Salt 3,9 g<br \/>\nNatrium<\/p>\n","protected":false},"excerpt":{"rendered":"<p><strong>Tuote myyd\u00e4\u00e4n myyntier\u00e4n\u00e4 1 ltk (6 kpl). \/ Sales unit 1 box (6 pcs).<\/strong><\/p>\n<p>Hienojauhettu Milanon salami tarkkaan valikoidusta lihasta. Valmistettu k\u00e4ytt\u00e4en perinteist\u00e4 resepti\u00e4 ja mausteita. Kuivumis- ja kypsymisperiodin j\u00e4lkeen kuorittu, siivutettu ja pakattu suojakaasuun. Ei sis\u00e4ll\u00e4 gluteenia, laktoosia tai maitoproteiinia.<\/p>\n","protected":false},"featured_media":1824,"template":"","meta":[],"product_brand":[],"product_cat":[36,163,165,252],"product_tag":[304,325,308,305,120],"class_list":{"0":"post-678","1":"product","2":"type-product","3":"status-publish","4":"has-post-thumbnail","6":"product_cat-viileat","7":"product_cat-viileat-horeca","8":"product_cat-lihat-horeca","9":"product_cat-siivutetut-salamit-ja-kinkut-horeca","10":"product_tag-gluteeniton","11":"product_tag-gluten-free","12":"product_tag-lactose-free","13":"product_tag-laktoositon","14":"product_tag-salami","15":"product_shipping_class-viileat-pakaste","17":"first","18":"instock","19":"taxable","20":"shipping-taxable","21":"product-type-simple"},"_links":{"self":[{"href":"https:\/\/monditaly.com\/kauppa\/wp-json\/wp\/v2\/product\/678","targetHints":{"allow":["GET"]}}],"collection":[{"href":"https:\/\/monditaly.com\/kauppa\/wp-json\/wp\/v2\/product"}],"about":[{"href":"https:\/\/monditaly.com\/kauppa\/wp-json\/wp\/v2\/types\/product"}],"wp:featuredmedia":[{"embeddable":true,"href":"https:\/\/monditaly.com\/kauppa\/wp-json\/wp\/v2\/media\/1824"}],"wp:attachment":[{"href":"https:\/\/monditaly.com\/kauppa\/wp-json\/wp\/v2\/media?parent=678"}],"wp:term":[{"taxonomy":"product_brand","embeddable":true,"href":"https:\/\/monditaly.com\/kauppa\/wp-json\/wp\/v2\/product_brand?post=678"},{"taxonomy":"product_cat","embeddable":true,"href":"https:\/\/monditaly.com\/kauppa\/wp-json\/wp\/v2\/product_cat?post=678"},{"taxonomy":"product_tag","embeddable":true,"href":"https:\/\/monditaly.com\/kauppa\/wp-json\/wp\/v2\/product_tag?post=678"}],"curies":[{"name":"wp","href":"https:\/\/api.w.org\/{rel}","templated":true}]}}