{"id":6801,"date":"2025-05-19T14:45:49","date_gmt":"2025-05-19T11:45:49","guid":{"rendered":"https:\/\/monditaly.com\/kauppa\/?post_type=product&#038;p=6801"},"modified":"2025-05-19T14:51:13","modified_gmt":"2025-05-19T11:51:13","slug":"cgm-friteerattu-valimeren-ayriaissekoitus-1-kg-pakaste","status":"publish","type":"product","link":"https:\/\/monditaly.com\/kauppa\/tuote\/cgm-friteerattu-valimeren-ayriaissekoitus-1-kg-pakaste\/","title":{"rendered":"CGM Friteerattu V\u00e4limeren \u00e4yri\u00e4issekoitus 3&#215;1 kg (pakaste)"},"content":{"rendered":"<h3>Ainesosat:<\/h3>\n<p class=\"p1\">Paneroidut kalmarirenkaat 70 % (Tyynenmeren kalmari 65 %, <i>Todarodes pacificus<\/i>, pyydetty Luoteis-Tyynelt\u00e4merelt\u00e4 FAO 61, durumvehn\u00e4semolina, auringonkukka\u00f6ljy, vehn\u00e4jauho tyyppi \u201d0\u201d 8 %, maissit\u00e4rkkelys, vehn\u00e4gluteeni, suola), j\u00e4ttikatkaravunpyrst\u00f6t 30 % (tropiikin j\u00e4ttikatkarapu 65 %, <i>Litopenaeus vannamei<\/i>, kasvatettu Vietnamissa\/Ecuadorissa (sis\u00e4lt\u00e4\u00e4 antioksidanttia: natriummetabisulfiitti), durumvehn\u00e4semolina, auringonkukka\u00f6ljy, vehn\u00e4jauho tyyppi \u201d0\u201d 8 %, maissit\u00e4rkkelys, vehn\u00e4gluteeni, suola).<\/p>\n<h3>Ingredienser:<\/h3>\n<p class=\"p1\">Panerade bl\u00e4ckfiskringar 70 % (Stillahavsbl\u00e4ckfisk 65 %, <i>Todarodes pacificus<\/i>, f\u00e5ngad i nordv\u00e4stra Stilla havet FAO 61, durumvetesemolina, solrosolja, VETEmj\u00f6l typ \u201d0\u201d 8 %, majsst\u00e4rkelse, VETEgluten, salt),<br \/>\nscampistj\u00e4rtar 30 % (tropisk j\u00e4tter\u00e4ka 65 %, <i>Litopenaeus vannamei<\/i>, odlad i Vietnam\/Ecuador (inneh\u00e5ller antioxidant: natriummetabisulfit), durumvetesemolina, solrosolja, VETEmj\u00f6l typ \u201d0\u201d 8 %, majsst\u00e4rkelse, VETEgluten, salt).<b><br \/>\n<\/b><\/p>\n<h3>Ravintoarvot per 100g:<\/h3>\n<p>Energia \/ Energi 1119 kJ \/ 268 kcal<br \/>\nRasva \/ Fett 16,9g, josta tyydyttynytt\u00e4 \/ varav m\u00e4ttade 5,3g<br \/>\nHiilihydraatit \/ Kolhydrater 14g, joista sokereita \/ varav sockerarter 1,9g<br \/>\nProteiini\/ Protein 14,6g<br \/>\nKuitu\/ Fiber 0,9g<br \/>\nSuola \/ Salt 0,31 g<\/p>\n","protected":false},"excerpt":{"rendered":"<p class=\"p1\">Esipaistettuna pakastetut herkulliset ravunpyrst\u00f6t ja mustekalan renkaat, jotka valmistuvat nopeasti rapeiksi uunissa, rasvakeittimess\u00e4 tai esimerkiksi air fryerissa. Sopivat hyvin my\u00f6s buffet-tarjoiluun.<\/p>\n<p>Delicious frozen pre-baked shrimp tails and calamari rings that quickly become crispy when cooked in the oven, deep fryer, or air fryer. Also well suited for buffet service.<\/p>\n","protected":false},"featured_media":6799,"template":"","meta":[],"product_brand":[],"product_cat":[61,171,172],"product_tag":[507,508,506,504],"class_list":{"0":"post-6801","1":"product","2":"type-product","3":"status-publish","4":"has-post-thumbnail","6":"product_cat-pakasteet","7":"product_cat-pakasteet-horeca","8":"product_cat-pakastepizzat-ja-suolaiset-horeca","9":"product_tag-ayriaiset","10":"product_tag-friteerattu","11":"product_tag-frittomisto","12":"product_tag-streetfood","13":"product_shipping_class-viileat-pakaste","15":"first","16":"instock","17":"taxable","18":"shipping-taxable","19":"product-type-simple"},"_links":{"self":[{"href":"https:\/\/monditaly.com\/kauppa\/wp-json\/wp\/v2\/product\/6801","targetHints":{"allow":["GET"]}}],"collection":[{"href":"https:\/\/monditaly.com\/kauppa\/wp-json\/wp\/v2\/product"}],"about":[{"href":"https:\/\/monditaly.com\/kauppa\/wp-json\/wp\/v2\/types\/product"}],"wp:featuredmedia":[{"embeddable":true,"href":"https:\/\/monditaly.com\/kauppa\/wp-json\/wp\/v2\/media\/6799"}],"wp:attachment":[{"href":"https:\/\/monditaly.com\/kauppa\/wp-json\/wp\/v2\/media?parent=6801"}],"wp:term":[{"taxonomy":"product_brand","embeddable":true,"href":"https:\/\/monditaly.com\/kauppa\/wp-json\/wp\/v2\/product_brand?post=6801"},{"taxonomy":"product_cat","embeddable":true,"href":"https:\/\/monditaly.com\/kauppa\/wp-json\/wp\/v2\/product_cat?post=6801"},{"taxonomy":"product_tag","embeddable":true,"href":"https:\/\/monditaly.com\/kauppa\/wp-json\/wp\/v2\/product_tag?post=6801"}],"curies":[{"name":"wp","href":"https:\/\/api.w.org\/{rel}","templated":true}]}}