{"id":6803,"date":"2025-05-19T14:59:20","date_gmt":"2025-05-19T11:59:20","guid":{"rendered":"https:\/\/monditaly.com\/kauppa\/?post_type=product&#038;p=6803"},"modified":"2025-05-19T15:19:01","modified_gmt":"2025-05-19T12:19:01","slug":"cgm-friteeratut-minimozzarellat-5-x-1kg-pakaste","status":"publish","type":"product","link":"https:\/\/monditaly.com\/kauppa\/tuote\/cgm-friteeratut-minimozzarellat-5-x-1kg-pakaste\/","title":{"rendered":"\u2028CGM Friteeratut minimozzarellat 5 x 1kg (pakaste)"},"content":{"rendered":"<h3>Ainesosat:<\/h3>\n<p class=\"p1\">Mozzarella 50\u202f% (maito, suola, mikrobiologinen juoksute, hapate), korppujauho (vehn\u00e4jauho tyyppi \u201d0\u201d, hiiva, suola, paprikajauhe, kurkumajauhe),vehn\u00e4jauho tyyppi \u201d0\u201d, auringonkukka\u00f6ljy, suola.<\/p>\n<h3>Ingredienser:<\/h3>\n<p class=\"p1\">Mozzarella 50\u202f% (mj\u00f6lk, salt, mikrobiellt l\u00f6pe, syrakultur),str\u00f6br\u00f6d (VETEmj\u00f6l typ \u201d0\u201d, j\u00e4st, salt, paprikapulver, gurkmejapulver), VETEmj\u00f6l typ \u201d0\u201d, solrosolja, salt.<\/p>\n<h3>Ravintoarvot per 100g:<\/h3>\n<p>Energia \/ Energi 1177 kJ \/ 282 kcal<br \/>\nRasva \/ Fett 16,8g, josta tyydyttynytt\u00e4 \/ varav m\u00e4ttade 7,22g<br \/>\nHiilihydraatit \/ Kolhydrater 23,1 g joista sokereita \/ varav sockerarter 4,05 g<br \/>\nProteiini\/ Protein 8,11g<br \/>\nKuitu\/ Fiber 1,4g<br \/>\nSuola \/ Salt 1,48 g<\/p>\n","protected":false},"excerpt":{"rendered":"<p class=\"p1\">Pakastetut, pienet mozzarellapallot ilman s\u00e4il\u00f6nt\u00e4aineita. Nopeat uppopaistaa tai valmistaa joko uunissa, pannulla tai air fryerissa, helppo tarjoilla ja herkulliset nauttia joko sellaisenaan tai osana buff\u00e9ta.<\/p>\n<p>Frozen mini mozzarella balls with no preservatives. Quick to deep-fry or prepare in the oven, in a pan, or in an air fryer. Easy to serve and delicious to enjoy either on their own or as part of a buffet.<\/p>\n","protected":false},"featured_media":6793,"template":"","meta":[],"product_brand":[],"product_cat":[61,171,172],"product_tag":[508,200,504],"class_list":{"0":"post-6803","1":"product","2":"type-product","3":"status-publish","4":"has-post-thumbnail","6":"product_cat-pakasteet","7":"product_cat-pakasteet-horeca","8":"product_cat-pakastepizzat-ja-suolaiset-horeca","9":"product_tag-friteerattu","10":"product_tag-mozzarella","11":"product_tag-streetfood","12":"product_shipping_class-viileat-pakaste","14":"first","15":"instock","16":"taxable","17":"shipping-taxable","18":"product-type-simple"},"_links":{"self":[{"href":"https:\/\/monditaly.com\/kauppa\/wp-json\/wp\/v2\/product\/6803","targetHints":{"allow":["GET"]}}],"collection":[{"href":"https:\/\/monditaly.com\/kauppa\/wp-json\/wp\/v2\/product"}],"about":[{"href":"https:\/\/monditaly.com\/kauppa\/wp-json\/wp\/v2\/types\/product"}],"wp:featuredmedia":[{"embeddable":true,"href":"https:\/\/monditaly.com\/kauppa\/wp-json\/wp\/v2\/media\/6793"}],"wp:attachment":[{"href":"https:\/\/monditaly.com\/kauppa\/wp-json\/wp\/v2\/media?parent=6803"}],"wp:term":[{"taxonomy":"product_brand","embeddable":true,"href":"https:\/\/monditaly.com\/kauppa\/wp-json\/wp\/v2\/product_brand?post=6803"},{"taxonomy":"product_cat","embeddable":true,"href":"https:\/\/monditaly.com\/kauppa\/wp-json\/wp\/v2\/product_cat?post=6803"},{"taxonomy":"product_tag","embeddable":true,"href":"https:\/\/monditaly.com\/kauppa\/wp-json\/wp\/v2\/product_tag?post=6803"}],"curies":[{"name":"wp","href":"https:\/\/api.w.org\/{rel}","templated":true}]}}