{"id":6804,"date":"2025-05-19T15:04:38","date_gmt":"2025-05-19T12:04:38","guid":{"rendered":"https:\/\/monditaly.com\/kauppa\/?post_type=product&#038;p=6804"},"modified":"2025-05-19T15:18:01","modified_gmt":"2025-05-19T12:18:01","slug":"cgm-friteeratut-tryffeli-minimozzarellat-5-x-1kg-pakaste","status":"publish","type":"product","link":"https:\/\/monditaly.com\/kauppa\/tuote\/cgm-friteeratut-tryffeli-minimozzarellat-5-x-1kg-pakaste\/","title":{"rendered":"\u2028CGM Friteeratut tryffeli-minimozzarellat 5 x 1kg (pakaste)"},"content":{"rendered":"<h3>Ainesosat:<\/h3>\n<p class=\"p1\">Mozzarella 50 % (maito, suola, kes\u00e4tryffeli (Tuber aestivum vitt) 0,2 %, aromi, mikrobiologinen juoksute, hapate, korppujauho (vehn\u00e4jauho, suola, kaakaojauhe, hiiva, paprikajauhe, kurkumajauhe, auringonkukansiemen\u00f6ljy), vehn\u00e4jauho, vesi, auringonkukansiemen\u00f6ljy.<\/p>\n<h3>Ingredienser:<\/h3>\n<p class=\"p1\">Mozzarella 50 % (mj\u00f6lk, salt, sommartryffel (Tuber aestivum vitt) 0,2 %, arom, mikrobiell l\u00f6pe, syrakultur), str\u00f6br\u00f6d (vetemj\u00f6l, salt, kakaopulver, j\u00e4st, paprikapulver, gurkmejapulver, solrosolja), vetemj\u00f6l, vatten, solrosolja.<\/p>\n<h3>Ravintoarvot per 100g:<\/h3>\n<p>Energia \/ Energi 1225 kJ \/ 292 kcal<br \/>\nRasva \/ Fett 12,6g, josta tyydyttynytt\u00e4 \/ varav m\u00e4ttade 5,95g<br \/>\nHiilihydraatit \/ Kolhydrater 31,9 g joista sokereita \/ varav sockerarter 1,9 g<br \/>\nProteiini\/ Protein 12,1g<br \/>\nKuitu\/ Fiber 1,3g<br \/>\nSuola \/ Salt 1,43 g<\/p>\n","protected":false},"excerpt":{"rendered":"<p class=\"p1\">Pakastetut, pienet mozzarellapallot ilman s\u00e4il\u00f6nt\u00e4aineita. Upean s\u00e4v\u00e4yksen makuun tuo tryffeli. Nopeat uppopaistaa tai valmistaa joko uunissa, pannulla tai air fryerissa, helppo tarjoilla ja herkulliset nauttia joko sellaisenaan tai osana buff\u00e9ta.<b><br \/>\n<\/b><\/p>\n<p>Frozen mini mozzarella balls with no preservatives. The flavor is elevated with a touch of truffle. Quick to deep-fry or prepare in the oven, in a pan, or in an air fryer. Easy to serve and delicious to enjoy either on their own or as part of a buffet.<\/p>\n","protected":false},"featured_media":6796,"template":"","meta":[],"product_brand":[],"product_cat":[61,171,172],"product_tag":[508,200,504,138,95],"class_list":{"0":"post-6804","1":"product","2":"type-product","3":"status-publish","4":"has-post-thumbnail","6":"product_cat-pakasteet","7":"product_cat-pakasteet-horeca","8":"product_cat-pakastepizzat-ja-suolaiset-horeca","9":"product_tag-friteerattu","10":"product_tag-mozzarella","11":"product_tag-streetfood","12":"product_tag-truffle","13":"product_tag-tryffeli","14":"product_shipping_class-viileat-pakaste","16":"first","17":"instock","18":"taxable","19":"shipping-taxable","20":"product-type-simple"},"_links":{"self":[{"href":"https:\/\/monditaly.com\/kauppa\/wp-json\/wp\/v2\/product\/6804","targetHints":{"allow":["GET"]}}],"collection":[{"href":"https:\/\/monditaly.com\/kauppa\/wp-json\/wp\/v2\/product"}],"about":[{"href":"https:\/\/monditaly.com\/kauppa\/wp-json\/wp\/v2\/types\/product"}],"wp:featuredmedia":[{"embeddable":true,"href":"https:\/\/monditaly.com\/kauppa\/wp-json\/wp\/v2\/media\/6796"}],"wp:attachment":[{"href":"https:\/\/monditaly.com\/kauppa\/wp-json\/wp\/v2\/media?parent=6804"}],"wp:term":[{"taxonomy":"product_brand","embeddable":true,"href":"https:\/\/monditaly.com\/kauppa\/wp-json\/wp\/v2\/product_brand?post=6804"},{"taxonomy":"product_cat","embeddable":true,"href":"https:\/\/monditaly.com\/kauppa\/wp-json\/wp\/v2\/product_cat?post=6804"},{"taxonomy":"product_tag","embeddable":true,"href":"https:\/\/monditaly.com\/kauppa\/wp-json\/wp\/v2\/product_tag?post=6804"}],"curies":[{"name":"wp","href":"https:\/\/api.w.org\/{rel}","templated":true}]}}