{"id":6805,"date":"2025-05-19T15:10:24","date_gmt":"2025-05-19T12:10:24","guid":{"rendered":"https:\/\/monditaly.com\/kauppa\/?post_type=product&#038;p=6805"},"modified":"2025-05-19T15:16:23","modified_gmt":"2025-05-19T12:16:23","slug":"cgm-tomaatti-mozzarella-panzerottipiiras-3x1kg-pakaste","status":"publish","type":"product","link":"https:\/\/monditaly.com\/kauppa\/tuote\/cgm-tomaatti-mozzarella-panzerottipiiras-3x1kg-pakaste\/","title":{"rendered":"\u2028CGM Tomaatti-mozzarella panzerottipiiras 3x1kg (pakaste)"},"content":{"rendered":"<h3>Ainesosat:<\/h3>\n<p class=\"p1\">VEHN\u00c4JAUHO, mozzarella 23,5 % (maito, suola, hapate, juoksute, perunat\u00e4rkkelys), tomaattipyree 16,8 %, vesi, ihra, auringonkukansiemen\u00f6ljy 1,7 %, suola, perunahiutaleet (peruna, emulgointiaineet: mono- ja diglyseridit rasvahapoista), raastettu juusto (maito, suola, juoksute), hiiva, mono- ja diglyseridit rasvahapoista, sokeri, puolivalmis aktivaattori leiv\u00e4lle ja kohotetuille tuotteille (vehn\u00e4jauho, diglyseridit rasvahapoista), esigeeliytetty maissit\u00e4rkkelys, oregano, basilika, pippuri. Tuote on paistettu auringonkukansiemen\u00f6ljyss\u00e4.<\/p>\n<h3>Ingredienser:<\/h3>\n<p class=\"p1\">VETEMJ\u00d6L, mozzarella 23,5 % (mj\u00f6lk, salt, syrakultur, l\u00f6pe, potatisst\u00e4rkelse), tomatpur\u00e9 16,8 %, vatten, ister, solrosolja 1,7 %, salt, potatisflingor (potatis, emulgeringsmedel: mono- och diglycerider av fettsyror), riven ost (mj\u00f6lk, salt, l\u00f6pe), j\u00e4st, mono- och diglycerider av fettsyror, socker, halvfabrikat f\u00f6r aktivering av br\u00f6d och j\u00e4sta produkter (vetemj\u00f6l, diglycerider av fettsyror), f\u00f6rgelatiniserad majsst\u00e4rkelse, oregano, basilika, peppar. Produkten \u00e4r friterad i solrosolja.<\/p>\n<h3>Ravintoarvot per 100g:<\/h3>\n<p>Energia \/ Energi 1286 kJ \/ 307 kcal<br \/>\nRasva \/ Fett 12g, josta tyydyttynytt\u00e4 \/ varav m\u00e4ttade 4,6g<br \/>\nHiilihydraatit \/ Kolhydrater 41g joista sokereita \/ varav sockerarter 9,5 g<br \/>\nProteiini\/ Protein 9,3g<br \/>\nKuitu\/ Fiber 1,8g<br \/>\nSuola \/ Salt 0,9 g<\/p>\n","protected":false},"excerpt":{"rendered":"<p class=\"p1\">Pakastetut, nopeasti uunissa, rasvakeittimess\u00e4 tai mikrossa tarjoiluvalmiiksi valmistuvat minipiiraat tomaatti-mozzarellat\u00e4ytteell\u00e4.<\/p>\n<p>Frozen mini pies with a tomato and mozzarella filling, quickly ready to serve when prepared in the oven, deep fryer, or microwave.<\/p>\n","protected":false},"featured_media":6797,"template":"","meta":[],"product_brand":[],"product_cat":[61,171,172],"product_tag":[200,510,511,504,98],"class_list":{"0":"post-6805","1":"product","2":"type-product","3":"status-publish","4":"has-post-thumbnail","6":"product_cat-pakasteet","7":"product_cat-pakasteet-horeca","8":"product_cat-pakastepizzat-ja-suolaiset-horeca","9":"product_tag-mozzarella","10":"product_tag-panzerotti","11":"product_tag-piiras","12":"product_tag-streetfood","13":"product_tag-tomaatti","14":"product_shipping_class-viileat-pakaste","16":"first","17":"instock","18":"taxable","19":"shipping-taxable","20":"product-type-simple"},"_links":{"self":[{"href":"https:\/\/monditaly.com\/kauppa\/wp-json\/wp\/v2\/product\/6805","targetHints":{"allow":["GET"]}}],"collection":[{"href":"https:\/\/monditaly.com\/kauppa\/wp-json\/wp\/v2\/product"}],"about":[{"href":"https:\/\/monditaly.com\/kauppa\/wp-json\/wp\/v2\/types\/product"}],"wp:featuredmedia":[{"embeddable":true,"href":"https:\/\/monditaly.com\/kauppa\/wp-json\/wp\/v2\/media\/6797"}],"wp:attachment":[{"href":"https:\/\/monditaly.com\/kauppa\/wp-json\/wp\/v2\/media?parent=6805"}],"wp:term":[{"taxonomy":"product_brand","embeddable":true,"href":"https:\/\/monditaly.com\/kauppa\/wp-json\/wp\/v2\/product_brand?post=6805"},{"taxonomy":"product_cat","embeddable":true,"href":"https:\/\/monditaly.com\/kauppa\/wp-json\/wp\/v2\/product_cat?post=6805"},{"taxonomy":"product_tag","embeddable":true,"href":"https:\/\/monditaly.com\/kauppa\/wp-json\/wp\/v2\/product_tag?post=6805"}],"curies":[{"name":"wp","href":"https:\/\/api.w.org\/{rel}","templated":true}]}}