{"id":6821,"date":"2025-05-19T15:23:12","date_gmt":"2025-05-19T12:23:12","guid":{"rendered":"https:\/\/monditaly.com\/kauppa\/?post_type=product&#038;p=6821"},"modified":"2025-05-19T15:30:56","modified_gmt":"2025-05-19T12:30:56","slug":"vanilja-multicream-jaatelovalmiste-20x800g","status":"publish","type":"product","link":"https:\/\/monditaly.com\/kauppa\/tuote\/vanilja-multicream-jaatelovalmiste-20x800g\/","title":{"rendered":"Vanilja Multicream j\u00e4\u00e4tel\u00f6valmiste 20x800g"},"content":{"rendered":"<h3>Ainesosat:<\/h3>\n<h3>Ingredienser:<\/h3>\n<h3>Ravintoarvot per 100g:<\/h3>\n<p>Energia \/ Energi kJ \/\u00a0 kcal<br \/>\nRasva \/ Fett , josta tyydyttynytt\u00e4 \/ varav m\u00e4ttade<br \/>\nHiilihydraatit \/ Kolhydrater\u00a0 joista sokereita \/ varav sockerarter<br \/>\nProteiini\/ Protein<br \/>\nKuitu\/ Fiber<br \/>\nSuola \/ Salt<\/p>\n","protected":false},"excerpt":{"rendered":"<p class=\"p1\">Helppo jauhemainen j\u00e4\u00e4tel\u00f6valmiste, josta valmistat j\u00e4\u00e4tel\u00f6koneessa hetkess\u00e4 vaniljapehmist\u00e4 lis\u00e4\u00e4m\u00e4ll\u00e4 joukkoon maitoa.<br \/>\nKysy tarvittaessa lis\u00e4\u00e4 my\u00f6s j\u00e4\u00e4tel\u00f6koneistamme.<\/p>\n<p>An easy powdered ice cream mix that lets you make vanilla soft ice in no time using an ice cream machine\u2014just add milk.<br data-start=\"154\" data-end=\"157\" \/>Feel free to ask us for more information about our ice cream machines as well.<\/p>\n","protected":false},"featured_media":6808,"template":"","meta":[],"product_brand":[],"product_cat":[61,171,266],"product_tag":[512,514,515,513],"class_list":{"0":"post-6821","1":"product","2":"type-product","3":"status-publish","4":"has-post-thumbnail","6":"product_cat-pakasteet","7":"product_cat-pakasteet-horeca","8":"product_cat-jaatelot-horeca","9":"product_tag-jaatelo","10":"product_tag-jaatelovalmiste","11":"product_tag-jauhe","12":"product_tag-vanilja","13":"product_shipping_class-viileat-pakaste","15":"first","16":"instock","17":"taxable","18":"shipping-taxable","19":"product-type-simple"},"_links":{"self":[{"href":"https:\/\/monditaly.com\/kauppa\/wp-json\/wp\/v2\/product\/6821","targetHints":{"allow":["GET"]}}],"collection":[{"href":"https:\/\/monditaly.com\/kauppa\/wp-json\/wp\/v2\/product"}],"about":[{"href":"https:\/\/monditaly.com\/kauppa\/wp-json\/wp\/v2\/types\/product"}],"wp:featuredmedia":[{"embeddable":true,"href":"https:\/\/monditaly.com\/kauppa\/wp-json\/wp\/v2\/media\/6808"}],"wp:attachment":[{"href":"https:\/\/monditaly.com\/kauppa\/wp-json\/wp\/v2\/media?parent=6821"}],"wp:term":[{"taxonomy":"product_brand","embeddable":true,"href":"https:\/\/monditaly.com\/kauppa\/wp-json\/wp\/v2\/product_brand?post=6821"},{"taxonomy":"product_cat","embeddable":true,"href":"https:\/\/monditaly.com\/kauppa\/wp-json\/wp\/v2\/product_cat?post=6821"},{"taxonomy":"product_tag","embeddable":true,"href":"https:\/\/monditaly.com\/kauppa\/wp-json\/wp\/v2\/product_tag?post=6821"}],"curies":[{"name":"wp","href":"https:\/\/api.w.org\/{rel}","templated":true}]}}