{"id":6824,"date":"2025-05-19T15:34:33","date_gmt":"2025-05-19T12:34:33","guid":{"rendered":"https:\/\/monditaly.com\/kauppa\/?post_type=product&#038;p=6824"},"modified":"2025-05-19T15:39:20","modified_gmt":"2025-05-19T12:39:20","slug":"sorbettivalmiste-neutral-20-x-900g","status":"publish","type":"product","link":"https:\/\/monditaly.com\/kauppa\/tuote\/sorbettivalmiste-neutral-20-x-900g\/","title":{"rendered":"Sorbettivalmiste Neutral 20 x 900g\u2028"},"content":{"rendered":"<h3>Ainesosat:<\/h3>\n<h3>Ingredienser:<\/h3>\n<h3>Ravintoarvot per 100g:<\/h3>\n<p>Energia \/ Energi kJ \/\u00a0 kcal<br \/>\nRasva \/ Fett , josta tyydyttynytt\u00e4 \/ varav m\u00e4ttade<br \/>\nHiilihydraatit \/ Kolhydrater\u00a0 joista sokereita \/ varav sockerarter<br \/>\nProteiini\/ Protein<br \/>\nKuitu\/ Fiber<br \/>\nSuola \/ Salt<\/p>\n","protected":false},"excerpt":{"rendered":"<p class=\"p1\">K\u00e4tev\u00e4 neutraali sorbettipohja, joka valmistuu nopeasti ilman kallista laitteistoa. Sorbetin voi maustaa suoraan vaikka tarjoilulasissa lis\u00e4\u00e4m\u00e4ll\u00e4 siihen halutun makuaineen.<\/p>\n<p>Easy-to-use neutral sorbet base that can be prepared quickly without expensive equipment. The sorbet can be flavored directly, even in the serving glass, by simply adding the desired flavoring.<\/p>\n","protected":false},"featured_media":6817,"template":"","meta":[],"product_brand":[],"product_cat":[61,171,266],"product_tag":[512,514,515,518,517,519],"class_list":{"0":"post-6824","1":"product","2":"type-product","3":"status-publish","4":"has-post-thumbnail","6":"product_cat-pakasteet","7":"product_cat-pakasteet-horeca","8":"product_cat-jaatelot-horeca","9":"product_tag-jaatelo","10":"product_tag-jaatelovalmiste","11":"product_tag-jauhe","12":"product_tag-neutral","13":"product_tag-sorbetti","14":"product_tag-sorbettivalmiste","15":"product_shipping_class-viileat-pakaste","17":"first","18":"instock","19":"taxable","20":"shipping-taxable","21":"product-type-simple"},"_links":{"self":[{"href":"https:\/\/monditaly.com\/kauppa\/wp-json\/wp\/v2\/product\/6824","targetHints":{"allow":["GET"]}}],"collection":[{"href":"https:\/\/monditaly.com\/kauppa\/wp-json\/wp\/v2\/product"}],"about":[{"href":"https:\/\/monditaly.com\/kauppa\/wp-json\/wp\/v2\/types\/product"}],"wp:featuredmedia":[{"embeddable":true,"href":"https:\/\/monditaly.com\/kauppa\/wp-json\/wp\/v2\/media\/6817"}],"wp:attachment":[{"href":"https:\/\/monditaly.com\/kauppa\/wp-json\/wp\/v2\/media?parent=6824"}],"wp:term":[{"taxonomy":"product_brand","embeddable":true,"href":"https:\/\/monditaly.com\/kauppa\/wp-json\/wp\/v2\/product_brand?post=6824"},{"taxonomy":"product_cat","embeddable":true,"href":"https:\/\/monditaly.com\/kauppa\/wp-json\/wp\/v2\/product_cat?post=6824"},{"taxonomy":"product_tag","embeddable":true,"href":"https:\/\/monditaly.com\/kauppa\/wp-json\/wp\/v2\/product_tag?post=6824"}],"curies":[{"name":"wp","href":"https:\/\/api.w.org\/{rel}","templated":true}]}}