{"id":6826,"date":"2025-05-19T15:52:38","date_gmt":"2025-05-19T12:52:38","guid":{"rendered":"https:\/\/monditaly.com\/kauppa\/?post_type=product&#038;p=6826"},"modified":"2025-07-28T15:20:33","modified_gmt":"2025-07-28T12:20:33","slug":"oberto-fassona-tuoremakkara-1-kg","status":"publish","type":"product","link":"https:\/\/monditaly.com\/kauppa\/tuote\/oberto-fassona-tuoremakkara-1-kg\/","title":{"rendered":"Oberto Fassona tuoremakkara 1 kg"},"content":{"rendered":"<h3>Ainesosat \/ Ingredienser:<\/h3>\n<p class=\"p1\">Piemontenkarjan naudanliha (80 %), vesi, suola, kasvikuituja (sitrus\u2013juurikassikuri\u2013palkokasvit\u2013porkkana\u2013punajuuri), luonnolliset aromit, happamuudens\u00e4\u00e4t\u00f6aineet (E262 natriumasetaatti, E331 natriumsitraatti), aromit, dekstroosi, antioksidantit (E300 askorbiinihappo, E301 natriumaskorbaatti), mausteet. Saattaa sis\u00e4lt\u00e4\u00e4 MAITOA ja KANANMUNAA.<\/p>\n<p>N\u00f6tk\u00f6tt av piemontesisk ras (80 %), vatten, salt, v\u00e4xtfibrer (citrus\u2013cikoria\u2013baljv\u00e4xter\u2013mor\u00f6tter\u2013r\u00f6dbetor), naturliga aromer, surhetsreglerande medel (E262 natriumacetat, E331 natriumcitrat), aromer, dextros, antioxidanter (E300 askorbinsyra, E301 natriumaskorbat), kryddor. Kan inneh\u00e5lla MJ\u00d6LK och \u00c4GG.<\/p>\n<h3>Ravintoarvot per 100g \/ N\u00e4ringsv\u00e4rde per 100g:<\/h3>\n<p class=\"p2\">Energia\/ energi 174 kcal\/ 723 kJ<\/p>\n<p class=\"p2\">Rasvat\/Fett 11,8g, joista saturoituja\/ varav m\u00e4ttade 4,9g<\/p>\n<p class=\"p2\">Hiilihydraatit\/ Kolhydrater &lt;0,1, joista sokereita\/ varav sockerarter\u00a0&lt;0,1<\/p>\n<p class=\"p2\">Proteiini\/ Protein 16,6g<\/p>\n<p class=\"p2\">Suola\/ Salt 1,8g<\/p>\n","protected":false},"excerpt":{"rendered":"<p class=\"p1\">Tuore raakamakkara, jonka p\u00e4\u00e4ainesosana on piemontelainen Fassona-naudanliha (80\u202f%) \u2013 kevyt, hienostunut ja eritt\u00e4in maukas vaihtoehto perinteiselle makkaralle. Soveltuu grillaukseen, paistamiseen tai pastaruoan tekoon. Tuoretuotteena myyd\u00e4\u00e4n vakuumipakkauksessa.<\/p>\n<p class=\"p1\">F\u00e4rsk, italiensk Fassona-korv med h\u00f6g andel piemontesisk n\u00f6tk\u00f6tt (80\u202f%) \u2013 smakrik men mild korv, idealisk f\u00f6r grill, stekning eller som smaks\u00e4ttare i pastar\u00e4tter. F\u00f6rpackad vakuumf\u00f6rpackat (~1\u202fkg).<\/p>\n<p>Fresh Fassona sausage made with Piedmontese Fassona beef (80%) \u2013 flavorful yet delicate, ideal for grilling, frying, or enhancing pasta dishes. Sold vacuum sealed (~1\u202fkg).<\/p>\n","protected":false},"featured_media":6832,"template":"","meta":[],"product_brand":[],"product_cat":[196,36,163,165,166],"product_tag":[520,521,351,350],"class_list":{"0":"post-6826","1":"product","2":"type-product","3":"status-publish","4":"has-post-thumbnail","6":"product_cat-kilokauppa","7":"product_cat-viileat","8":"product_cat-viileat-horeca","9":"product_cat-lihat-horeca","10":"product_cat-salamit-ja-kinkut-horeca","11":"product_tag-fassona","12":"product_tag-oberto","13":"product_tag-salsiccia","14":"product_tag-tuoremakkara","15":"product_shipping_class-viileat-pakaste","17":"first","18":"onbackorder","19":"taxable","20":"shipping-taxable","21":"product-type-simple"},"_links":{"self":[{"href":"https:\/\/monditaly.com\/kauppa\/wp-json\/wp\/v2\/product\/6826","targetHints":{"allow":["GET"]}}],"collection":[{"href":"https:\/\/monditaly.com\/kauppa\/wp-json\/wp\/v2\/product"}],"about":[{"href":"https:\/\/monditaly.com\/kauppa\/wp-json\/wp\/v2\/types\/product"}],"wp:featuredmedia":[{"embeddable":true,"href":"https:\/\/monditaly.com\/kauppa\/wp-json\/wp\/v2\/media\/6832"}],"wp:attachment":[{"href":"https:\/\/monditaly.com\/kauppa\/wp-json\/wp\/v2\/media?parent=6826"}],"wp:term":[{"taxonomy":"product_brand","embeddable":true,"href":"https:\/\/monditaly.com\/kauppa\/wp-json\/wp\/v2\/product_brand?post=6826"},{"taxonomy":"product_cat","embeddable":true,"href":"https:\/\/monditaly.com\/kauppa\/wp-json\/wp\/v2\/product_cat?post=6826"},{"taxonomy":"product_tag","embeddable":true,"href":"https:\/\/monditaly.com\/kauppa\/wp-json\/wp\/v2\/product_tag?post=6826"}],"curies":[{"name":"wp","href":"https:\/\/api.w.org\/{rel}","templated":true}]}}