{"id":684,"date":"2021-05-31T09:18:50","date_gmt":"2021-05-31T06:18:50","guid":{"rendered":"https:\/\/monditaly.com\/kauppa\/?post_type=product&#038;p=684"},"modified":"2024-08-09T19:52:37","modified_gmt":"2024-08-09T16:52:37","slug":"ibis-ventricina-siivutettu-salami-1ltk-500g-x-6kpl","status":"publish","type":"product","link":"https:\/\/monditaly.com\/kauppa\/tuote\/ibis-ventricina-siivutettu-salami-1ltk-500g-x-6kpl\/","title":{"rendered":"Ibis Ventricina siivutettu salami 1ltk (500g x 6 kpl)"},"content":{"rendered":"<h3>Ainesosat:<\/h3>\n<p>Sianliha, suola, mausteet, dekstroosi, makuaineet, hapettumisenestoaine: natriumaskorbaatti (E301), s\u00e4il\u00f6nt\u00e4aineet: natriumnitriitti (E250), kaliumnitraatti (E252). Laktoositon ja gluteeniton.<\/p>\n<p>Fl\u00e4skk\u00f6tt, salt, kryddor, dextros, aromer, antioxidationsmedel: natriumaskorbat (E301), konserveringsmedel: natriumnitrit (E250), kaliumnitrat (E252). Laktosfri och glutenfri.<\/p>\n<h3>Ravintoarvot per 100g:<\/h3>\n<p>100 g valmistamiseen on k\u00e4ytetty 135 g sianlihaa.<br \/>\nEnergia \/ Energia 1715 kJ \/ 414 Kcal<br \/>\nRasva \/ Fett 36,0 g josta tyydyttynytt\u00e4 \/ varav m\u00e4ttade 8,9 g<br \/>\nHiilihydraatit \/ Kolhydrat 0,5 g joista sokereita \/ varav sockerarter 0,5 g<br \/>\nProteiini \/ Protein 22,0 g<br \/>\nKuitu \/ Fiber 0,0 g<br \/>\nSuola \/ Salt 4,10 g<br \/>\nNatrium<\/p>\n","protected":false},"excerpt":{"rendered":"<p><strong>Tuote myyd\u00e4\u00e4n myyntier\u00e4n\u00e4 1 ltk (6 kpl). \/ Sales unit 1 box (6 pcs).<\/strong><\/p>\n<p>Karkeasti jauhettu Ventricina-salami on valmistettu italialaisten perinteiden mukaan. Valikoitu liha jauhetaan ja sekoitetaan suolan ja mausteiden kanssa. Seos laitetaan lieri\u00f6muottiin ja leikataan. Kypsytt\u00e4misen j\u00e4lkeen tuote muotoillaan, kuoritaan ja siivutetaan. Pakattu MAP-rasiaan.<\/p>\n","protected":false},"featured_media":1485,"template":"","meta":[],"product_brand":[],"product_cat":[36,163,165,252],"product_tag":[304,325,308,305,120],"class_list":{"0":"post-684","1":"product","2":"type-product","3":"status-publish","4":"has-post-thumbnail","6":"product_cat-viileat","7":"product_cat-viileat-horeca","8":"product_cat-lihat-horeca","9":"product_cat-siivutetut-salamit-ja-kinkut-horeca","10":"product_tag-gluteeniton","11":"product_tag-gluten-free","12":"product_tag-lactose-free","13":"product_tag-laktoositon","14":"product_tag-salami","15":"product_shipping_class-viileat-pakaste","17":"first","18":"instock","19":"taxable","20":"shipping-taxable","21":"product-type-simple"},"_links":{"self":[{"href":"https:\/\/monditaly.com\/kauppa\/wp-json\/wp\/v2\/product\/684","targetHints":{"allow":["GET"]}}],"collection":[{"href":"https:\/\/monditaly.com\/kauppa\/wp-json\/wp\/v2\/product"}],"about":[{"href":"https:\/\/monditaly.com\/kauppa\/wp-json\/wp\/v2\/types\/product"}],"wp:featuredmedia":[{"embeddable":true,"href":"https:\/\/monditaly.com\/kauppa\/wp-json\/wp\/v2\/media\/1485"}],"wp:attachment":[{"href":"https:\/\/monditaly.com\/kauppa\/wp-json\/wp\/v2\/media?parent=684"}],"wp:term":[{"taxonomy":"product_brand","embeddable":true,"href":"https:\/\/monditaly.com\/kauppa\/wp-json\/wp\/v2\/product_brand?post=684"},{"taxonomy":"product_cat","embeddable":true,"href":"https:\/\/monditaly.com\/kauppa\/wp-json\/wp\/v2\/product_cat?post=684"},{"taxonomy":"product_tag","embeddable":true,"href":"https:\/\/monditaly.com\/kauppa\/wp-json\/wp\/v2\/product_tag?post=684"}],"curies":[{"name":"wp","href":"https:\/\/api.w.org\/{rel}","templated":true}]}}