{"id":6848,"date":"2025-05-20T16:06:22","date_gmt":"2025-05-20T13:06:22","guid":{"rendered":"https:\/\/monditaly.com\/kauppa\/?post_type=product&#038;p=6848"},"modified":"2026-01-02T11:33:06","modified_gmt":"2026-01-02T09:33:06","slug":"tenuta-carretta-alta-langa-docg-brut-airali-6x075l","status":"publish","type":"product","link":"https:\/\/monditaly.com\/kauppa\/tuote\/tenuta-carretta-alta-langa-docg-brut-airali-6x075l\/","title":{"rendered":"Tenuta Carretta Alta Langa DOCG Brut Airali (6&#215;0,75l)"},"content":{"rendered":"<p>Maa: Italia<br \/>\nAlue: Piemonte, Airali<br \/>\nViinityyppi: Kuohuviini, metodo classico<br \/>\nPullokoko: 0,75 l<br \/>\nRyp\u00e4leet: Pinot Noir, Chardonnay<br \/>\nSokerit: 4,5 g\/l<br \/>\nTarjoilu: 8-10\u00b0C<\/p>\n<p>Profiili: Lasissa v\u00e4ri on voimakas keltainen kullanhohtoisin vivahtein ja hieno, kest\u00e4v\u00e4 kuohu. Tuoksu on tyypillinen ja voimakas, jossa on selvi\u00e4 leiv\u00e4n kuoren, p\u00e4hkin\u00f6iden, kuivattujen viikunoiden ja hunajan aromeja. Maku on pehme\u00e4 ja maukas \u2013 miellytt\u00e4v\u00e4, harmoninen ja rakenteeltaan erinomainen.<\/p>\n<p class=\"p1\">Suositellut ruokaparit:<br \/>\nT\u00e4ydellinen aperitiiviksi, ja sopii hyvin yhteen kalaruokien, pastan, risoton ja tuoreiden juustojen kanssa.<\/p>\n<p class=\"p1\">Sensory profile: in the glass the colour is an intense yellow with golden highlights and a fine, persistent p\u00e9rlage. The aroma is typical and intense, with marked notes of bread crust, nuts, dried figs and honey. On the palate it is soft and savoury, agreeable, harmonious, with excellent structure. Suggested pairings: Ideal as an aperitif, it goes well with fish dishes, pasta, risotto and fresh cheeses.<\/p>\n","protected":false},"excerpt":{"rendered":"<p class=\"p1\">Sertifioitu alkuper\u00e4, rajoitettu tuotanto ja k\u00e4sin poimittujen ryp\u00e4leiden k\u00e4ytt\u00f6 tekev\u00e4t Alta Langasta ainutlaatuisen, korkealaatuisen artesaanikuohuviinin. Tuotannossa halutaan vaalia aina kunkin sadon persoonallisuutta. T\u00e4m\u00e4n vuoksi Alta Langa tunnetaan \u201cmillesimato\u201d-kuohuviinin\u00e4 eli valmistettuna yhdest\u00e4 sadosta per\u00e4isin olevista ryp\u00e4leist\u00e4 ja etiketiss\u00e4 ilmoitetaan tuotantovuosi. V\u00e4hint\u00e4\u00e4n 36 kuukauden pullokypsymisen tuloksena syntyy tyylik\u00e4s, monivivahteinen ja miellytt\u00e4v\u00e4n kuiva viini, jossa on hienot, pitk\u00e4\u00e4n s\u00e4ilyv\u00e4t kuplat.<\/p>\n","protected":false},"featured_media":6850,"template":"","meta":[],"product_brand":[],"product_cat":[23,294,355],"product_tag":[524,523,375,463,399,526,525,522],"class_list":{"0":"post-6848","1":"product","2":"type-product","3":"status-publish","4":"has-post-thumbnail","6":"product_cat-juomat","7":"product_cat-juomat-horeca","8":"product_cat-kuohuviinit-samppanjat","9":"product_tag-airali","10":"product_tag-altalanga","11":"product_tag-brut","12":"product_tag-chardonnay","13":"product_tag-kuohuviini","14":"product_tag-pinotnoir","15":"product_tag-spumante","16":"product_tag-tenutacarretta","17":"product_shipping_class-horeca","19":"first","20":"instock","21":"taxable","22":"shipping-taxable","23":"product-type-simple"},"_links":{"self":[{"href":"https:\/\/monditaly.com\/kauppa\/wp-json\/wp\/v2\/product\/6848","targetHints":{"allow":["GET"]}}],"collection":[{"href":"https:\/\/monditaly.com\/kauppa\/wp-json\/wp\/v2\/product"}],"about":[{"href":"https:\/\/monditaly.com\/kauppa\/wp-json\/wp\/v2\/types\/product"}],"wp:featuredmedia":[{"embeddable":true,"href":"https:\/\/monditaly.com\/kauppa\/wp-json\/wp\/v2\/media\/6850"}],"wp:attachment":[{"href":"https:\/\/monditaly.com\/kauppa\/wp-json\/wp\/v2\/media?parent=6848"}],"wp:term":[{"taxonomy":"product_brand","embeddable":true,"href":"https:\/\/monditaly.com\/kauppa\/wp-json\/wp\/v2\/product_brand?post=6848"},{"taxonomy":"product_cat","embeddable":true,"href":"https:\/\/monditaly.com\/kauppa\/wp-json\/wp\/v2\/product_cat?post=6848"},{"taxonomy":"product_tag","embeddable":true,"href":"https:\/\/monditaly.com\/kauppa\/wp-json\/wp\/v2\/product_tag?post=6848"}],"curies":[{"name":"wp","href":"https:\/\/api.w.org\/{rel}","templated":true}]}}