{"id":6856,"date":"2025-05-21T11:22:06","date_gmt":"2025-05-21T08:22:06","guid":{"rendered":"https:\/\/monditaly.com\/kauppa\/?post_type=product&#038;p=6856"},"modified":"2025-05-21T13:07:55","modified_gmt":"2025-05-21T10:07:55","slug":"amarcord-lager-chiara-033l-x-12","status":"publish","type":"product","link":"https:\/\/monditaly.com\/kauppa\/tuote\/amarcord-lager-chiara-033l-x-12\/","title":{"rendered":"Amarcord Lager Chiara 0,33l x 12"},"content":{"rendered":"<h2>Ainesosat\/ Ingredienser:<\/h2>\n<p>Vesi, ohramallas, humala\/ Vatten, kornmalt, humle<\/p>\n<p class=\"p1\">5,2 % Vol<br \/>\nTyyppi: Lager<br \/>\nV\u00e4ri: Kultainen<br \/>\nIBU: 19<br \/>\nTarjoilul\u00e4mp\u00f6tila: 5-6\u00b0C<\/p>\n","protected":false},"excerpt":{"rendered":"<p class=\"p1\">T\u00e4ydellinen aperitiiviksi. Ihanteellinen mietojen pizzojen, vaalean lihan, leikkeleiden sek\u00e4 tuoreiden tai keski-ik\u00e4isten juustojen kanssa.<\/p>\n<p class=\"p1\">Kirkas kultainen v\u00e4ri; hieno, tiivis ja melko kest\u00e4v\u00e4 valkoinen vaahto. Maku on puhdas ja hyvin tasapainotettu, maltainen makeus h\u00e4iv\u00e4ht\u00e4\u00e4 kevyesti.<br \/>\nTarkimmat makunystyr\u00e4t erottavat ohran maun ja hunajaisen yrttisen vivahteen; raikas ja hyvin maltillinen katkeruus.<\/p>\n<p class=\"p1\">Perfect for an aperitif, great at any time of day. Ideal with delicate pizzas, white meat, cold cuts and fresh or medium-mature cheeses.<\/p>\n<p class=\"p1\">Bright golden colour; fine, compact, fairly consistent white head. It has a clean, well balanced flavour with a hint of malty sweetness.<br \/>\nThe most discerning palates will recognise the taste of barley and a honeyed herbal caress; everyone will appreciate its freshness and its very restrained bitterness.<\/p>\n","protected":false},"featured_media":6861,"template":"","meta":[],"product_brand":[],"product_cat":[23,294,363],"product_tag":[528,364,529,365,366],"class_list":{"0":"post-6856","1":"product","2":"type-product","3":"status-publish","4":"has-post-thumbnail","6":"product_cat-juomat","7":"product_cat-juomat-horeca","8":"product_cat-oluet-juomat-horeca","9":"product_tag-amarcord","10":"product_tag-beer","11":"product_tag-lager","12":"product_tag-olut","13":"product_tag-pizzaolut","14":"product_shipping_class-horeca","16":"first","17":"instock","18":"taxable","19":"shipping-taxable","20":"product-type-simple"},"_links":{"self":[{"href":"https:\/\/monditaly.com\/kauppa\/wp-json\/wp\/v2\/product\/6856","targetHints":{"allow":["GET"]}}],"collection":[{"href":"https:\/\/monditaly.com\/kauppa\/wp-json\/wp\/v2\/product"}],"about":[{"href":"https:\/\/monditaly.com\/kauppa\/wp-json\/wp\/v2\/types\/product"}],"wp:featuredmedia":[{"embeddable":true,"href":"https:\/\/monditaly.com\/kauppa\/wp-json\/wp\/v2\/media\/6861"}],"wp:attachment":[{"href":"https:\/\/monditaly.com\/kauppa\/wp-json\/wp\/v2\/media?parent=6856"}],"wp:term":[{"taxonomy":"product_brand","embeddable":true,"href":"https:\/\/monditaly.com\/kauppa\/wp-json\/wp\/v2\/product_brand?post=6856"},{"taxonomy":"product_cat","embeddable":true,"href":"https:\/\/monditaly.com\/kauppa\/wp-json\/wp\/v2\/product_cat?post=6856"},{"taxonomy":"product_tag","embeddable":true,"href":"https:\/\/monditaly.com\/kauppa\/wp-json\/wp\/v2\/product_tag?post=6856"}],"curies":[{"name":"wp","href":"https:\/\/api.w.org\/{rel}","templated":true}]}}