{"id":686,"date":"2021-05-31T09:29:22","date_gmt":"2021-05-31T06:29:22","guid":{"rendered":"https:\/\/monditaly.com\/kauppa\/?post_type=product&#038;p=686"},"modified":"2026-01-09T13:15:08","modified_gmt":"2026-01-09T11:15:08","slug":"ibis-spianata-piccante-salami-2kg","status":"publish","type":"product","link":"https:\/\/monditaly.com\/kauppa\/tuote\/ibis-spianata-piccante-salami-2kg\/","title":{"rendered":"Ibis Spianata piccante salami 2kg"},"content":{"rendered":"<h3>Ainesosat:<\/h3>\n<p>Sianliha, paprika- ja chilipaprikauute, suola, luontaiset makuaineet, dekstroosi, mausteet, hapettumisenestoaine: natriumaskorbaatti (E301), s\u00e4il\u00f6nt\u00e4aineet: natriumnitriitti (E250), kaliumnitraatti (E252). Laktoositon ja gluteeniton.<\/p>\n<p>Fl\u00e4skk\u00f6tt, extrakt av paprika och chilipeppar, salt, naturliga aromer, dextros, kryddor, antioxidationsmedel: natriumaskorbat (E301), konserveringsmedel: natriumnitrit (E250), kaliumnitrat (E252). Laktosfri och glutenfri.<\/p>\n<h3>Ravintoarvot per 100g:<\/h3>\n<p>100 g valmistamiseen on k\u00e4ytetty 135 g sianlihaa.<br \/>\nEnergia \/ Energi 1311 kJ \/ 316 kcal<br \/>\nRasva \/ Fett 25 g josta tyydyttynytt\u00e4 \/ varav m\u00e4ttade 8,9 g<br \/>\nHiilihydraatit \/ Kolhydrat 0,7 g joista sokereita \/ varav sockerarter 0,7 g<br \/>\nProteiini \/ Protein 22 g<br \/>\nKuitu \/ Fiber 0 g<br \/>\nSuola \/ Salt 3,9 g<br \/>\nNatrium<\/p>\n","protected":false},"excerpt":{"rendered":"<p>Hienojauhettu sianliha ja keskikokoiset rasvapalat on sekoitettu suolan ja tulisten mausteiden kanssa. Seos laitetaan tyypilliseen puristettuun kuoreen, leikataan ja kypsytet\u00e4\u00e4n. T\u00e4m\u00e4n j\u00e4lkeen se painetaan muoteilla muotoon. Kuori ei sy\u00f6t\u00e4v\u00e4\u00e4.<\/p>\n","protected":false},"featured_media":1823,"template":"","meta":[],"product_brand":[],"product_cat":[196,36,163,165,166],"product_tag":[304,325,308,305,120],"class_list":{"0":"post-686","1":"product","2":"type-product","3":"status-publish","4":"has-post-thumbnail","6":"product_cat-kilokauppa","7":"product_cat-viileat","8":"product_cat-viileat-horeca","9":"product_cat-lihat-horeca","10":"product_cat-salamit-ja-kinkut-horeca","11":"product_tag-gluteeniton","12":"product_tag-gluten-free","13":"product_tag-lactose-free","14":"product_tag-laktoositon","15":"product_tag-salami","16":"product_shipping_class-viileat-pakaste","18":"first","19":"instock","20":"taxable","21":"shipping-taxable","22":"product-type-simple"},"_links":{"self":[{"href":"https:\/\/monditaly.com\/kauppa\/wp-json\/wp\/v2\/product\/686","targetHints":{"allow":["GET"]}}],"collection":[{"href":"https:\/\/monditaly.com\/kauppa\/wp-json\/wp\/v2\/product"}],"about":[{"href":"https:\/\/monditaly.com\/kauppa\/wp-json\/wp\/v2\/types\/product"}],"wp:featuredmedia":[{"embeddable":true,"href":"https:\/\/monditaly.com\/kauppa\/wp-json\/wp\/v2\/media\/1823"}],"wp:attachment":[{"href":"https:\/\/monditaly.com\/kauppa\/wp-json\/wp\/v2\/media?parent=686"}],"wp:term":[{"taxonomy":"product_brand","embeddable":true,"href":"https:\/\/monditaly.com\/kauppa\/wp-json\/wp\/v2\/product_brand?post=686"},{"taxonomy":"product_cat","embeddable":true,"href":"https:\/\/monditaly.com\/kauppa\/wp-json\/wp\/v2\/product_cat?post=686"},{"taxonomy":"product_tag","embeddable":true,"href":"https:\/\/monditaly.com\/kauppa\/wp-json\/wp\/v2\/product_tag?post=686"}],"curies":[{"name":"wp","href":"https:\/\/api.w.org\/{rel}","templated":true}]}}