{"id":6864,"date":"2025-05-21T13:08:12","date_gmt":"2025-05-21T10:08:12","guid":{"rendered":"https:\/\/monditaly.com\/kauppa\/?post_type=product&#038;p=6864"},"modified":"2025-05-21T13:12:59","modified_gmt":"2025-05-21T10:12:59","slug":"amarcord-red-ale-033l-x-12","status":"publish","type":"product","link":"https:\/\/monditaly.com\/kauppa\/tuote\/amarcord-red-ale-033l-x-12\/","title":{"rendered":"Amarcord Red Ale 0,33l x 12"},"content":{"rendered":"<h2>Ainesosat\/ Ingredienser:<\/h2>\n<p class=\"p1\">Vesi, ohramallas, kandisokeri, humala, vehn\u00e4mallas\/<br \/>\nVatten, kornmalt, kandisocker, humle, vetemalt<\/p>\n<p class=\"p1\">6,5% Vol<br \/>\nTyyppi: Red Ale<br \/>\nV\u00e4ri: Meripihkanpunainen<br \/>\nIBU: 27<br \/>\nTarjoilul\u00e4mp\u00f6tila: 5-6\u00b0C<\/p>\n","protected":false},"excerpt":{"rendered":"<p class=\"p1\">Ylellinen ja kiehtova, t\u00e4m\u00e4 red ale -olut kimaltelee kuparin s\u00e4vyiss\u00e4 ja sen kruunaa kaunis, kermainen vaahto. Runko on t\u00e4ytel\u00e4inen ja hyvin rakennettu. Erityisten mallastettujen ohrien ja humalten rikas sekoitus tekee Volpinasta miellytt\u00e4v\u00e4n raikkaan oluen, jonka py\u00f6re\u00e4 maku kallistuu savuisen ja mausteisen suuntaan. Pirskahteleva kuplivuus tekee siit\u00e4 nautinnollisen ja janon sammuttavan juoman, vaikka alkoholipitoisuus onkin melko korkea.<\/p>\n<p class=\"p1\">Voimakas maku korostaa erinomaisesti voimakkaasti maustettuja tomaatti- tai lihapohjaisia kastikkeita, leikkeleit\u00e4, keski-ik\u00e4isi\u00e4 juustoja ja grillattua lihaa.<\/p>\n<p class=\"p1\">Sumptuous and intriguing, this red ale has coppery highlights and a beautiful, creamy head.<\/p>\n<p class=\"p1\">Its body is decidedly full and well structured. Its rich mixture of special malted barleys and hops make Volpina a pleasantly refreshing beer, with a rounded body and flavours tending towards the smoky and spicy. Its sparkling effervescence makes it a pleasant, thirst-quenching beer in spite of its fairly high alcohol content. Its strong flavour brings out the best in highly flavoured tomato or meat sauces, medium-cured cold cuts or medium-matured cheeses and grilled meat.<\/p>\n","protected":false},"featured_media":6862,"template":"","meta":[],"product_brand":[],"product_cat":[23,294,363],"product_tag":[528,364,365,366,530,531],"class_list":{"0":"post-6864","1":"product","2":"type-product","3":"status-publish","4":"has-post-thumbnail","6":"product_cat-juomat","7":"product_cat-juomat-horeca","8":"product_cat-oluet-juomat-horeca","9":"product_tag-amarcord","10":"product_tag-beer","11":"product_tag-olut","12":"product_tag-pizzaolut","13":"product_tag-redale","14":"product_tag-volpina","15":"product_shipping_class-horeca","17":"first","18":"instock","19":"taxable","20":"shipping-taxable","21":"product-type-simple"},"_links":{"self":[{"href":"https:\/\/monditaly.com\/kauppa\/wp-json\/wp\/v2\/product\/6864","targetHints":{"allow":["GET"]}}],"collection":[{"href":"https:\/\/monditaly.com\/kauppa\/wp-json\/wp\/v2\/product"}],"about":[{"href":"https:\/\/monditaly.com\/kauppa\/wp-json\/wp\/v2\/types\/product"}],"wp:featuredmedia":[{"embeddable":true,"href":"https:\/\/monditaly.com\/kauppa\/wp-json\/wp\/v2\/media\/6862"}],"wp:attachment":[{"href":"https:\/\/monditaly.com\/kauppa\/wp-json\/wp\/v2\/media?parent=6864"}],"wp:term":[{"taxonomy":"product_brand","embeddable":true,"href":"https:\/\/monditaly.com\/kauppa\/wp-json\/wp\/v2\/product_brand?post=6864"},{"taxonomy":"product_cat","embeddable":true,"href":"https:\/\/monditaly.com\/kauppa\/wp-json\/wp\/v2\/product_cat?post=6864"},{"taxonomy":"product_tag","embeddable":true,"href":"https:\/\/monditaly.com\/kauppa\/wp-json\/wp\/v2\/product_tag?post=6864"}],"curies":[{"name":"wp","href":"https:\/\/api.w.org\/{rel}","templated":true}]}}