{"id":6865,"date":"2025-05-21T13:13:45","date_gmt":"2025-05-21T10:13:45","guid":{"rendered":"https:\/\/monditaly.com\/kauppa\/?post_type=product&#038;p=6865"},"modified":"2025-05-21T13:22:28","modified_gmt":"2025-05-21T10:22:28","slug":"amarcord-ipa-033l-x-12","status":"publish","type":"product","link":"https:\/\/monditaly.com\/kauppa\/tuote\/amarcord-ipa-033l-x-12\/","title":{"rendered":"Amarcord IPA 0,33l x 12"},"content":{"rendered":"<h2>Ainesosat\/ Ingredienser:<\/h2>\n<p class=\"p1\">Vesi, mallastettu ohra, humala\/<br \/>\nVatten, m\u00e4ltat korn, humle<\/p>\n<p class=\"p1\">6,0% Vol<br \/>\nTyyppi: India Pale Ale<br \/>\nV\u00e4ri: Vaalea meripihka<br \/>\nIBU: 54<br \/>\nTarjoilul\u00e4mp\u00f6tila: 5-6\u00b0C<\/p>\n","protected":false},"excerpt":{"rendered":"<p class=\"p1\">Kirkkaan kultainen v\u00e4ri ja kest\u00e4v\u00e4 valkoinen vaahto tarjoavat tuoksussa ja maussa trooppisten hedelmien ja sitruksen vivahteita, joita t\u00e4ydent\u00e4\u00e4 hienostunut kukkainen ja yrttinen aromi per\u00e4isin runsaasta kuivahumaloinnista. Maussa on hyv\u00e4, py\u00f6re\u00e4 katkeruus, jota tasapainottaa hienovarainen keksimallas ja viljamainen pohja.<\/p>\n<p class=\"p1\">Harrastajien mielenkiinnoksi: olut valmistetaan tyylille ominaisesti burtonisoidulla vedell\u00e4. Suositellaan rasvaisen ruoan sek\u00e4 tuoreiden, sinihome- ja pitk\u00e4\u00e4n kypsytettyjen juustojen kanssa. Erinomainen my\u00f6s kalan, riistan, mausteisten ruokien ja it\u00e4maisen keitti\u00f6n seurassa.<\/p>\n<p class=\"p1\">With a bright gold colour and a persistent white head, it offers a bouquet and flavour with notes of tropical fruit and citrus, as well as a delicate floral and herbal bouquet derived from the generous dry hopping. It has a good, rounded bitterness with a delicate touch of biscuit malt and grist. A curiosity for connoisseurs: as the style requires the water used in its production is burtonized.<\/p>\n<p class=\"p1\">Recommended with fatty foods and fresh, blue and also long-matured cheeses. Excellent with fish and game, spicy foods and oriental cuisine.<\/p>\n","protected":false},"featured_media":6863,"template":"","meta":[],"product_brand":[],"product_cat":[23,294,363],"product_tag":[528,364,532,365,366],"class_list":{"0":"post-6865","1":"product","2":"type-product","3":"status-publish","4":"has-post-thumbnail","6":"product_cat-juomat","7":"product_cat-juomat-horeca","8":"product_cat-oluet-juomat-horeca","9":"product_tag-amarcord","10":"product_tag-beer","11":"product_tag-ipa","12":"product_tag-olut","13":"product_tag-pizzaolut","14":"product_shipping_class-horeca","16":"first","17":"instock","18":"taxable","19":"shipping-taxable","20":"product-type-simple"},"_links":{"self":[{"href":"https:\/\/monditaly.com\/kauppa\/wp-json\/wp\/v2\/product\/6865","targetHints":{"allow":["GET"]}}],"collection":[{"href":"https:\/\/monditaly.com\/kauppa\/wp-json\/wp\/v2\/product"}],"about":[{"href":"https:\/\/monditaly.com\/kauppa\/wp-json\/wp\/v2\/types\/product"}],"wp:featuredmedia":[{"embeddable":true,"href":"https:\/\/monditaly.com\/kauppa\/wp-json\/wp\/v2\/media\/6863"}],"wp:attachment":[{"href":"https:\/\/monditaly.com\/kauppa\/wp-json\/wp\/v2\/media?parent=6865"}],"wp:term":[{"taxonomy":"product_brand","embeddable":true,"href":"https:\/\/monditaly.com\/kauppa\/wp-json\/wp\/v2\/product_brand?post=6865"},{"taxonomy":"product_cat","embeddable":true,"href":"https:\/\/monditaly.com\/kauppa\/wp-json\/wp\/v2\/product_cat?post=6865"},{"taxonomy":"product_tag","embeddable":true,"href":"https:\/\/monditaly.com\/kauppa\/wp-json\/wp\/v2\/product_tag?post=6865"}],"curies":[{"name":"wp","href":"https:\/\/api.w.org\/{rel}","templated":true}]}}