{"id":688,"date":"2021-05-31T10:28:26","date_gmt":"2021-05-31T07:28:26","guid":{"rendered":"https:\/\/monditaly.com\/kauppa\/?post_type=product&#038;p=688"},"modified":"2024-07-06T13:08:47","modified_gmt":"2024-07-06T10:08:47","slug":"viander-peruna-gnocchi-1ltk","status":"publish","type":"product","link":"https:\/\/monditaly.com\/kauppa\/tuote\/viander-peruna-gnocchi-1ltk\/","title":{"rendered":"Viander peruna gnocchi 1ltk (1kg x 6 kpl)"},"content":{"rendered":"<h3>Ainesosat \/ Ingredienser:<\/h3>\n<p>Perunasose 70% (vesi, perunahiutaleet, emulgointiaine: E417,aromi), vehn\u00e4jauho &#8220;00&#8221;, perunat\u00e4rkkelys, suola, mausteet, happamuudens\u00e4\u00e4t\u00f6aine: sitruunahappo (E330), s\u00e4il\u00f6nt\u00e4aine: sorbiinihappo (E200), riisijauho. <strong>Sis\u00e4lt\u00e4\u00e4 gluteenia<\/strong>.<\/p>\n<p>Potatismos 70% (vatten, potatisflingor, emulgator: E471, aromer), vetemj\u00f6l typ &#8220;00&#8221;, potatisst\u00e4rkelse, salt, kryddor, surhetsreglerande medel: citronsyra (E330)sorbinsyra, konserveringsmedel: (E200), str\u00f6 med rismj\u00f6l. <strong>Inneh\u00e5ller gluten<\/strong>.<\/p>\n<h3>Ravintoarvot per 100g \/ N\u00e4ringsv\u00e4rde per 100g:<\/h3>\n<p>Energia \/ Energi 616 kJ \/ 146 kcal<br \/>\nRasva \/ Fett 0,2 g<br \/>\njosta tyydyttynytt\u00e4 \/ varav m\u00e4ttade 0,2 g<br \/>\nHiilihydraatit \/ Kolhydrater 33,0 g<br \/>\njoista sokereita \/ varav sockerarter 1,5 g<br \/>\nKuitu \/ Fiber &#8211;<br \/>\nProteiini \/ Protein 3,3 g<br \/>\nSuola \/ Salt 1,6 g<\/p>\n","protected":false},"excerpt":{"rendered":"<p><strong>Tuote myyd\u00e4\u00e4n myyntier\u00e4n\u00e4 1 ltk (6 kpl). \/ Sales unit 1 box (6 pcs).\u00a0<\/strong><\/p>\n<p>Soikeat perunagnocchit, joissa selke\u00e4t raidat toisella puolella. S\u00e4ilyt\u00e4 viile\u00e4ss\u00e4 ja kuivassa paikassa. S\u00e4ilyt\u00e4 avattu pakkaus j\u00e4\u00e4kaapissa ja k\u00e4yt\u00e4 kolmen p\u00e4iv\u00e4n sis\u00e4ll\u00e4. Keittoaika kolme minuuttia suolatussa vedess\u00e4. Gnocchit ovat valmiita, kun ne nousevat pintaan. Kaada vesi pois ja tarjoa kuumana kastikkeen ja raastetun parmesaanin kanssa.<\/p>\n<p>Elliptical potato gnocchi with evident line on one side. Packed in a protective atmosphere. <span style=\"font-weight: 400;\">Cooking instructions: bring a large pan of salted water to the boil, add gnocchi (straight from the pack). Drain as soon as\u00a0 they come to the surface and serve with a sauce and grated parmesan. Serve hot.\u00a0 <\/span><\/p>\n","protected":false},"featured_media":2141,"template":"","meta":[],"product_brand":[],"product_cat":[46,110,74,157],"product_tag":[181],"class_list":{"0":"post-688","1":"product","2":"type-product","3":"status-publish","4":"has-post-thumbnail","6":"product_cat-teolliset_elintarvikkeet","7":"product_cat-horeca-teolliset-elintarvikkeet","8":"product_cat-kuivat-elintarvikkeet-horeca","9":"product_cat-kuiva-pasta-horeca","10":"product_tag-potato","11":"product_shipping_class-horeca","13":"first","14":"instock","15":"taxable","16":"shipping-taxable","17":"product-type-simple"},"_links":{"self":[{"href":"https:\/\/monditaly.com\/kauppa\/wp-json\/wp\/v2\/product\/688","targetHints":{"allow":["GET"]}}],"collection":[{"href":"https:\/\/monditaly.com\/kauppa\/wp-json\/wp\/v2\/product"}],"about":[{"href":"https:\/\/monditaly.com\/kauppa\/wp-json\/wp\/v2\/types\/product"}],"wp:featuredmedia":[{"embeddable":true,"href":"https:\/\/monditaly.com\/kauppa\/wp-json\/wp\/v2\/media\/2141"}],"wp:attachment":[{"href":"https:\/\/monditaly.com\/kauppa\/wp-json\/wp\/v2\/media?parent=688"}],"wp:term":[{"taxonomy":"product_brand","embeddable":true,"href":"https:\/\/monditaly.com\/kauppa\/wp-json\/wp\/v2\/product_brand?post=688"},{"taxonomy":"product_cat","embeddable":true,"href":"https:\/\/monditaly.com\/kauppa\/wp-json\/wp\/v2\/product_cat?post=688"},{"taxonomy":"product_tag","embeddable":true,"href":"https:\/\/monditaly.com\/kauppa\/wp-json\/wp\/v2\/product_tag?post=688"}],"curies":[{"name":"wp","href":"https:\/\/api.w.org\/{rel}","templated":true}]}}