{"id":6947,"date":"2025-06-10T10:45:02","date_gmt":"2025-06-10T07:45:02","guid":{"rendered":"https:\/\/monditaly.com\/kauppa\/?post_type=product&#038;p=6947"},"modified":"2025-06-28T18:06:08","modified_gmt":"2025-06-28T15:06:08","slug":"sori-burrata-8x125g-pakaste-1kg-ltk","status":"publish","type":"product","link":"https:\/\/monditaly.com\/kauppa\/tuote\/sori-burrata-8x125g-pakaste-1kg-ltk\/","title":{"rendered":"Sor\u00ec Burrata 8x125g , pakaste (1kg\/ltk)"},"content":{"rendered":"<h3>Ainesosat\/ ingredienser\/ ingredients:<\/h3>\n<p class=\"p1\">Past\u00f6roitu lehm\u00e4nMAITO, UHT-KERMA (v\u00e4h. 25\u202f%), suola, mikrobiologinen juoksute, happamuudens\u00e4\u00e4t\u00f6aine: maitohappo (E270). Maidon alkuper\u00e4: ITALIA<\/p>\n<p>Past\u00f6riserad KOMJ\u00d6LK, UHT-GR\u00c4DDE (minst 25\u202f%), salt, mikrobiellt l\u00f6pe, surhetsreglerande medel: mj\u00f6lksyra (E270). Mj\u00f6lkens ursprung: ITALIEN<\/p>\n<p class=\"p1\">Pasteurized cow MILK, UHT CREAM (min 25%), salt, microbial rennet, acidity regulator: lactic acid (E270). Milk Origin: ITALY<\/p>\n<p class=\"p1\"><span style=\"font-size: 20.16px; color: #333333;\">Ravintoarvot\/ N\u00e4ringsv\u00e4rde per 100g:<\/span><\/p>\n<p class=\"p1\">Energia\/ energi<span class=\"Apple-converted-space\">\u00a0 <\/span>881kJ \/ 212 kcal<br \/>\nRasva\/Fett 17g<br \/>\njoista tyydyttynytt\u00e4\/ varav m\u00e4ttade 12g<br \/>\nHiilihydraatit\/ kolhydrater 0,8g<br \/>\njosta sokereita\/varav sockerarter 0,8g<br \/>\nProteiini\/ protein 14g<br \/>\nSuola\/salt 0,33g<\/p>\n","protected":false},"excerpt":{"rendered":"<p class=\"p1\">Sor\u00ecn Burrata on aito italialainen juustomestarin taidonn\u00e4yte, luotu hurmaamaan vaativimmatkin makunystyr\u00e4t. Se on valmistettu tuoreesta italialaisesta maidosta. Hennon kuoren sis\u00e4ll\u00e4 oleva kermainen ja pehme\u00e4 t\u00e4yte sulaa suussa.<\/p>\n<p>Sulatusohjeet<br \/>\nSulata burrata j\u00e4\u00e4kaapissa +4 \u00b0C:ssa noin 24 tunnin ajan. Sulatetussa burratassa on kaksiosainen rakenne: ulkokuori on kiilt\u00e4v\u00e4\u00e4, valkoista ja tiivist\u00e4 mozzarellaa, jonka sis\u00e4ll\u00e4 on kermaista stracciatellaa. Maku on hienostunut, ja siin\u00e4 on kevyt maitohappoinen vivahde, sisus on pehme\u00e4 ja kermainen.<\/p>\n<p class=\"p1\">Sor\u00ec Burrata is a true masterpiece of Italian cheesemaking, crafted to enchant even the most discerning palates. Made with 100% fresh Italian milk, this burrata delivers a unique taste experience.<\/p>\n<p>DEFROST INSTRUCTIONS<\/p>\n<p>Defrost the burrata in the fridge at + 4 \u00b0 C for about 24 hours. Defrosted burrata has a dual structure: the outer part is shiny, white and compact mozzarella, filled with a creamy stracciatella. The taste is delicate with a faint hint of lactic acid while the internal structure is soft and creamy.<\/p>\n","protected":false},"featured_media":6700,"template":"","meta":[],"product_brand":[],"product_cat":[36,163,246,251],"product_tag":[187,495,200,496],"class_list":{"0":"post-6947","1":"product","2":"type-product","3":"status-publish","4":"has-post-thumbnail","6":"product_cat-viileat","7":"product_cat-viileat-horeca","8":"product_cat-juustot-horeca","9":"product_cat-mozzarella-horeca","10":"product_tag-cheese","11":"product_tag-dop","12":"product_tag-mozzarella","13":"product_tag-sori","14":"product_shipping_class-viileat-pakaste","16":"first","17":"instock","18":"taxable","19":"shipping-taxable","20":"product-type-simple"},"_links":{"self":[{"href":"https:\/\/monditaly.com\/kauppa\/wp-json\/wp\/v2\/product\/6947","targetHints":{"allow":["GET"]}}],"collection":[{"href":"https:\/\/monditaly.com\/kauppa\/wp-json\/wp\/v2\/product"}],"about":[{"href":"https:\/\/monditaly.com\/kauppa\/wp-json\/wp\/v2\/types\/product"}],"wp:featuredmedia":[{"embeddable":true,"href":"https:\/\/monditaly.com\/kauppa\/wp-json\/wp\/v2\/media\/6700"}],"wp:attachment":[{"href":"https:\/\/monditaly.com\/kauppa\/wp-json\/wp\/v2\/media?parent=6947"}],"wp:term":[{"taxonomy":"product_brand","embeddable":true,"href":"https:\/\/monditaly.com\/kauppa\/wp-json\/wp\/v2\/product_brand?post=6947"},{"taxonomy":"product_cat","embeddable":true,"href":"https:\/\/monditaly.com\/kauppa\/wp-json\/wp\/v2\/product_cat?post=6947"},{"taxonomy":"product_tag","embeddable":true,"href":"https:\/\/monditaly.com\/kauppa\/wp-json\/wp\/v2\/product_tag?post=6947"}],"curies":[{"name":"wp","href":"https:\/\/api.w.org\/{rel}","templated":true}]}}