{"id":7014,"date":"2025-06-26T11:28:37","date_gmt":"2025-06-26T08:28:37","guid":{"rendered":"https:\/\/monditaly.com\/kauppa\/?post_type=product&#038;p=7014"},"modified":"2025-06-27T13:50:00","modified_gmt":"2025-06-27T10:50:00","slug":"vera-italia-special-pizzajauhomix-25kg","status":"publish","type":"product","link":"https:\/\/monditaly.com\/kauppa\/tuote\/vera-italia-special-pizzajauhomix-25kg\/","title":{"rendered":"Vera Italia special pizzajauhomix 25kg"},"content":{"rendered":"<h3>Ainesosat \/ Ingredienser:<\/h3>\n<p>&nbsp;<\/p>\n<h3>Ravintoarvot per 100g \/ N\u00e4ringsv\u00e4rde per 100g:<\/h3>\n<p>Energia \/ Energy<br \/>\nRasva \/ Fett<br \/>\nHiilihydraatit \/ Kolhydrater<br \/>\nKuitu \/ Fiber<br \/>\nProteiini \/ Protein<br \/>\nSuola \/ Salt<\/p>\n","protected":false},"excerpt":{"rendered":"<p>Valmistettu jauhamalla EU:n alueelta per\u00e4isin olevia vehn\u00e4njyvi\u00e4. Keskipitk\u00e4\/pitk\u00e4 kohotusaika. S\u00e4ilytys 0-4\u00b0C 1-4 p\u00e4iv\u00e4n ajan.<\/p>\n<p>Soft wheat flour &#8220;00&#8221; for medium &#8211; long leavening time. Dough to be used in the following days. Conservation time at 0-4\u00b0C: 1-4 days.<\/p>\n","protected":false},"featured_media":7039,"template":"","meta":[],"product_brand":[],"product_cat":[196,46,110,74,156],"product_tag":[202,80],"class_list":{"0":"post-7014","1":"product","2":"type-product","3":"status-publish","4":"has-post-thumbnail","6":"product_cat-kilokauppa","7":"product_cat-teolliset_elintarvikkeet","8":"product_cat-horeca-teolliset-elintarvikkeet","9":"product_cat-kuivat-elintarvikkeet-horeca","10":"product_cat-jauhot-horeca","11":"product_tag-flour","12":"product_tag-pizza","13":"product_shipping_class-horeca","15":"first","16":"instock","17":"taxable","18":"shipping-taxable","19":"product-type-simple"},"_links":{"self":[{"href":"https:\/\/monditaly.com\/kauppa\/wp-json\/wp\/v2\/product\/7014","targetHints":{"allow":["GET"]}}],"collection":[{"href":"https:\/\/monditaly.com\/kauppa\/wp-json\/wp\/v2\/product"}],"about":[{"href":"https:\/\/monditaly.com\/kauppa\/wp-json\/wp\/v2\/types\/product"}],"wp:featuredmedia":[{"embeddable":true,"href":"https:\/\/monditaly.com\/kauppa\/wp-json\/wp\/v2\/media\/7039"}],"wp:attachment":[{"href":"https:\/\/monditaly.com\/kauppa\/wp-json\/wp\/v2\/media?parent=7014"}],"wp:term":[{"taxonomy":"product_brand","embeddable":true,"href":"https:\/\/monditaly.com\/kauppa\/wp-json\/wp\/v2\/product_brand?post=7014"},{"taxonomy":"product_cat","embeddable":true,"href":"https:\/\/monditaly.com\/kauppa\/wp-json\/wp\/v2\/product_cat?post=7014"},{"taxonomy":"product_tag","embeddable":true,"href":"https:\/\/monditaly.com\/kauppa\/wp-json\/wp\/v2\/product_tag?post=7014"}],"curies":[{"name":"wp","href":"https:\/\/api.w.org\/{rel}","templated":true}]}}