{"id":7019,"date":"2025-06-26T14:24:29","date_gmt":"2025-06-26T11:24:29","guid":{"rendered":"https:\/\/monditaly.com\/kauppa\/?post_type=product&#038;p=7019"},"modified":"2025-07-14T13:51:04","modified_gmt":"2025-07-14T10:51:04","slug":"viander-kaprishedelma-etikassa-314g-me-12-kpl","status":"publish","type":"product","link":"https:\/\/monditaly.com\/kauppa\/tuote\/viander-kaprishedelma-etikassa-314g-me-12-kpl\/","title":{"rendered":"VIANDER Kaprishedelm\u00e4 etikassa 314g (ME 12 kpl)"},"content":{"rendered":"<h3>Ainesosat \/ Ingredienser:<\/h3>\n<p>Kapriksia, vesi, viinietikka, suola, happamuudens\u00e4\u00e4t\u00f6aine: sitruunahappo (E330), hapettumisenestoaine: askorbiinihappo (E300).<\/p>\n<p>Kapris, vatten, vin\u00e4ttika, salt, surhetsreglerande medel: askorbinsyra (E300).<\/p>\n<h3>Ravintoarvot per 100g \/ N\u00e4ringsv\u00e4rde per 100g:<\/h3>\n<p>Energia \/ Energi<br \/>\nRasva \/ Fett<br \/>\njosta tyydyttynytt\u00e4 \/ varav m\u00e4ttade<br \/>\nHiilihydraatit \/ Kolhydrater<br \/>\njoista sokereita \/ varav sockerarter<br \/>\nKuitu \/ Fiber<br \/>\nProteiini \/ Protein<br \/>\nSuola \/ Salt<\/p>\n","protected":false},"excerpt":{"rendered":"<p>Luokan 9\/10 mm kapriksia viinietikassa. Kapristen alkuper\u00e4maa: Marokko. S\u00e4ilyt\u00e4 viile\u00e4ss\u00e4 ja kuivassa paikassa l\u00e4mm\u00f6lt\u00e4 suojattuna. S\u00e4ilyt\u00e4 avattu pakkaus j\u00e4\u00e4kaapissa ja k\u00e4yt\u00e4 lyhyen ajan sis\u00e4ll\u00e4.<\/p>\n<p>Lacrimella capers in wine vinegar, class 9\/10 mm.<\/p>\n","protected":false},"featured_media":7216,"template":"","meta":[],"product_brand":[],"product_cat":[46,110,70,81],"product_tag":[143,145],"class_list":{"0":"post-7019","1":"product","2":"type-product","3":"status-publish","4":"has-post-thumbnail","6":"product_cat-teolliset_elintarvikkeet","7":"product_cat-horeca-teolliset-elintarvikkeet","8":"product_cat-sailykkeet-horeca","9":"product_cat-vihannekset-horeca","10":"product_tag-caper","11":"product_tag-capperi","12":"product_shipping_class-horeca","14":"first","15":"onbackorder","16":"taxable","17":"shipping-taxable","18":"product-type-simple"},"_links":{"self":[{"href":"https:\/\/monditaly.com\/kauppa\/wp-json\/wp\/v2\/product\/7019","targetHints":{"allow":["GET"]}}],"collection":[{"href":"https:\/\/monditaly.com\/kauppa\/wp-json\/wp\/v2\/product"}],"about":[{"href":"https:\/\/monditaly.com\/kauppa\/wp-json\/wp\/v2\/types\/product"}],"wp:featuredmedia":[{"embeddable":true,"href":"https:\/\/monditaly.com\/kauppa\/wp-json\/wp\/v2\/media\/7216"}],"wp:attachment":[{"href":"https:\/\/monditaly.com\/kauppa\/wp-json\/wp\/v2\/media?parent=7019"}],"wp:term":[{"taxonomy":"product_brand","embeddable":true,"href":"https:\/\/monditaly.com\/kauppa\/wp-json\/wp\/v2\/product_brand?post=7019"},{"taxonomy":"product_cat","embeddable":true,"href":"https:\/\/monditaly.com\/kauppa\/wp-json\/wp\/v2\/product_cat?post=7019"},{"taxonomy":"product_tag","embeddable":true,"href":"https:\/\/monditaly.com\/kauppa\/wp-json\/wp\/v2\/product_tag?post=7019"}],"curies":[{"name":"wp","href":"https:\/\/api.w.org\/{rel}","templated":true}]}}