{"id":7061,"date":"2025-06-30T09:45:21","date_gmt":"2025-06-30T06:45:21","guid":{"rendered":"https:\/\/monditaly.com\/kauppa\/?post_type=product&#038;p=7061"},"modified":"2025-07-14T12:04:41","modified_gmt":"2025-07-14T09:04:41","slug":"oliivi-taggiasca-kiveton-800g","status":"publish","type":"product","link":"https:\/\/monditaly.com\/kauppa\/tuote\/oliivi-taggiasca-kiveton-800g\/","title":{"rendered":"Oliivi Taggiasca kivet\u00f6n 800g"},"content":{"rendered":"<h3>Ainesosat \/ Ingredienser:<\/h3>\n<p>&nbsp;<\/p>\n<h3>Ravintoarvot per 100g \/ N\u00e4ringsv\u00e4rde per 100g:<\/h3>\n<p>Energia \/ Energi<br \/>\nRasva \/ Fett<br \/>\njosta tyydyttynytt\u00e4\/ varav m\u00e4ttade<br \/>\nHiilihydraatit \/ kolhydrat<br \/>\njoista sokereita \/ varav sockerarter<br \/>\nKuitu \/ Fiber<br \/>\nProteiini \/ Protein<br \/>\nSuola \/ Salt<\/p>\n","protected":false},"excerpt":{"rendered":"<p>Kivellisi\u00e4 isoja maustettuja vihreit\u00e4 oliiveja. Pakattu suojakaasuun. Oliivien alkuper\u00e4: Espanja \/ Kreikka. S\u00e4ilytett\u00e4v\u00e4 viile\u00e4ss\u00e4 ja kuivassa paikassa. S\u00e4ilyt\u00e4 avattu tuote j\u00e4\u00e4kaapissa \u00f6ljyss\u00e4 ja k\u00e4yt\u00e4 30 p\u00e4iv\u00e4n sis\u00e4ll\u00e4. Parasta ennen -p\u00e4iv\u00e4m\u00e4\u00e4r\u00e4 kannessa.<\/p>\n<p>Giant spiced green olives.<\/p>\n","protected":false},"featured_media":7208,"template":"","meta":[],"product_brand":[],"product_cat":[46,70,103],"product_tag":[102,149],"class_list":{"0":"post-7061","1":"product","2":"type-product","3":"status-publish","4":"has-post-thumbnail","6":"product_cat-teolliset_elintarvikkeet","7":"product_cat-sailykkeet-horeca","8":"product_cat-oliivit-horeca","9":"product_tag-oliivi","10":"product_tag-olive","11":"product_shipping_class-horeca","13":"first","14":"instock","15":"taxable","16":"shipping-taxable","17":"product-type-simple"},"_links":{"self":[{"href":"https:\/\/monditaly.com\/kauppa\/wp-json\/wp\/v2\/product\/7061","targetHints":{"allow":["GET"]}}],"collection":[{"href":"https:\/\/monditaly.com\/kauppa\/wp-json\/wp\/v2\/product"}],"about":[{"href":"https:\/\/monditaly.com\/kauppa\/wp-json\/wp\/v2\/types\/product"}],"wp:featuredmedia":[{"embeddable":true,"href":"https:\/\/monditaly.com\/kauppa\/wp-json\/wp\/v2\/media\/7208"}],"wp:attachment":[{"href":"https:\/\/monditaly.com\/kauppa\/wp-json\/wp\/v2\/media?parent=7061"}],"wp:term":[{"taxonomy":"product_brand","embeddable":true,"href":"https:\/\/monditaly.com\/kauppa\/wp-json\/wp\/v2\/product_brand?post=7061"},{"taxonomy":"product_cat","embeddable":true,"href":"https:\/\/monditaly.com\/kauppa\/wp-json\/wp\/v2\/product_cat?post=7061"},{"taxonomy":"product_tag","embeddable":true,"href":"https:\/\/monditaly.com\/kauppa\/wp-json\/wp\/v2\/product_tag?post=7061"}],"curies":[{"name":"wp","href":"https:\/\/api.w.org\/{rel}","templated":true}]}}