{"id":7084,"date":"2025-06-30T12:52:19","date_gmt":"2025-06-30T09:52:19","guid":{"rendered":"https:\/\/monditaly.com\/kauppa\/?post_type=product&#038;p=7084"},"modified":"2025-07-28T13:24:29","modified_gmt":"2025-07-28T10:24:29","slug":"coppa-di-parma-igp-n-2kg","status":"publish","type":"product","link":"https:\/\/monditaly.com\/kauppa\/tuote\/coppa-di-parma-igp-n-2kg\/","title":{"rendered":"Coppa di Parma IGP n. 2 kg"},"content":{"rendered":"<h3>Ainesosat\/ Ingredienser:<\/h3>\n<div>\n<p class=\"p1\">Sianliha (Coppa), suola, dekstroosi, mausteet, aromit, Antioksidantti: E301 (askorbaatti), S\u00e4il\u00f6nt\u00e4aineet: E250 (natriumnitriitti), E252 (kalium-nitraatti)<\/p>\n<p class=\"p1\">Fl\u00e4skk\u00f6tt (Coppa), salt, dextros, kryddor, aromer, Antioxidant: E301 (askorbinsyra), Konserveringsmedel: E250, E252<\/p>\n<\/div>\n<h3>Ravintoarvot per 100g:<\/h3>\n<p>Energia \/ Energi 1369\u202fkJ \/ 330\u202fkcal<br \/>\nRasva \/ Fett 24,0\u202fg (joista tyydyttyneit\u00e4\/varav m\u00e4ttade 9,5\u202fg)<br \/>\nHiilihydraatit \/ Kolhydrater 0,9\u202fg (joista sokereita\/ varav sockerarter 0,1\u202fg)<br \/>\nProteiini \/ Protein 27,0\u202fg<br \/>\nSuola \/ Salt 4,8\u202fg<\/p>\n","protected":false},"excerpt":{"rendered":"<p>Alkuper\u00e4suojattu italialainen ilmakuivattu sian niskasta valmistettu tuote, joka kypsyy v\u00e4hint\u00e4\u00e4n 2\u20133 kuukautta. Pehme\u00e4, aromikas ja murea leikattaessa. Sopii antipastoksi, voileiville tai suoraan tarjoiltavaksi sellaisenaan.<\/p>\n<p>Premium-quality Italian cured pork neck with Protected Geographical Indication (PGI). Aged for 2\u20133 months, the meat develops a delicate yet rich aroma and a tender texture. Ideal for antipasti, sandwiches, or sliced on a charcuterie board.<\/p>\n","protected":false},"featured_media":7297,"template":"","meta":[],"product_brand":[],"product_cat":[196,46,36,163,166],"product_tag":[558,190,193],"class_list":{"0":"post-7084","1":"product","2":"type-product","3":"status-publish","4":"has-post-thumbnail","6":"product_cat-kilokauppa","7":"product_cat-teolliset_elintarvikkeet","8":"product_cat-viileat","9":"product_cat-viileat-horeca","10":"product_cat-salamit-ja-kinkut-horeca","11":"product_tag-coppadiparma","12":"product_tag-ham","13":"product_tag-kinkku","14":"product_shipping_class-viileat-pakaste","16":"first","17":"instock","18":"taxable","19":"shipping-taxable","20":"product-type-simple"},"_links":{"self":[{"href":"https:\/\/monditaly.com\/kauppa\/wp-json\/wp\/v2\/product\/7084","targetHints":{"allow":["GET"]}}],"collection":[{"href":"https:\/\/monditaly.com\/kauppa\/wp-json\/wp\/v2\/product"}],"about":[{"href":"https:\/\/monditaly.com\/kauppa\/wp-json\/wp\/v2\/types\/product"}],"wp:featuredmedia":[{"embeddable":true,"href":"https:\/\/monditaly.com\/kauppa\/wp-json\/wp\/v2\/media\/7297"}],"wp:attachment":[{"href":"https:\/\/monditaly.com\/kauppa\/wp-json\/wp\/v2\/media?parent=7084"}],"wp:term":[{"taxonomy":"product_brand","embeddable":true,"href":"https:\/\/monditaly.com\/kauppa\/wp-json\/wp\/v2\/product_brand?post=7084"},{"taxonomy":"product_cat","embeddable":true,"href":"https:\/\/monditaly.com\/kauppa\/wp-json\/wp\/v2\/product_cat?post=7084"},{"taxonomy":"product_tag","embeddable":true,"href":"https:\/\/monditaly.com\/kauppa\/wp-json\/wp\/v2\/product_tag?post=7084"}],"curies":[{"name":"wp","href":"https:\/\/api.w.org\/{rel}","templated":true}]}}