{"id":7091,"date":"2025-06-30T13:32:52","date_gmt":"2025-06-30T10:32:52","guid":{"rendered":"https:\/\/monditaly.com\/kauppa\/?post_type=product&#038;p=7091"},"modified":"2025-07-28T13:40:26","modified_gmt":"2025-07-28T10:40:26","slug":"pancetta-coppata-s-giacomo-1-2-s-v-25kg-me-2","status":"publish","type":"product","link":"https:\/\/monditaly.com\/kauppa\/tuote\/pancetta-coppata-s-giacomo-1-2-s-v-25kg-me-2\/","title":{"rendered":"Pancetta coppata S.Giacomo 1\/2 s.v 2,5kg (ME 2)"},"content":{"rendered":"<h3>Ainesosat:<\/h3>\n<h3>Ravintoarvot\/N\u00e4ringsv\u00e4rde per 100g:<\/h3>\n<p data-start=\"724\" data-end=\"765\"><span class=\"relative -mx-px my-[-0.2rem] rounded px-px py-[0.2rem] transition-colors duration-100 ease-in-out\">Energia\/ Energi: 1308\u202fkJ \/ 315\u202fkcal<\/span><\/p>\n<p data-start=\"768\" data-end=\"809\"><span class=\"relative -mx-px my-[-0.2rem] rounded px-px py-[0.2rem] transition-colors duration-100 ease-in-out\">Rasva\/ Fett: 25\u202fg, varav m\u00e4ttat: 8,0\u202fg<\/span><\/p>\n<p data-start=\"768\" data-end=\"809\"><span class=\"relative -mx-px my-[-0.2rem] rounded px-px py-[0.2rem] transition-colors duration-100 ease-in-out\">Hiilihydraatit\/ Kolhydrater: 0,5\u202fg, varav socker: 0,5\u202fg<\/span><\/p>\n<p data-start=\"856\" data-end=\"897\"><span class=\"relative -mx-px my-[-0.2rem] rounded px-px py-[0.2rem] transition-colors duration-100 ease-in-out\">Proteiini\/ Protein: 22\u202fg<\/span><\/p>\n<p data-start=\"856\" data-end=\"897\"><span class=\"relative -mx-px my-[-0.2rem] rounded px-px py-[0.2rem] transition-colors duration-100 ease-in-out\">Suola\/Salt: 5,0\u202fg<\/span><\/p>\n","protected":false},"excerpt":{"rendered":"<p>Pancetta-coppata valmistetaan leikatusta sian kyljest\u00e4, joka on k\u00e4\u00e4ritty Coppa-niskapalasen ymp\u00e4rille. Lopputulos on v\u00e4h\u00e4rasvainen, tasapainoisesti maustettu ja v\u00e4rilt\u00e4\u00e4n kauniin punertava pienin valkoisin rasvakuvioin.<\/p>\n<p>Pancetta-coppata combines lean pork belly wrapped around a slice of coppa (pork neck). The result is a lean, well-balanced cured meat with a deep red color and fine white fat marbling\u202f.<\/p>\n","protected":false},"featured_media":7301,"template":"","meta":[],"product_brand":[],"product_cat":[196,36,163,166],"product_tag":[562,561,563,565,564],"class_list":{"0":"post-7091","1":"product","2":"type-product","3":"status-publish","4":"has-post-thumbnail","6":"product_cat-kilokauppa","7":"product_cat-viileat","8":"product_cat-viileat-horeca","9":"product_cat-salamit-ja-kinkut-horeca","10":"product_tag-coppata","11":"product_tag-pancetta","12":"product_tag-siankylki","13":"product_tag-sianliha","14":"product_tag-sianniska","15":"product_shipping_class-viileat-pakaste","17":"first","18":"onbackorder","19":"taxable","20":"shipping-taxable","21":"product-type-simple"},"_links":{"self":[{"href":"https:\/\/monditaly.com\/kauppa\/wp-json\/wp\/v2\/product\/7091","targetHints":{"allow":["GET"]}}],"collection":[{"href":"https:\/\/monditaly.com\/kauppa\/wp-json\/wp\/v2\/product"}],"about":[{"href":"https:\/\/monditaly.com\/kauppa\/wp-json\/wp\/v2\/types\/product"}],"wp:featuredmedia":[{"embeddable":true,"href":"https:\/\/monditaly.com\/kauppa\/wp-json\/wp\/v2\/media\/7301"}],"wp:attachment":[{"href":"https:\/\/monditaly.com\/kauppa\/wp-json\/wp\/v2\/media?parent=7091"}],"wp:term":[{"taxonomy":"product_brand","embeddable":true,"href":"https:\/\/monditaly.com\/kauppa\/wp-json\/wp\/v2\/product_brand?post=7091"},{"taxonomy":"product_cat","embeddable":true,"href":"https:\/\/monditaly.com\/kauppa\/wp-json\/wp\/v2\/product_cat?post=7091"},{"taxonomy":"product_tag","embeddable":true,"href":"https:\/\/monditaly.com\/kauppa\/wp-json\/wp\/v2\/product_tag?post=7091"}],"curies":[{"name":"wp","href":"https:\/\/api.w.org\/{rel}","templated":true}]}}