{"id":7099,"date":"2025-06-30T14:40:10","date_gmt":"2025-06-30T11:40:10","guid":{"rendered":"https:\/\/monditaly.com\/kauppa\/?post_type=product&#038;p=7099"},"modified":"2025-07-28T14:06:19","modified_gmt":"2025-07-28T11:06:19","slug":"tuoremakkara-chili-n-3kg-me-4","status":"publish","type":"product","link":"https:\/\/monditaly.com\/kauppa\/tuote\/tuoremakkara-chili-n-3kg-me-4\/","title":{"rendered":"Tuoremakkara chili n. 3kg (ME 4)"},"content":{"rendered":"<h3>Ainesosat:<\/h3>\n<p class=\"p1\">Sianliha, Peperoncino (chilijauhe) noin 5\u202f%, Suola, Dekstroosi (glukoosi), Sakkaroosi (sokeri), Aromit ja mausteet, Antioksidantti: askorbiinihappo (E300), S\u00e4il\u00f6nt\u00e4aine: kaliumnitraatti (E252)<br \/>\nFl\u00e4skk\u00f6tt, Chiliflakes (peperoncino), cirka 5\u202f%, Salt, Dextros, Sackaros (socker), Aromer och kryddor, Antioxidant: askorbinsyra (E300), Konserveringsmedel: kaliumnitrat (E252)<\/p>\n<h3>Ravintoarvot\/ N\u00e4ringsv\u00e4rde per 100g:<\/h3>\n<p data-start=\"1084\" data-end=\"1123\"><span class=\"relative -mx-px my-[-0.2rem] rounded px-px py-[0.2rem] transition-colors duration-100 ease-in-out\">Tarkat ravintoarvotiedot puuttuvat, joten seuraavat tiedot perustuvat vastaavien tuotteiden keskiarvoisiin m\u00e4\u00e4riin.<\/span><span class=\"relative -mx-px my-[-0.2rem] rounded px-px py-[0.2rem] transition-colors duration-100 ease-in-out\">\u00a0Exakta n\u00e4ringsv\u00e4rden saknas, s\u00e5 f\u00f6ljande uppgifter baseras p\u00e5 genomsnittliga v\u00e4rden f\u00f6r liknande produkter:<\/span><\/p>\n<p data-start=\"1127\" data-end=\"1168\"><span class=\"relative -mx-px my-[-0.2rem] rounded px-px py-[0.2rem] transition-colors duration-100 ease-in-out\">Energia\/ Energi: n.\u202f1300\u202fkJ \/ 310\u2013320\u202fkcal<br \/>\n<\/span><span class=\"relative -mx-px my-[-0.2rem] rounded px-px py-[0.2rem] transition-colors duration-100 ease-in-out\">Rasva\/ Fett: noin 22\u201324\u202fg (sis\u00e4lt\u00e4en tyydyttyneet n.\u202f8\u20139\u202fg)<br \/>\n<\/span><span class=\"relative -mx-px my-[-0.2rem] rounded px-px py-[0.2rem] transition-colors duration-100 ease-in-out\">Proteiini\/ Protein: n.\u202f25\u201326\u202fg<br \/>\n<\/span><span class=\"relative -mx-px my-[-0.2rem] rounded px-px py-[0.2rem] transition-colors duration-100 ease-in-out\">Hiilihydraatit\/ Kolhydrater: n.\u202f0,5\u20131\u202fg (sokerit alle 1\u202fg)<br \/>\n<\/span><span class=\"relative -mx-px my-[-0.2rem] rounded px-px py-[0.2rem] transition-colors duration-100 ease-in-out\">Suola\/Salt: n.\u202f4\u20135\u202fg<\/span><\/p>\n","protected":false},"excerpt":{"rendered":"<p class=\"p1\">Mausteinen italialainen raakamakkara, valmistettu korkealaatuisesta sianlihasta ja maustettu tulisella peperoncinolla. Soveltuu erinomaisesti grillaukseen, paistettavaksi tai pastaruokiin lis\u00e4tt\u00e4v\u00e4ksi. T\u00e4ytel\u00e4inen maku ja perinteinen k\u00e4sity\u00f6 korostavat aidon italialaisen makuel\u00e4myksen.<\/p>\n<p class=\"p1\">Kryddig italiensk r\u00e5korv, tillverkad av h\u00f6gkvalitativt fl\u00e4skk\u00f6tt och smaksatt med het peperoncino. Perfekt f\u00f6r grillning, stekning eller som ingrediens i pastar\u00e4tter. Fyllig smak och hantverksm\u00e4ssig tradition ger en \u00e4kta italiensk upplevelse.<\/p>\n<p class=\"p1\">Spicy Italian raw sausage, made from high-quality pork and seasoned with hot chili pepper (peperoncino). Ideal for grilling, frying, or adding to pasta dishes. Rich flavour and traditional craftsmanship offer a true taste of Italy.<\/p>\n","protected":false},"featured_media":7305,"template":"","meta":[],"product_brand":[],"product_cat":[196,36,163,165,166],"product_tag":[101,351,350],"class_list":{"0":"post-7099","1":"product","2":"type-product","3":"status-publish","4":"has-post-thumbnail","6":"product_cat-kilokauppa","7":"product_cat-viileat","8":"product_cat-viileat-horeca","9":"product_cat-lihat-horeca","10":"product_cat-salamit-ja-kinkut-horeca","11":"product_tag-chili","12":"product_tag-salsiccia","13":"product_tag-tuoremakkara","14":"product_shipping_class-viileat-pakaste","16":"first","17":"instock","18":"taxable","19":"shipping-taxable","20":"product-type-simple"},"_links":{"self":[{"href":"https:\/\/monditaly.com\/kauppa\/wp-json\/wp\/v2\/product\/7099","targetHints":{"allow":["GET"]}}],"collection":[{"href":"https:\/\/monditaly.com\/kauppa\/wp-json\/wp\/v2\/product"}],"about":[{"href":"https:\/\/monditaly.com\/kauppa\/wp-json\/wp\/v2\/types\/product"}],"wp:featuredmedia":[{"embeddable":true,"href":"https:\/\/monditaly.com\/kauppa\/wp-json\/wp\/v2\/media\/7305"}],"wp:attachment":[{"href":"https:\/\/monditaly.com\/kauppa\/wp-json\/wp\/v2\/media?parent=7099"}],"wp:term":[{"taxonomy":"product_brand","embeddable":true,"href":"https:\/\/monditaly.com\/kauppa\/wp-json\/wp\/v2\/product_brand?post=7099"},{"taxonomy":"product_cat","embeddable":true,"href":"https:\/\/monditaly.com\/kauppa\/wp-json\/wp\/v2\/product_cat?post=7099"},{"taxonomy":"product_tag","embeddable":true,"href":"https:\/\/monditaly.com\/kauppa\/wp-json\/wp\/v2\/product_tag?post=7099"}],"curies":[{"name":"wp","href":"https:\/\/api.w.org\/{rel}","templated":true}]}}