{"id":7100,"date":"2025-06-30T14:48:07","date_gmt":"2025-06-30T11:48:07","guid":{"rendered":"https:\/\/monditaly.com\/kauppa\/?post_type=product&#038;p=7100"},"modified":"2025-07-28T13:55:08","modified_gmt":"2025-07-28T10:55:08","slug":"capicollo-calabro-piccante-n-15-kg","status":"publish","type":"product","link":"https:\/\/monditaly.com\/kauppa\/tuote\/capicollo-calabro-piccante-n-15-kg\/","title":{"rendered":"Capicollo Calabro Piccante n. 1,5 kg"},"content":{"rendered":"<h3>Ainesosat\/ Ingredienser:<\/h3>\n<p class=\"p1\">Sianliha, Suola, Dekstroosi, Tulinen chili (peperoncino) (~5\u202f%), Aromit, Mustapippuri, Antioksidantti: askorbiinihappo (E301), S\u00e4il\u00f6nt\u00e4aineet: natriumnitriitti (E250), kaliumnitraatti (E252)<\/p>\n<p class=\"p1\">Fl\u00e4skk\u00f6tt, salt, druvsocker, stark chili (peperoncino) (~5\u202f%), aromer, svartpeppar, antioxidant: askorbinsyra (E301), konserveringsmedel: natriumnitrit (E250), kaliumnitrat (E252)<\/p>\n<h3>Ravintoarvot\/ N\u00e4ringsv\u00e4rde per 100g:<\/h3>\n<p class=\"p1\">Energia\/ energi: 1\u202f585\u202fkJ \/ 382\u202fkcal<br \/>\nRasva\/ Fett: 23,3\u202fg (josta tyydyttyneit\u00e4\/ varav m\u00e4ttade 9,1\u202fg)<br \/>\nHiilihydraatteja\/ Kolhydrater: 0,35\u202fg (josta sokeria\/ varav sockerarter 0,35\u202fg)<br \/>\nProteiini\/ Protein: 28,7\u202fg<br \/>\nSuola\/ Salt: 3,22\u202fg<\/p>\n","protected":false},"excerpt":{"rendered":"<p class=\"p1\">Laadukas, mausteinen Capicollo Calabro Piccante valmistettu korkealaatuisesta sianlihasta ja maustettu tulisella Calabrian chilill\u00e4 (~5\u202f%). Ilmakuivattu perinteisell\u00e4 artesaanireseptill\u00e4 \u2013 sopii leikattavaksi ohuiksi suupaloiksi antipastoksi, voileiv\u00e4lle tai kevyesti grillattavaksi.<\/p>\n<p>Capicollo Calabro Piccante av h\u00f6g kvalitet, tillverkad med fl\u00e4skk\u00f6tt av h\u00f6g kvalitet och kryddad med het Calabriansk chili (~5\u202f%). Lufttorkad p\u00e5 traditionellt s\u00e4tt \u2013 utm\u00e4rkt att skiva tunt som antipasto, p\u00e5 sm\u00f6rg\u00e5s eller l\u00e4tt grillad.<\/p>\n<p class=\"p1\">Premium Capicollo Calabro Piccante, made from high-quality pork and seasoned with spicy Calabrian chili (~5\u202f%). Traditionally air-cured\u2014ideal for thin slices as antipasto, in sandwiches, or lightly grilled.<\/p>\n","protected":false},"featured_media":7303,"template":"","meta":[],"product_brand":[],"product_cat":[196,36,163,166],"product_tag":[567,566,550],"class_list":{"0":"post-7100","1":"product","2":"type-product","3":"status-publish","4":"has-post-thumbnail","6":"product_cat-kilokauppa","7":"product_cat-viileat","8":"product_cat-viileat-horeca","9":"product_cat-salamit-ja-kinkut-horeca","10":"product_tag-calabro","11":"product_tag-capicollo","12":"product_tag-piccante","13":"product_shipping_class-viileat-pakaste","15":"first","16":"onbackorder","17":"taxable","18":"shipping-taxable","19":"product-type-simple"},"_links":{"self":[{"href":"https:\/\/monditaly.com\/kauppa\/wp-json\/wp\/v2\/product\/7100","targetHints":{"allow":["GET"]}}],"collection":[{"href":"https:\/\/monditaly.com\/kauppa\/wp-json\/wp\/v2\/product"}],"about":[{"href":"https:\/\/monditaly.com\/kauppa\/wp-json\/wp\/v2\/types\/product"}],"wp:featuredmedia":[{"embeddable":true,"href":"https:\/\/monditaly.com\/kauppa\/wp-json\/wp\/v2\/media\/7303"}],"wp:attachment":[{"href":"https:\/\/monditaly.com\/kauppa\/wp-json\/wp\/v2\/media?parent=7100"}],"wp:term":[{"taxonomy":"product_brand","embeddable":true,"href":"https:\/\/monditaly.com\/kauppa\/wp-json\/wp\/v2\/product_brand?post=7100"},{"taxonomy":"product_cat","embeddable":true,"href":"https:\/\/monditaly.com\/kauppa\/wp-json\/wp\/v2\/product_cat?post=7100"},{"taxonomy":"product_tag","embeddable":true,"href":"https:\/\/monditaly.com\/kauppa\/wp-json\/wp\/v2\/product_tag?post=7100"}],"curies":[{"name":"wp","href":"https:\/\/api.w.org\/{rel}","templated":true}]}}