{"id":7103,"date":"2025-07-01T10:22:07","date_gmt":"2025-07-01T07:22:07","guid":{"rendered":"https:\/\/monditaly.com\/kauppa\/?post_type=product&#038;p=7103"},"modified":"2025-08-04T12:34:47","modified_gmt":"2025-08-04T09:34:47","slug":"perrella-mozzarellatanko-n-1-kg-16-x-1-kg","status":"publish","type":"product","link":"https:\/\/monditaly.com\/kauppa\/tuote\/perrella-mozzarellatanko-n-1-kg-16-x-1-kg\/","title":{"rendered":"Perrella Mozzarellatanko n. 1 kg"},"content":{"rendered":"<h3>Ainesosat:<\/h3>\n<p class=\"p1\">Past\u00f6roitu lehm\u00e4nMAITO, suola, hapate, juoksute.<\/p>\n<p class=\"p1\">Ingredienser:<br \/>\nPast\u00f6riserad KOMJ\u00d6LK, salt, syrningskultur, l\u00f6pe.<\/p>\n<h3>Ravintoarvot\/ N\u00e4ringsv\u00e4rde per 100g:<\/h3>\n<p class=\"p1\">Energia\/ energi 900 kJ\/215 Kcal<br \/>\nRasva\/Fett 20g<br \/>\njoista tyydyttynytt\u00e4\/ varav m\u00e4ttade 11,6g<br \/>\nHiilihydraatit\/ kolhydrater 2,5g<br \/>\njosta sokereita\/varav sockerarter 0,3g<br \/>\nProteiini\/ protein 20,1g<br \/>\nSuola\/salt 0,59g<\/p>\n","protected":false},"excerpt":{"rendered":"<p class=\"p1\">Tuore mozzarellatanko.<\/p>\n<p class=\"p1\">Fresh mozzarella cheese in filone shape.<\/p>\n","protected":false},"featured_media":7104,"template":"","meta":[],"product_brand":[],"product_cat":[36,163,246,251],"product_tag":[535,476,200,534,536],"class_list":{"0":"post-7103","1":"product","2":"type-product","3":"status-publish","4":"has-post-thumbnail","6":"product_cat-viileat","7":"product_cat-viileat-horeca","8":"product_cat-juustot-horeca","9":"product_cat-mozzarella-horeca","10":"product_tag-filone","11":"product_tag-fiordilatte","12":"product_tag-mozzarella","13":"product_tag-perrella","14":"product_tag-tanko","15":"product_shipping_class-viileat-pakaste","17":"first","18":"onbackorder","19":"taxable","20":"shipping-taxable","21":"product-type-simple"},"_links":{"self":[{"href":"https:\/\/monditaly.com\/kauppa\/wp-json\/wp\/v2\/product\/7103","targetHints":{"allow":["GET"]}}],"collection":[{"href":"https:\/\/monditaly.com\/kauppa\/wp-json\/wp\/v2\/product"}],"about":[{"href":"https:\/\/monditaly.com\/kauppa\/wp-json\/wp\/v2\/types\/product"}],"wp:featuredmedia":[{"embeddable":true,"href":"https:\/\/monditaly.com\/kauppa\/wp-json\/wp\/v2\/media\/7104"}],"wp:attachment":[{"href":"https:\/\/monditaly.com\/kauppa\/wp-json\/wp\/v2\/media?parent=7103"}],"wp:term":[{"taxonomy":"product_brand","embeddable":true,"href":"https:\/\/monditaly.com\/kauppa\/wp-json\/wp\/v2\/product_brand?post=7103"},{"taxonomy":"product_cat","embeddable":true,"href":"https:\/\/monditaly.com\/kauppa\/wp-json\/wp\/v2\/product_cat?post=7103"},{"taxonomy":"product_tag","embeddable":true,"href":"https:\/\/monditaly.com\/kauppa\/wp-json\/wp\/v2\/product_tag?post=7103"}],"curies":[{"name":"wp","href":"https:\/\/api.w.org\/{rel}","templated":true}]}}