{"id":711,"date":"2021-06-01T13:28:31","date_gmt":"2021-06-01T10:28:31","guid":{"rendered":"https:\/\/monditaly.com\/kauppa\/?post_type=product&#038;p=711"},"modified":"2025-07-30T10:49:36","modified_gmt":"2025-07-30T07:49:36","slug":"viander-tonnikala-oljyssa-3000g","status":"publish","type":"product","link":"https:\/\/monditaly.com\/kauppa\/tuote\/viander-tonnikala-oljyssa-3000g\/","title":{"rendered":"Viander tonnikala \u00f6ljyss\u00e4 3000g"},"content":{"rendered":"<h3>Ainesosat \/ Ingredienser:<\/h3>\n<p>Tonnikala, auringonkukka\u00f6ljy, suola. Gluteeniton.<\/p>\n<p>Tonfisk, solrosolja, salt. Glutenfri.<\/p>\n<h3>Ravintoarvot per 100g \/ N\u00e4ringsv\u00e4rde per 100g:<\/h3>\n<p>Energia \/ Energi 787 kJ \/ 188 kcal<br \/>\nRasva \/ Fett 10,2 g<br \/>\njosta tyydyttynytt\u00e4 \/ varav m\u00e4ttade 1,2 g<br \/>\nHiilihydraatit \/ Kolhydrat 0,0 g<br \/>\njoista sokereita \/ varav av sockerarter 0,0 g<br \/>\nKuitu \/ Fiber 0,0 g<br \/>\nProteiini \/ Protein 24,1 g<br \/>\nSuola \/ Salt 1,35 g<\/p>\n","protected":false},"excerpt":{"rendered":"<p>Tonnikala (Katsuwonus pelamis, Thunnus albacares, Thunnus obesus) auringonkukka\u00f6ljyss\u00e4 ja ruokasoodalla kyll\u00e4stetyss\u00e4 suolavedess\u00e4. Tuote stabiloitu painekattilassa l\u00e4mp\u00f6k\u00e4sittelyll\u00e4. S\u00e4ilyt\u00e4 kuivassa paikassa l\u00e4mm\u00f6lt\u00e4 suojattuna. S\u00e4ilyt\u00e4 avattu tuote j\u00e4\u00e4kaapissa ja k\u00e4yt\u00e4 kolmen p\u00e4iv\u00e4n sis\u00e4ll\u00e4.<\/p>\n<p>Tuna in sunflower oil.<\/p>\n","protected":false},"featured_media":2114,"template":"","meta":[],"product_brand":[],"product_cat":[46,70,82],"product_tag":[147,304,325,148,146],"class_list":{"0":"post-711","1":"product","2":"type-product","3":"status-publish","4":"has-post-thumbnail","6":"product_cat-teolliset_elintarvikkeet","7":"product_cat-sailykkeet-horeca","8":"product_cat-kalatuotteet-horeca","9":"product_tag-fish","10":"product_tag-gluteeniton","11":"product_tag-gluten-free","12":"product_tag-tonno","13":"product_tag-tuna","14":"product_shipping_class-horeca","16":"first","17":"onbackorder","18":"taxable","19":"shipping-taxable","20":"product-type-simple"},"_links":{"self":[{"href":"https:\/\/monditaly.com\/kauppa\/wp-json\/wp\/v2\/product\/711","targetHints":{"allow":["GET"]}}],"collection":[{"href":"https:\/\/monditaly.com\/kauppa\/wp-json\/wp\/v2\/product"}],"about":[{"href":"https:\/\/monditaly.com\/kauppa\/wp-json\/wp\/v2\/types\/product"}],"wp:featuredmedia":[{"embeddable":true,"href":"https:\/\/monditaly.com\/kauppa\/wp-json\/wp\/v2\/media\/2114"}],"wp:attachment":[{"href":"https:\/\/monditaly.com\/kauppa\/wp-json\/wp\/v2\/media?parent=711"}],"wp:term":[{"taxonomy":"product_brand","embeddable":true,"href":"https:\/\/monditaly.com\/kauppa\/wp-json\/wp\/v2\/product_brand?post=711"},{"taxonomy":"product_cat","embeddable":true,"href":"https:\/\/monditaly.com\/kauppa\/wp-json\/wp\/v2\/product_cat?post=711"},{"taxonomy":"product_tag","embeddable":true,"href":"https:\/\/monditaly.com\/kauppa\/wp-json\/wp\/v2\/product_tag?post=711"}],"curies":[{"name":"wp","href":"https:\/\/api.w.org\/{rel}","templated":true}]}}