{"id":7114,"date":"2025-07-01T13:54:18","date_gmt":"2025-07-01T10:54:18","guid":{"rendered":"https:\/\/monditaly.com\/kauppa\/?post_type=product&#038;p=7114"},"modified":"2025-07-28T13:14:12","modified_gmt":"2025-07-28T10:14:12","slug":"bottarga-muggine-kuivattu-kok-110-150g","status":"publish","type":"product","link":"https:\/\/monditaly.com\/kauppa\/tuote\/bottarga-muggine-kuivattu-kok-110-150g\/","title":{"rendered":"Bottarga Muggine, kuivattu kok. 110\/150g"},"content":{"rendered":"<h3>Ainesosat \/ Ingredienser:<\/h3>\n<div>\n<p data-start=\"29\" data-end=\"121\">Kokonainen meriahvenen m\u00e4ti (Bottarga di Muggine)<\/p>\n<p data-start=\"29\" data-end=\"121\">Hel mj\u00f6lkfiskrom (Bottarga di Muggine)<\/p>\n<\/div>\n<h3>Ravintoarvot per 100g \/ N\u00e4ringsv\u00e4rde per 100g:<\/h3>\n<p>Energia \/ Energi<\/p>\n<p>Rasva \/ Fett<br \/>\njosta tyydyttynytt\u00e4 \/ varav m\u00e4ttade<br \/>\nHiilihydraatit \/ Kolhydrat<br \/>\njoista sokereita \/ varav sockerarter<br \/>\nKuitu \/ Fiber<br \/>\nProteiini \/ Protein<br \/>\nSuola \/ Salt<\/p>\n","protected":false},"excerpt":{"rendered":"<p data-start=\"73\" data-end=\"272\"><span class=\"relative -mx-px my-[-0.2rem] rounded px-px py-[0.2rem] transition-colors duration-100 ease-in-out\">Laadukas suolattu m\u00e4tivalmiste, jossa intensiivinen mutta elegantti maku. Tarjoile raastettuna tai ohuina viipaleina<\/span><span class=\"relative -mx-px my-[-0.2rem] rounded px-px py-[0.2rem] transition-colors duration-100 ease-in-out\"> pastan, risoton tai salaattien p\u00e4\u00e4ll\u00e4; sopii my\u00f6s viipaloituna crostineille tai antipastoksi oliivi\u00f6ljyn kera.<\/span><\/p>\n<p data-start=\"48\" data-end=\"249\">Klassisk italiensk saltad romprodukt med en intensiv men elegant smak. Servera riven eller i tunna skivor \u00f6ver pasta, risotto eller sallader; passar \u00e4ven skivad p\u00e5 crostini eller som antipasto med olivolja.<\/p>\n<p data-start=\"279\" data-end=\"478\">A high-quality salted roe product with an intense yet elegant flavor. Serve grated or thinly sliced over pasta, risotto, or salads; also suitable sliced on crostini or as an antipasto with olive oil.<\/p>\n","protected":false},"featured_media":7296,"template":"","meta":[],"product_brand":[],"product_cat":[196,46,110,82],"product_tag":[556,557],"class_list":{"0":"post-7114","1":"product","2":"type-product","3":"status-publish","4":"has-post-thumbnail","6":"product_cat-kilokauppa","7":"product_cat-teolliset_elintarvikkeet","8":"product_cat-horeca-teolliset-elintarvikkeet","9":"product_cat-kalatuotteet-horeca","10":"product_tag-bottarga","11":"product_tag-mati","12":"product_shipping_class-horeca","14":"first","15":"onbackorder","16":"taxable","17":"shipping-taxable","18":"product-type-simple"},"_links":{"self":[{"href":"https:\/\/monditaly.com\/kauppa\/wp-json\/wp\/v2\/product\/7114","targetHints":{"allow":["GET"]}}],"collection":[{"href":"https:\/\/monditaly.com\/kauppa\/wp-json\/wp\/v2\/product"}],"about":[{"href":"https:\/\/monditaly.com\/kauppa\/wp-json\/wp\/v2\/types\/product"}],"wp:featuredmedia":[{"embeddable":true,"href":"https:\/\/monditaly.com\/kauppa\/wp-json\/wp\/v2\/media\/7296"}],"wp:attachment":[{"href":"https:\/\/monditaly.com\/kauppa\/wp-json\/wp\/v2\/media?parent=7114"}],"wp:term":[{"taxonomy":"product_brand","embeddable":true,"href":"https:\/\/monditaly.com\/kauppa\/wp-json\/wp\/v2\/product_brand?post=7114"},{"taxonomy":"product_cat","embeddable":true,"href":"https:\/\/monditaly.com\/kauppa\/wp-json\/wp\/v2\/product_cat?post=7114"},{"taxonomy":"product_tag","embeddable":true,"href":"https:\/\/monditaly.com\/kauppa\/wp-json\/wp\/v2\/product_tag?post=7114"}],"curies":[{"name":"wp","href":"https:\/\/api.w.org\/{rel}","templated":true}]}}