{"id":7115,"date":"2025-07-01T14:28:15","date_gmt":"2025-07-01T11:28:15","guid":{"rendered":"https:\/\/monditaly.com\/kauppa\/?post_type=product&#038;p=7115"},"modified":"2025-10-30T09:52:16","modified_gmt":"2025-10-30T07:52:16","slug":"pistaasipahkinarouhe-500g","status":"publish","type":"product","link":"https:\/\/monditaly.com\/kauppa\/tuote\/pistaasipahkinarouhe-500g\/","title":{"rendered":"Pistaasip\u00e4hkin\u00e4rouhe 500g"},"content":{"rendered":"<h3>Ainesosat \/ Ingredienser:<\/h3>\n<p><span style=\"font-size: 20.16px; color: #333333;\">Ravintoarvot per 100g \/ N\u00e4ringsv\u00e4rde per 100g:<\/span><\/p>\n<p class=\"p1\">Energia\/ Energi<br \/>\nRasva\/ Fett<br \/>\njoista tyydyttyneit\u00e4\/ varav m\u00e4ttat<br \/>\nHiilihydraatit\/ Kolhydrater<br \/>\njoista sokereita\/ varav sockerarter<br \/>\nProteiini\/ Protein<br \/>\nSuola\/ Salt<\/p>\n","protected":false},"excerpt":{"rendered":"<p>Laadukas pistaasip\u00e4hkin\u00e4rouhe Vianderilta. Sopii leivontaan, my\u00f6s suolaisten ruokien viimeistelyyn.<br \/>\nHigh-quality crushed pistachios from Viander. Perfect for baking and for finishing savoury dishes.<\/p>\n<p>&nbsp;<\/p>\n","protected":false},"featured_media":7758,"template":"","meta":[],"product_brand":[],"product_cat":[46,110,206,74,217,78,238],"product_tag":[454,620,605,455,621],"class_list":{"0":"post-7115","1":"product","2":"type-product","3":"status-publish","4":"has-post-thumbnail","6":"product_cat-teolliset_elintarvikkeet","7":"product_cat-horeca-teolliset-elintarvikkeet","8":"product_cat-muut-horeca","9":"product_cat-kuivat-elintarvikkeet-horeca","10":"product_cat-muut-valmisteet-horeca","11":"product_cat-makeat-ja-suklaat-horeca","12":"product_cat-topping-horeca","13":"product_tag-pistaasi","14":"product_tag-pistaasirouhe","15":"product_tag-pistacchio","16":"product_tag-pistachio","17":"product_tag-viander","18":"product_shipping_class-horeca","20":"first","21":"instock","22":"taxable","23":"shipping-taxable","24":"product-type-simple"},"_links":{"self":[{"href":"https:\/\/monditaly.com\/kauppa\/wp-json\/wp\/v2\/product\/7115","targetHints":{"allow":["GET"]}}],"collection":[{"href":"https:\/\/monditaly.com\/kauppa\/wp-json\/wp\/v2\/product"}],"about":[{"href":"https:\/\/monditaly.com\/kauppa\/wp-json\/wp\/v2\/types\/product"}],"wp:featuredmedia":[{"embeddable":true,"href":"https:\/\/monditaly.com\/kauppa\/wp-json\/wp\/v2\/media\/7758"}],"wp:attachment":[{"href":"https:\/\/monditaly.com\/kauppa\/wp-json\/wp\/v2\/media?parent=7115"}],"wp:term":[{"taxonomy":"product_brand","embeddable":true,"href":"https:\/\/monditaly.com\/kauppa\/wp-json\/wp\/v2\/product_brand?post=7115"},{"taxonomy":"product_cat","embeddable":true,"href":"https:\/\/monditaly.com\/kauppa\/wp-json\/wp\/v2\/product_cat?post=7115"},{"taxonomy":"product_tag","embeddable":true,"href":"https:\/\/monditaly.com\/kauppa\/wp-json\/wp\/v2\/product_tag?post=7115"}],"curies":[{"name":"wp","href":"https:\/\/api.w.org\/{rel}","templated":true}]}}