{"id":7125,"date":"2025-07-02T10:02:59","date_gmt":"2025-07-02T07:02:59","guid":{"rendered":"https:\/\/monditaly.com\/kauppa\/?post_type=product&#038;p=7125"},"modified":"2025-07-28T14:16:44","modified_gmt":"2025-07-28T11:16:44","slug":"soppressata-calabra-piccante-n-340g","status":"publish","type":"product","link":"https:\/\/monditaly.com\/kauppa\/tuote\/soppressata-calabra-piccante-n-340g\/","title":{"rendered":"Soppressata calabra piccante n. 340g (hinta n. 7,24\u20ac)"},"content":{"rendered":"<h3>Ainesosat\/ Ingredienser:<\/h3>\n<p><span class=\"relative -mx-px my-[-0.2rem] rounded px-px py-[0.2rem] transition-colors duration-100 ease-in-out\">Sianliha, Calabrian chilijauhe (~\u202f3\u202f%), suola, dekstroosi, sakkaroosi, aromit, mausteet, antioksidantti E300 (askorbiinihappo), s\u00e4il\u00f6nt\u00e4aine E252 (kaliumnitraatti)<br \/>\nFl\u00e4skk\u00f6tt, kalabriansk chilipulver (~3\u202f%), salt, dextros, sackaros, aromer, kryddor, antioxidant E300 (askorbinsyra), konserveringsmedel E252 (kaliumnitrat)<\/span><\/p>\n<h3>Ravintoarvot\/N\u00e4ringsv\u00e4rde per 100g:<\/h3>\n<p data-start=\"1021\" data-end=\"1062\"><span class=\"relative -mx-px my-[-0.2rem] rounded px-px py-[0.2rem] transition-colors duration-100 ease-in-out\">Energia\/ energi: 1\u202f776\u202fkJ \/ 428\u202fkcal<\/span><\/p>\n<p data-start=\"1065\" data-end=\"1106\"><span class=\"relative -mx-px my-[-0.2rem] rounded px-px py-[0.2rem] transition-colors duration-100 ease-in-out\">Rasva\/ Fett: 33,1\u202fg (josta tyydyttyneit\u00e4\/ varav m\u00e4ttade 17,5\u202fg)<\/span><\/p>\n<p data-start=\"1109\" data-end=\"1150\"><span class=\"relative -mx-px my-[-0.2rem] rounded px-px py-[0.2rem] transition-colors duration-100 ease-in-out\">Hiilihydraatit\/ Kolhydrater: 5,6\u202fg (joista sokereita\/ varav sockerarter 1,9\u202fg)<\/span><\/p>\n<p data-start=\"1153\" data-end=\"1194\"><span class=\"relative -mx-px my-[-0.2rem] rounded px-px py-[0.2rem] transition-colors duration-100 ease-in-out\">Proteiini\/ Protein: 26,8\u202fg<\/span><\/p>\n<p data-start=\"1197\" data-end=\"1278\"><span class=\"relative -mx-px my-[-0.2rem] rounded px-px py-[0.2rem] transition-colors duration-100 ease-in-out\">Suola\/ Salt: 3,3\u202fg<\/span><\/p>\n","protected":false},"excerpt":{"rendered":"<p>Perinteinen italialainen mausteinen salami, joka valmistetaan huolellisesti valikoiduista sianlihan osista ja maustetaan runsaasti Calabrian chilill\u00e4. <span class=\"relative -mx-px my-[-0.2rem] rounded px-px py-[0.2rem] transition-colors duration-100 ease-in-out\">Tuote kypsytet\u00e4\u00e4n perinteisell\u00e4 tavalla, mik\u00e4 antaa sille sen tunnusomaisen maun ja rakenteen.<\/span> Sopii erinomaisesti antipasto-lautasiin, leiv\u00e4n p\u00e4\u00e4lle tai sellaisenaan nautittavaksi.<\/p>\n<p>Traditional Italian spicy salami made from carefully selected cuts of pork and seasoned generously with Calabrian chili. <span class=\"relative -mx-px my-[-0.2rem] rounded px-px py-[0.2rem] transition-colors duration-100 ease-in-out\">The product is traditionally air-dried, giving it its distinctive flavor and texture.<\/span> Ideal for antipasto platters, on bread, or enjoyed on its own.<\/p>\n","protected":false},"featured_media":7238,"template":"","meta":[],"product_brand":[],"product_cat":[196,36,163,165,166],"product_tag":[549,550,120,548],"class_list":{"0":"post-7125","1":"product","2":"type-product","3":"status-publish","4":"has-post-thumbnail","6":"product_cat-kilokauppa","7":"product_cat-viileat","8":"product_cat-viileat-horeca","9":"product_cat-lihat-horeca","10":"product_cat-salamit-ja-kinkut-horeca","11":"product_tag-calabra","12":"product_tag-piccante","13":"product_tag-salami","14":"product_tag-soppressata","15":"product_shipping_class-viileat-pakaste","17":"first","18":"onbackorder","19":"taxable","20":"shipping-taxable","21":"product-type-simple"},"_links":{"self":[{"href":"https:\/\/monditaly.com\/kauppa\/wp-json\/wp\/v2\/product\/7125","targetHints":{"allow":["GET"]}}],"collection":[{"href":"https:\/\/monditaly.com\/kauppa\/wp-json\/wp\/v2\/product"}],"about":[{"href":"https:\/\/monditaly.com\/kauppa\/wp-json\/wp\/v2\/types\/product"}],"wp:featuredmedia":[{"embeddable":true,"href":"https:\/\/monditaly.com\/kauppa\/wp-json\/wp\/v2\/media\/7238"}],"wp:attachment":[{"href":"https:\/\/monditaly.com\/kauppa\/wp-json\/wp\/v2\/media?parent=7125"}],"wp:term":[{"taxonomy":"product_brand","embeddable":true,"href":"https:\/\/monditaly.com\/kauppa\/wp-json\/wp\/v2\/product_brand?post=7125"},{"taxonomy":"product_cat","embeddable":true,"href":"https:\/\/monditaly.com\/kauppa\/wp-json\/wp\/v2\/product_cat?post=7125"},{"taxonomy":"product_tag","embeddable":true,"href":"https:\/\/monditaly.com\/kauppa\/wp-json\/wp\/v2\/product_tag?post=7125"}],"curies":[{"name":"wp","href":"https:\/\/api.w.org\/{rel}","templated":true}]}}