{"id":7127,"date":"2025-07-02T10:48:15","date_gmt":"2025-07-02T07:48:15","guid":{"rendered":"https:\/\/monditaly.com\/kauppa\/?post_type=product&#038;p=7127"},"modified":"2025-07-28T14:25:04","modified_gmt":"2025-07-28T11:25:04","slug":"kinkku-san-daniele-n-7-kg","status":"publish","type":"product","link":"https:\/\/monditaly.com\/kauppa\/tuote\/kinkku-san-daniele-n-7-kg\/","title":{"rendered":"Kinkku San Daniele n. 7 kg"},"content":{"rendered":"<h3>Ainesosat\/ Ingredienser:<\/h3>\n<p>Italialainen sianliha (kinkku), merisuola<br \/>\nItalienskt grisl\u00e5r, havssalt<\/p>\n<h3>Ravintoarvot per 100g:<\/h3>\n<p data-start=\"1052\" data-end=\"1093\"><span class=\"relative -mx-px my-[-0.2rem] rounded px-px py-[0.2rem] transition-colors duration-100 ease-in-out\">Energia\/ Energi: 1\u202f171\u202fkJ \/ 281\u202fkcal<\/span><\/p>\n<p data-start=\"1096\" data-end=\"1137\"><span class=\"relative -mx-px my-[-0.2rem] rounded px-px py-[0.2rem] transition-colors duration-100 ease-in-out\">Rasva\/ Fett: 19\u202fg (joista tyydyttyneit\u00e4\/varav m\u00e4ttat fett ca 6,0\u202fg)<\/span><\/p>\n<p data-start=\"1140\" data-end=\"1181\"><span class=\"relative -mx-px my-[-0.2rem] rounded px-px py-[0.2rem] transition-colors duration-100 ease-in-out\">Hiilihydraatit\/ Kolhydrater: 0,5\u202fg (joista sokereita\/ varav socker\u00a0 0,5\u202fg)<\/span><\/p>\n<p data-start=\"1184\" data-end=\"1225\"><span class=\"relative -mx-px my-[-0.2rem] rounded px-px py-[0.2rem] transition-colors duration-100 ease-in-out\">Proteiini\/ Protein:\u00a0 27\u202fg<\/span><\/p>\n<p data-start=\"1228\" data-end=\"1307\"><span class=\"relative -mx-px my-[-0.2rem] rounded px-px py-[0.2rem] transition-colors duration-100 ease-in-out\">Suola\/ Salt: 6,2\u202fg<\/span><\/p>\n","protected":false},"excerpt":{"rendered":"<p>San Daniele DOP on ilmakuivattu kinkku, jolla on lempe\u00e4 ja aromaattinen maku. Se suolataan vain merisuolalla ja kypsyy 12 kuukautta alueen ainutlaatuisessa ilmastossa, mink\u00e4 johdosta alkuper\u00e4merkint\u00e4 DOP.<\/p>\n<p><span class=\"relative -mx-px my-[-0.2rem] rounded px-px py-[0.2rem] transition-colors duration-100 ease-in-out\">San Daniele DOP \u00e4r en naturligt lufttorkad skinka utan tillsatser, endast med havssalt. Den mognar i minst 12 m\u00e5nader i det unika mikroklimatet kring San Daniele och b\u00e4r DOP-certifieringen.<\/p>\n<p>A naturally cured Prosciutto di San Daniele DOP made only from pork leg and sea salt. Aged for 12 months in the unique microclimate, the result is a delicately aromatic, tender ham with exemplary craftsmanship and DOP certification.<\/span><\/p>\n","protected":false},"featured_media":7310,"template":"","meta":[],"product_brand":[],"product_cat":[196,36,163,165,166],"product_tag":[495,572,193,189,571],"class_list":{"0":"post-7127","1":"product","2":"type-product","3":"status-publish","4":"has-post-thumbnail","6":"product_cat-kilokauppa","7":"product_cat-viileat","8":"product_cat-viileat-horeca","9":"product_cat-lihat-horeca","10":"product_cat-salamit-ja-kinkut-horeca","11":"product_tag-dop","12":"product_tag-ilmakuivattu","13":"product_tag-kinkku","14":"product_tag-prosciutto","15":"product_tag-sandaniele","16":"product_shipping_class-viileat-pakaste","18":"first","19":"onbackorder","20":"taxable","21":"shipping-taxable","22":"product-type-simple"},"_links":{"self":[{"href":"https:\/\/monditaly.com\/kauppa\/wp-json\/wp\/v2\/product\/7127","targetHints":{"allow":["GET"]}}],"collection":[{"href":"https:\/\/monditaly.com\/kauppa\/wp-json\/wp\/v2\/product"}],"about":[{"href":"https:\/\/monditaly.com\/kauppa\/wp-json\/wp\/v2\/types\/product"}],"wp:featuredmedia":[{"embeddable":true,"href":"https:\/\/monditaly.com\/kauppa\/wp-json\/wp\/v2\/media\/7310"}],"wp:attachment":[{"href":"https:\/\/monditaly.com\/kauppa\/wp-json\/wp\/v2\/media?parent=7127"}],"wp:term":[{"taxonomy":"product_brand","embeddable":true,"href":"https:\/\/monditaly.com\/kauppa\/wp-json\/wp\/v2\/product_brand?post=7127"},{"taxonomy":"product_cat","embeddable":true,"href":"https:\/\/monditaly.com\/kauppa\/wp-json\/wp\/v2\/product_cat?post=7127"},{"taxonomy":"product_tag","embeddable":true,"href":"https:\/\/monditaly.com\/kauppa\/wp-json\/wp\/v2\/product_tag?post=7127"}],"curies":[{"name":"wp","href":"https:\/\/api.w.org\/{rel}","templated":true}]}}