{"id":7130,"date":"2025-07-02T12:40:02","date_gmt":"2025-07-02T09:40:02","guid":{"rendered":"https:\/\/monditaly.com\/kauppa\/?post_type=product&#038;p=7130"},"modified":"2025-07-28T15:44:56","modified_gmt":"2025-07-28T12:44:56","slug":"oberto-tagliata-di-coscia-1-kg-s-v","status":"publish","type":"product","link":"https:\/\/monditaly.com\/kauppa\/tuote\/oberto-tagliata-di-coscia-1-kg-s-v\/","title":{"rendered":"Oberto Tagliata di Coscia 1 kg S\/V"},"content":{"rendered":"<h3>Ainesosat \/ Ingredienser:<\/h3>\n<p>Fassona-naudan reisiosa (paisti)<\/p>\n<p data-start=\"19\" data-end=\"73\">Fassona-n\u00f6tets fina l\u00e5rbit.<\/p>\n<p>Fassona cattles fine thigh cut.<\/p>\n<h3>Ravintoarvot per 100g \/ N\u00e4ringsv\u00e4rde per 100g:<\/h3>\n<p class=\"p2\">Energia\/ energi<\/p>\n<p>Rasvat\/Fett, joista tyydyttynytt\u00e4\/ varav m\u00e4ttade<\/p>\n<p class=\"p2\">Hiilihydraatit\/ Kolhydrater, joista sokereita\/ varav sockerarter<\/p>\n<p class=\"p2\">Proteiini\/ Protein<\/p>\n<p class=\"p2\">Suola\/ Salt<\/p>\n","protected":false},"excerpt":{"rendered":"<p>Murea, naudan reisiosasta leikattu hieno paistipala. Nopea kypsent\u00e4\u00e4 viipaleina, sopii erinomaisesti mm. grillattavaksi tai pannulle.<\/p>\n<p>Tender fine thigh cut. Cooks quickly in slices, excellent for grilling or pan-frying.<\/p>\n<p>M\u00f6rt stekstycke skuret fr\u00e5n n\u00f6tk\u00f6ttets bakl\u00e5r. Snabb att tillaga i skivor, utm\u00e4rkt f\u00f6r grillning eller stekning i panna.<\/p>\n<p>&nbsp;<\/p>\n","protected":false},"featured_media":7320,"template":"","meta":[],"product_brand":[],"product_cat":[196,36,163,165,253],"product_tag":[582,520,585,521,584,583],"class_list":{"0":"post-7130","1":"product","2":"type-product","3":"status-publish","4":"has-post-thumbnail","6":"product_cat-kilokauppa","7":"product_cat-viileat","8":"product_cat-viileat-horeca","9":"product_cat-lihat-horeca","10":"product_cat-tuore-liha-horeca","11":"product_tag-coscia","12":"product_tag-fassona","13":"product_tag-naudanliha","14":"product_tag-oberto","15":"product_tag-paisti","16":"product_tag-reisi","17":"product_shipping_class-viileat-pakaste","19":"first","20":"instock","21":"taxable","22":"shipping-taxable","23":"product-type-simple"},"_links":{"self":[{"href":"https:\/\/monditaly.com\/kauppa\/wp-json\/wp\/v2\/product\/7130","targetHints":{"allow":["GET"]}}],"collection":[{"href":"https:\/\/monditaly.com\/kauppa\/wp-json\/wp\/v2\/product"}],"about":[{"href":"https:\/\/monditaly.com\/kauppa\/wp-json\/wp\/v2\/types\/product"}],"wp:featuredmedia":[{"embeddable":true,"href":"https:\/\/monditaly.com\/kauppa\/wp-json\/wp\/v2\/media\/7320"}],"wp:attachment":[{"href":"https:\/\/monditaly.com\/kauppa\/wp-json\/wp\/v2\/media?parent=7130"}],"wp:term":[{"taxonomy":"product_brand","embeddable":true,"href":"https:\/\/monditaly.com\/kauppa\/wp-json\/wp\/v2\/product_brand?post=7130"},{"taxonomy":"product_cat","embeddable":true,"href":"https:\/\/monditaly.com\/kauppa\/wp-json\/wp\/v2\/product_cat?post=7130"},{"taxonomy":"product_tag","embeddable":true,"href":"https:\/\/monditaly.com\/kauppa\/wp-json\/wp\/v2\/product_tag?post=7130"}],"curies":[{"name":"wp","href":"https:\/\/api.w.org\/{rel}","templated":true}]}}