{"id":7131,"date":"2025-07-02T12:58:42","date_gmt":"2025-07-02T09:58:42","guid":{"rendered":"https:\/\/monditaly.com\/kauppa\/?post_type=product&#038;p=7131"},"modified":"2025-07-28T15:55:00","modified_gmt":"2025-07-28T12:55:00","slug":"oberto-picanha-25-3-kg-s-v-thigh-cut","status":"publish","type":"product","link":"https:\/\/monditaly.com\/kauppa\/tuote\/oberto-picanha-25-3-kg-s-v-thigh-cut\/","title":{"rendered":"Oberto Picanha 2,5-3 kg S\/V (thigh cut)"},"content":{"rendered":"<h3>Ainesosat \/ Ingredienser:<\/h3>\n<h3>Ravintoarvot per 100g \/ N\u00e4ringsv\u00e4rde per 100g:<\/h3>\n<p class=\"p2\">Energia\/ energi<\/p>\n<p>Rasvat\/Fett, joista tyydyttynytt\u00e4\/ varav m\u00e4ttade<\/p>\n<p class=\"p2\">Hiilihydraatit\/ Kolhydrater, joista sokereita\/ varav sockerarter<\/p>\n<p class=\"p2\">Proteiini\/ Protein<\/p>\n<p class=\"p2\">Suola\/ Salt<\/p>\n","protected":false},"excerpt":{"rendered":"<p>Hieno, murea Fassona-naudan reisipasti. Kypsenn\u00e4 joko grillaamalla, uunissa tai pannulla. Anna lev\u00e4t\u00e4 hetken kypsent\u00e4misen j\u00e4lkeen.<\/p>\n<p data-start=\"19\" data-end=\"155\">Fin, m\u00f6r Fassona-n\u00f6tets rundstek. Tillaga genom grillning, i ugn eller i panna. L\u00e5t vila en stund efter tillagning.<\/p>\n<p>Fine, tender Fassona beef round roast. Cook by grilling, in the oven or pan-frying. Let rest briefly after cooking.<\/p>\n<p>&nbsp;<\/p>\n","protected":false},"featured_media":7322,"template":"","meta":[],"product_brand":[],"product_cat":[196,36,163,165,166],"product_tag":[520,585,521,584,587,583,586],"class_list":{"0":"post-7131","1":"product","2":"type-product","3":"status-publish","4":"has-post-thumbnail","6":"product_cat-kilokauppa","7":"product_cat-viileat","8":"product_cat-viileat-horeca","9":"product_cat-lihat-horeca","10":"product_cat-salamit-ja-kinkut-horeca","11":"product_tag-fassona","12":"product_tag-naudanliha","13":"product_tag-oberto","14":"product_tag-paisti","15":"product_tag-picanha","16":"product_tag-reisi","17":"product_tag-thighcut","18":"product_shipping_class-viileat-pakaste","20":"first","21":"instock","22":"taxable","23":"shipping-taxable","24":"product-type-simple"},"_links":{"self":[{"href":"https:\/\/monditaly.com\/kauppa\/wp-json\/wp\/v2\/product\/7131","targetHints":{"allow":["GET"]}}],"collection":[{"href":"https:\/\/monditaly.com\/kauppa\/wp-json\/wp\/v2\/product"}],"about":[{"href":"https:\/\/monditaly.com\/kauppa\/wp-json\/wp\/v2\/types\/product"}],"wp:featuredmedia":[{"embeddable":true,"href":"https:\/\/monditaly.com\/kauppa\/wp-json\/wp\/v2\/media\/7322"}],"wp:attachment":[{"href":"https:\/\/monditaly.com\/kauppa\/wp-json\/wp\/v2\/media?parent=7131"}],"wp:term":[{"taxonomy":"product_brand","embeddable":true,"href":"https:\/\/monditaly.com\/kauppa\/wp-json\/wp\/v2\/product_brand?post=7131"},{"taxonomy":"product_cat","embeddable":true,"href":"https:\/\/monditaly.com\/kauppa\/wp-json\/wp\/v2\/product_cat?post=7131"},{"taxonomy":"product_tag","embeddable":true,"href":"https:\/\/monditaly.com\/kauppa\/wp-json\/wp\/v2\/product_tag?post=7131"}],"curies":[{"name":"wp","href":"https:\/\/api.w.org\/{rel}","templated":true}]}}