{"id":7135,"date":"2025-07-02T14:53:33","date_gmt":"2025-07-02T11:53:33","guid":{"rendered":"https:\/\/monditaly.com\/kauppa\/?post_type=product&#038;p=7135"},"modified":"2025-07-30T16:01:14","modified_gmt":"2025-07-30T13:01:14","slug":"gallo-risottoriisi-arborio-1-kg-x-6-kpl","status":"publish","type":"product","link":"https:\/\/monditaly.com\/kauppa\/tuote\/gallo-risottoriisi-arborio-1-kg-x-6-kpl\/","title":{"rendered":"GALLO risottoriisi arborio 1 kg x 6 kpl"},"content":{"rendered":"<h3>Ainesosat \/ Ingredienser:<\/h3>\n<p><span class=\"relative -mx-px my-[-0.2rem] rounded px-px py-[0.2rem] transition-colors duration-100 ease-in-out\">Arborio-riisi (100\u202f%)<\/span><br \/>\nArborio-ris (100%)<\/p>\n<h3>Ravintoarvot per 100g \/ N\u00e4ringsv\u00e4rde per 100g:<\/h3>\n<p data-start=\"359\" data-end=\"398\"><span class=\"relative -mx-px my-[-0.2rem] rounded px-px py-[0.2rem] transition-colors duration-100 ease-in-out\">Energia\/ energi: 1\u202f476\u202fkJ \/ 348\u202fkcal<\/span><\/p>\n<p data-start=\"401\" data-end=\"440\"><span class=\"relative -mx-px my-[-0.2rem] rounded px-px py-[0.2rem] transition-colors duration-100 ease-in-out\">Rasva\/ Fett: 1,0\u202fg (josta tyydyttynytt\u00e4\/ varav m\u00e4ttade 0,3\u202fg)<\/span><\/p>\n<p data-start=\"443\" data-end=\"482\"><span class=\"relative -mx-px my-[-0.2rem] rounded px-px py-[0.2rem] transition-colors duration-100 ease-in-out\">Hiilihydraatteja\/ Kolhydrater: 77,3\u202fg (josta sokeria\/ varav sockerarter 0,2\u202fg)<\/span><\/p>\n<p data-start=\"485\" data-end=\"524\"><span class=\"relative -mx-px my-[-0.2rem] rounded px-px py-[0.2rem] transition-colors duration-100 ease-in-out\">Ravintokuitua\/ Kostfiber: 1,0\u202fg<\/span><\/p>\n<p data-start=\"527\" data-end=\"566\"><span class=\"relative -mx-px my-[-0.2rem] rounded px-px py-[0.2rem] transition-colors duration-100 ease-in-out\">Proteiinia\/Protein: 6,9\u202fg<\/span><\/p>\n<p data-start=\"569\" data-end=\"648\"><span class=\"relative -mx-px my-[-0.2rem] rounded px-px py-[0.2rem] transition-colors duration-100 ease-in-out\">Suolaa\/ Salt: 0,0\u202fg<\/span><\/p>\n","protected":false},"excerpt":{"rendered":"<p><strong>Tuote myyd\u00e4\u00e4n myyntier\u00e4n\u00e4 1 ltk (6 kpl). \/ Sales unit 1 box (6 pcs).<\/strong><\/p>\n<p>Kest\u00e4v\u00e4sti tuotettu riisi Italian Lombardian alueelta, jonka ilmasto on optimaalinen riisinviljelyyn. Erityisen laadukas suurijyv\u00e4inen riisi, joka antaa t\u00e4ydellisen al dente -lopputuloksen ja k\u00e4y my\u00f6s kermaisen risoton pohjaksi. Sopii kasvis-, vegaani- ja keliakiaruokavaliota noudattaville.<\/p>\n<p>The king of risotto rice by Riso Gallo, an exceptional quality rice with large, full-bodied grains that encompasses six generations of a passion and culture for rice. Originates from the Lombardy farmhouses, where the characteristics of the land and the microclimate are most favourable. Not only is this variety of rice able to retain a perfectly cooked \u201cal dente\u201d style, which makes it popular with chefs, but it also binds harmoniously with all ingredients, creating a delicious cream risotto.<\/p>\n","protected":false},"featured_media":7360,"template":"","meta":[],"product_brand":[],"product_cat":[110,74,216],"product_tag":[598,182,599,600],"class_list":{"0":"post-7135","1":"product","2":"type-product","3":"status-publish","4":"has-post-thumbnail","6":"product_cat-horeca-teolliset-elintarvikkeet","7":"product_cat-kuivat-elintarvikkeet-horeca","8":"product_cat-riisi-horeca","9":"product_tag-arborio","10":"product_tag-rice","11":"product_tag-riisi","12":"product_tag-risotto","13":"product_shipping_class-horeca","15":"first","16":"instock","17":"taxable","18":"shipping-taxable","19":"product-type-simple"},"_links":{"self":[{"href":"https:\/\/monditaly.com\/kauppa\/wp-json\/wp\/v2\/product\/7135","targetHints":{"allow":["GET"]}}],"collection":[{"href":"https:\/\/monditaly.com\/kauppa\/wp-json\/wp\/v2\/product"}],"about":[{"href":"https:\/\/monditaly.com\/kauppa\/wp-json\/wp\/v2\/types\/product"}],"wp:featuredmedia":[{"embeddable":true,"href":"https:\/\/monditaly.com\/kauppa\/wp-json\/wp\/v2\/media\/7360"}],"wp:attachment":[{"href":"https:\/\/monditaly.com\/kauppa\/wp-json\/wp\/v2\/media?parent=7135"}],"wp:term":[{"taxonomy":"product_brand","embeddable":true,"href":"https:\/\/monditaly.com\/kauppa\/wp-json\/wp\/v2\/product_brand?post=7135"},{"taxonomy":"product_cat","embeddable":true,"href":"https:\/\/monditaly.com\/kauppa\/wp-json\/wp\/v2\/product_cat?post=7135"},{"taxonomy":"product_tag","embeddable":true,"href":"https:\/\/monditaly.com\/kauppa\/wp-json\/wp\/v2\/product_tag?post=7135"}],"curies":[{"name":"wp","href":"https:\/\/api.w.org\/{rel}","templated":true}]}}