{"id":7143,"date":"2025-07-03T10:48:28","date_gmt":"2025-07-03T07:48:28","guid":{"rendered":"https:\/\/monditaly.com\/kauppa\/?post_type=product&#038;p=7143"},"modified":"2025-07-28T14:55:13","modified_gmt":"2025-07-28T11:55:13","slug":"guarande-tryffelisuola-musta-tryffeli-100g","status":"publish","type":"product","link":"https:\/\/monditaly.com\/kauppa\/tuote\/guarande-tryffelisuola-musta-tryffeli-100g\/","title":{"rendered":"Guarande tryffelisuola &#8211; musta tryffeli 100g"},"content":{"rendered":"<h3>Ainesosat \/ Ingredienser:<\/h3>\n<p data-start=\"2227\" data-end=\"2278\">Gu\u00e9randen harmaasuola (Oceano Atlantico &#8211; FR) 98%, kylm\u00e4kuivattu\u00a0valkoinen tryffeli (Tuber magnatum Pico) 0,3% (vastaa noin 1,7% tuoretta tryffeli\u00e4), luontainen aromi<br \/>\nGu\u00e9randens gr\u00e5a havssalt (Atlanten \u2013 FR) 98\u202f%, frystorkad vit tryffel (Tuber magnatum Pico) 0,3\u202f% (motsvarar cirka 1,7\u202f% f\u00e4rsk tryffel), naturlig arom<\/p>\n<p data-start=\"2398\" data-end=\"2431\"><strong data-start=\"2398\" data-end=\"2429\">Ravintosis\u00e4lt\u00f6\/ N\u00e4ringsv\u00e4rde (per 100\u202fg):<\/strong><\/p>\n<p data-start=\"2434\" data-end=\"2466\">Energia\/ energi: ~1\u202f700\u202fkJ \/ ~400\u202fkcal<\/p>\n<p data-start=\"2469\" data-end=\"2484\">Rasva\/ Fett: ~0,5\u202fg<\/p>\n<p data-start=\"2489\" data-end=\"2518\">josta tyydyttynytt\u00e4\/ varav m\u00e4ttade: ~0,1\u202fg<\/p>\n<p data-start=\"2521\" data-end=\"2544\">Hiilihydraatit\/ Kolhydrater: ~94\u202fg<\/p>\n<p data-start=\"2549\" data-end=\"2571\">joista sokeria\/ varav sockerarter: ~0\u202fg<\/p>\n<p data-start=\"2574\" data-end=\"2587\">Kuitu\/ Fiber: ~0\u202fg<\/p>\n<p data-start=\"2590\" data-end=\"2607\">Proteiini\/ Protein: ~0\u202fg<\/p>\n<p data-start=\"2610\" data-end=\"2622\">Suola\/ Salt: ~96\u202fg<\/p>\n<p data-start=\"2624\" data-end=\"2747\">\n","protected":false},"excerpt":{"rendered":"<p>Gu\u00e9rande -suola maustettuna kes\u00e4tryffelill\u00e4. Tumma suola Gu\u00e9randen alueelta ker\u00e4t\u00e4\u00e4n edelleen k\u00e4sin k\u00e4ytt\u00e4en ainoastaan puisia ty\u00f6kaluja, jotta ainutlaatuisen tuotteen puhtaus s\u00e4ilyy. Mukaan lis\u00e4tyt mustat tryffelisiivut tekev\u00e4t suolasta monipuolisen mausteen sek\u00e4 kylmille ett\u00e4 l\u00e4mpimille ruokalajeille. Sopii mm. pastalle, risotolle, omeleteille, pihveille ja salaateille. S\u00e4ilyt\u00e4 avaamisen j\u00e4lkeen kuivassa ja viile\u00e4ss\u00e4. K\u00e4yt\u00e4 avaamisesta 30 p\u00e4iv\u00e4n sis\u00e4ll\u00e4.<\/p>\n<p>Gu\u00e9rande salt with summer truffle. Gu\u00e9rande salt is still hand-harvested using wooden tools, in order to preserve its organoleptic characteristic. Wooden tools are used during harvesting so as not to contaminate the purity of this extraordinary salt, so sought after by gourmets all over the world. Slices of black truffle added to this extraordinary sea salt the result is a versatile condiment, excellent to season cold and warm dishes, such as pasta, risotto, eggs, omelettes, meat fillets, barbecue steaks, meat carpaccio, fish tartare, cheese potatoes, salads, vegetables, sushi and foie gras. Keep in a cool and dry place. After opening, use within 30 days.<\/p>\n<p>&nbsp;<\/p>\n","protected":false},"featured_media":1962,"template":"","meta":[],"product_brand":[],"product_cat":[46,206,218,111,75,226],"product_tag":[304,469,201,138,95,577],"class_list":{"0":"post-7143","1":"product","2":"type-product","3":"status-publish","4":"has-post-thumbnail","6":"product_cat-teolliset_elintarvikkeet","7":"product_cat-muut-horeca","8":"product_cat-mausteet-ja-yrtit-horeca","9":"product_cat-yksityisasiakkaat","10":"product_cat-kuivat-elintarvikkeet-yksityisasiakkaat","11":"product_cat-mausteet-ja-yrtit-yksityisasiakkaat","12":"product_tag-gluteeniton","13":"product_tag-musta","14":"product_tag-salt","15":"product_tag-truffle","16":"product_tag-tryffeli","17":"product_tag-tryffelisuola","19":"first","20":"onbackorder","21":"taxable","22":"shipping-taxable","23":"product-type-simple"},"_links":{"self":[{"href":"https:\/\/monditaly.com\/kauppa\/wp-json\/wp\/v2\/product\/7143","targetHints":{"allow":["GET"]}}],"collection":[{"href":"https:\/\/monditaly.com\/kauppa\/wp-json\/wp\/v2\/product"}],"about":[{"href":"https:\/\/monditaly.com\/kauppa\/wp-json\/wp\/v2\/types\/product"}],"wp:featuredmedia":[{"embeddable":true,"href":"https:\/\/monditaly.com\/kauppa\/wp-json\/wp\/v2\/media\/1962"}],"wp:attachment":[{"href":"https:\/\/monditaly.com\/kauppa\/wp-json\/wp\/v2\/media?parent=7143"}],"wp:term":[{"taxonomy":"product_brand","embeddable":true,"href":"https:\/\/monditaly.com\/kauppa\/wp-json\/wp\/v2\/product_brand?post=7143"},{"taxonomy":"product_cat","embeddable":true,"href":"https:\/\/monditaly.com\/kauppa\/wp-json\/wp\/v2\/product_cat?post=7143"},{"taxonomy":"product_tag","embeddable":true,"href":"https:\/\/monditaly.com\/kauppa\/wp-json\/wp\/v2\/product_tag?post=7143"}],"curies":[{"name":"wp","href":"https:\/\/api.w.org\/{rel}","templated":true}]}}