{"id":7144,"date":"2025-07-03T10:57:05","date_gmt":"2025-07-03T07:57:05","guid":{"rendered":"https:\/\/monditaly.com\/kauppa\/?post_type=product&#038;p=7144"},"modified":"2025-07-28T15:00:31","modified_gmt":"2025-07-28T12:00:31","slug":"guerande-tryffelisuola-kesatryffeli-90g","status":"publish","type":"product","link":"https:\/\/monditaly.com\/kauppa\/tuote\/guerande-tryffelisuola-kesatryffeli-90g\/","title":{"rendered":"Guerande tryffelisuola &#8211; kes\u00e4tryffeli 90g"},"content":{"rendered":"<h3>Ainesosat \/ Ingredienser:<\/h3>\n<p>Gu\u00e9randen merisuola 98\u202f%, kylm\u00e4kuivattu kes\u00e4tryffeli (Tuber aestivum Vitt.) 1\u202f% (vastaa noin 5\u202f% tuoretta tryffeli\u00e4), luonnollinen aromi.<br \/>\nGu\u00e9randes havssalt 98\u202f%, frystorkad sommartryffel (Tuber aestivum Vitt.) 1\u202f% (motsvarar ca 5\u202f% f\u00e4rsk tryffel), naturlig arom.<\/p>\n<h3>Ravintoarvot per 100g \/ N\u00e4ringsv\u00e4rde per 100g:<\/h3>\n<p data-start=\"1705\" data-end=\"1746\"><span class=\"relative -mx-px my-[-0.2rem] rounded px-px py-[0.2rem] transition-colors duration-100 ease-in-out\">Energia\/ energi: ca 1\u202f700\u202fkJ \/ 400\u202fkcal<\/span><\/p>\n<p data-start=\"1749\" data-end=\"1790\"><span class=\"relative -mx-px my-[-0.2rem] rounded px-px py-[0.2rem] transition-colors duration-100 ease-in-out\">Rasva\/ Fett: ~0,5\u202fg (joista tyydyttyneit\u00e4\/ varav m\u00e4ttade ~0,1\u202fg)<\/span><\/p>\n<p data-start=\"1793\" data-end=\"1834\"><span class=\"relative -mx-px my-[-0.2rem] rounded px-px py-[0.2rem] transition-colors duration-100 ease-in-out\">Hiilihydraatit\/ Kolhydrater: ~94\u202fg (joista sokereita\/ varav sockerarter ca 0\u202fg)<\/span><\/p>\n<p data-start=\"1837\" data-end=\"1958\"><span class=\"relative -mx-px my-[-0.2rem] rounded px-px py-[0.2rem] transition-colors duration-100 ease-in-out\">Proteiini\/ protein: 0\u202fg<\/p>\n<p>Suola\/ salt: ~96\u202fg<\/span><\/p>\n","protected":false},"excerpt":{"rendered":"<p>Gu\u00e9rande -suola maustettuna kes\u00e4tryffelill\u00e4. Tumma suola Gu\u00e9randen alueelta ker\u00e4t\u00e4\u00e4n edelleen k\u00e4sin k\u00e4ytt\u00e4en ainoastaan puisia ty\u00f6kaluja, jotta ainutlaatuisen tuotteen puhtaus s\u00e4ilyy. Mukaan lis\u00e4tyt mustat tryffelisiivut tekev\u00e4t suolasta monipuolisen mausteen sek\u00e4 kylmille ett\u00e4 l\u00e4mpimille ruokalajeille. Sopii mm. pastalle, risotolle, omeleteille, pihveille ja salaateille. S\u00e4ilyt\u00e4 avaamisen j\u00e4lkeen kuivassa ja viile\u00e4ss\u00e4. K\u00e4yt\u00e4 avaamisesta 30 p\u00e4iv\u00e4n sis\u00e4ll\u00e4.<\/p>\n<p>Gu\u00e9rande salt with summer truffle. Gu\u00e9rande salt is still hand-harvested using wooden tools, in order to preserve its organoleptic characteristic. Wooden tools are used during harvesting so as not to contaminate the purity of this extraordinary salt, so sought after by gourmets all over the world. Slices of black truffle added to this extraordinary sea salt the result is a versatile condiment, excellent to season cold and warm dishes, such as pasta, risotto, eggs, omelettes, meat fillets, barbecue steaks, meat carpaccio, fish tartare, cheese potatoes, salads, vegetables, sushi and foie gras. Keep in a cool and dry place. After opening, use within 30 days.<\/p>\n<p>&nbsp;<\/p>\n","protected":false},"featured_media":1962,"template":"","meta":[],"product_brand":[],"product_cat":[111,75,226],"product_tag":[304,325,578,580,201,579,138],"class_list":{"0":"post-7144","1":"product","2":"type-product","3":"status-publish","4":"has-post-thumbnail","6":"product_cat-yksityisasiakkaat","7":"product_cat-kuivat-elintarvikkeet-yksityisasiakkaat","8":"product_cat-mausteet-ja-yrtit-yksityisasiakkaat","9":"product_tag-gluteeniton","10":"product_tag-gluten-free","11":"product_tag-kesatryffeli","12":"product_tag-maustesuola","13":"product_tag-salt","14":"product_tag-suola","15":"product_tag-truffle","17":"first","18":"instock","19":"taxable","20":"shipping-taxable","21":"product-type-simple"},"_links":{"self":[{"href":"https:\/\/monditaly.com\/kauppa\/wp-json\/wp\/v2\/product\/7144","targetHints":{"allow":["GET"]}}],"collection":[{"href":"https:\/\/monditaly.com\/kauppa\/wp-json\/wp\/v2\/product"}],"about":[{"href":"https:\/\/monditaly.com\/kauppa\/wp-json\/wp\/v2\/types\/product"}],"wp:featuredmedia":[{"embeddable":true,"href":"https:\/\/monditaly.com\/kauppa\/wp-json\/wp\/v2\/media\/1962"}],"wp:attachment":[{"href":"https:\/\/monditaly.com\/kauppa\/wp-json\/wp\/v2\/media?parent=7144"}],"wp:term":[{"taxonomy":"product_brand","embeddable":true,"href":"https:\/\/monditaly.com\/kauppa\/wp-json\/wp\/v2\/product_brand?post=7144"},{"taxonomy":"product_cat","embeddable":true,"href":"https:\/\/monditaly.com\/kauppa\/wp-json\/wp\/v2\/product_cat?post=7144"},{"taxonomy":"product_tag","embeddable":true,"href":"https:\/\/monditaly.com\/kauppa\/wp-json\/wp\/v2\/product_tag?post=7144"}],"curies":[{"name":"wp","href":"https:\/\/api.w.org\/{rel}","templated":true}]}}