{"id":7145,"date":"2025-07-03T11:15:27","date_gmt":"2025-07-03T08:15:27","guid":{"rendered":"https:\/\/monditaly.com\/kauppa\/?post_type=product&#038;p=7145"},"modified":"2025-07-15T11:43:30","modified_gmt":"2025-07-15T08:43:30","slug":"baba-al-rum-1700g-pieni","status":"publish","type":"product","link":"https:\/\/monditaly.com\/kauppa\/tuote\/baba-al-rum-1700g-pieni\/","title":{"rendered":"Bab\u00e0 al rum 1700g, pieni"},"content":{"rendered":"<h3>Ainesosat \/ Ingredienser:<\/h3>\n<p data-start=\"362\" data-end=\"401\"><span class=\"relative -mx-px my-[-0.2rem] rounded px-px py-[0.2rem] transition-colors duration-100 ease-in-out\">Bab\u00e0: vehn\u00e4jauho (Typo 00), kananmunat, margariini, sokeri, suola, hiiva, aromit<br \/>\n<\/span><span class=\"relative -mx-px my-[-0.2rem] rounded px-px py-[0.2rem] transition-colors duration-100 ease-in-out\">Lik\u00f6\u00f6ri\u00adliemi: sokeri, alkoholi, rommi, aromit<\/p>\n<p><\/span>Bab\u00e0: vetemj\u00f6l (typ 00), \u00e4gg, margarin, socker, salt, j\u00e4st, aromer<br \/>\nLagen: socker, alkohol, rom, aromer<\/p>\n<h3>Ravintoarvot per 100g \/ N\u00e4ringsv\u00e4rde per 100g:<\/h3>\n<p>Energia \/ Energi 905 kJ \/\u00a0 214 kcal<br \/>\nRasva \/ Fett 2,09 g<br \/>\njosta tyydyttynytt\u00e4 \/ varav m\u00e4ttade\u00a0 0,03 g<br \/>\nHiilihydraatit \/ Kolhydrater 45,43 g<br \/>\njoista sokereita \/ varav sockerarter\u00a0 18,40g<br \/>\nProteiini \/ Protein\u00a0 3,07 g<br \/>\nSuola \/ Salt\u00a0 0,20 g<\/p>\n","protected":false},"excerpt":{"rendered":"<p>Herkulliset, hiivalla kohotetut, pehme\u00e4t leivonnaiset rommi-sokeriliemess\u00e4.<br \/>\nDelicious, soft, yeast-leavened pastries in a rum and sugar syrup.<\/p>\n","protected":false},"featured_media":7232,"template":"","meta":[],"product_brand":[],"product_cat":[46,110,70,81],"product_tag":[143,145],"class_list":{"0":"post-7145","1":"product","2":"type-product","3":"status-publish","4":"has-post-thumbnail","6":"product_cat-teolliset_elintarvikkeet","7":"product_cat-horeca-teolliset-elintarvikkeet","8":"product_cat-sailykkeet-horeca","9":"product_cat-vihannekset-horeca","10":"product_tag-caper","11":"product_tag-capperi","12":"product_shipping_class-horeca","14":"first","15":"instock","16":"taxable","17":"shipping-taxable","18":"product-type-simple"},"_links":{"self":[{"href":"https:\/\/monditaly.com\/kauppa\/wp-json\/wp\/v2\/product\/7145","targetHints":{"allow":["GET"]}}],"collection":[{"href":"https:\/\/monditaly.com\/kauppa\/wp-json\/wp\/v2\/product"}],"about":[{"href":"https:\/\/monditaly.com\/kauppa\/wp-json\/wp\/v2\/types\/product"}],"wp:featuredmedia":[{"embeddable":true,"href":"https:\/\/monditaly.com\/kauppa\/wp-json\/wp\/v2\/media\/7232"}],"wp:attachment":[{"href":"https:\/\/monditaly.com\/kauppa\/wp-json\/wp\/v2\/media?parent=7145"}],"wp:term":[{"taxonomy":"product_brand","embeddable":true,"href":"https:\/\/monditaly.com\/kauppa\/wp-json\/wp\/v2\/product_brand?post=7145"},{"taxonomy":"product_cat","embeddable":true,"href":"https:\/\/monditaly.com\/kauppa\/wp-json\/wp\/v2\/product_cat?post=7145"},{"taxonomy":"product_tag","embeddable":true,"href":"https:\/\/monditaly.com\/kauppa\/wp-json\/wp\/v2\/product_tag?post=7145"}],"curies":[{"name":"wp","href":"https:\/\/api.w.org\/{rel}","templated":true}]}}