{"id":7147,"date":"2025-07-03T13:38:04","date_gmt":"2025-07-03T10:38:04","guid":{"rendered":"https:\/\/monditaly.com\/kauppa\/?post_type=product&#038;p=7147"},"modified":"2025-07-15T11:58:23","modified_gmt":"2025-07-15T08:58:23","slug":"mangiarbene-sahrami-aitoja-lankoja-2g","status":"publish","type":"product","link":"https:\/\/monditaly.com\/kauppa\/tuote\/mangiarbene-sahrami-aitoja-lankoja-2g\/","title":{"rendered":"MANGIARBENE Sahrami aitoja lankoja 2g"},"content":{"rendered":"<h3>Ainesosat \/ Ingredienser:<\/h3>\n<div>.<\/div>\n<h3>Ravintoarvot per 100g \/ N\u00e4ringsv\u00e4rde per 100g:<\/h3>\n<p>Energia \/ Energi<br \/>\nRasva \/ Fett<br \/>\njosta tyydyttynytt\u00e4 \/ varav m\u00e4ttade<br \/>\nHiilihydraatit \/ Kolhydrat<br \/>\njoista sokereita \/ varav sockerarter<br \/>\nKuitu \/ Fiber<br \/>\nProteiini \/ Protein<br \/>\nSuola \/ Salt<\/p>\n","protected":false},"excerpt":{"rendered":"<p><strong data-start=\"346\" data-end=\"396\">Viander MANGIARBENE Sahramilangat 2\u202fg<\/strong> on huolellisesti valikoitu ja k\u00e4sin poimittu sahrami, joka tuo ruokiin syvyytt\u00e4, v\u00e4ri\u00e4 ja ainutlaatuista aromia. <span class=\"relative -mx-px my-[-0.2rem] rounded px-px py-[0.2rem] transition-colors duration-100 ease-in-out\">Se on t\u00e4ydellinen valinta risottoihin, paellaan, j\u00e4lkiruokiin ja muihin ruokiin, joissa halutaan korostaa sahramin ainutlaatuista makua ja v\u00e4ri\u00e4.<\/p>\n<p><strong data-start=\"896\" data-end=\"949\">Viander MANGIARBENE Authentic Saffron Threads 2\u202fg<\/strong> is carefully selected and handpicked saffron that adds depth, color, and a unique aroma to dishes. It&#8217;s an ideal choice for risottos, paellas, desserts, and other recipes where you want to highlight saffron&#8217;s distinctive flavor and hue<\/span><\/p>\n","protected":false},"featured_media":7236,"template":"","meta":[],"product_brand":[],"product_cat":[46,110,74,218,235],"product_tag":[547,546],"class_list":{"0":"post-7147","1":"product","2":"type-product","3":"status-publish","4":"has-post-thumbnail","6":"product_cat-teolliset_elintarvikkeet","7":"product_cat-horeca-teolliset-elintarvikkeet","8":"product_cat-kuivat-elintarvikkeet-horeca","9":"product_cat-mausteet-ja-yrtit-horeca","10":"product_cat-leivonnaiset-horeca","11":"product_tag-saffron","12":"product_tag-sahrami","13":"product_shipping_class-horeca","15":"first","16":"instock","17":"taxable","18":"shipping-taxable","19":"product-type-simple"},"_links":{"self":[{"href":"https:\/\/monditaly.com\/kauppa\/wp-json\/wp\/v2\/product\/7147","targetHints":{"allow":["GET"]}}],"collection":[{"href":"https:\/\/monditaly.com\/kauppa\/wp-json\/wp\/v2\/product"}],"about":[{"href":"https:\/\/monditaly.com\/kauppa\/wp-json\/wp\/v2\/types\/product"}],"wp:featuredmedia":[{"embeddable":true,"href":"https:\/\/monditaly.com\/kauppa\/wp-json\/wp\/v2\/media\/7236"}],"wp:attachment":[{"href":"https:\/\/monditaly.com\/kauppa\/wp-json\/wp\/v2\/media?parent=7147"}],"wp:term":[{"taxonomy":"product_brand","embeddable":true,"href":"https:\/\/monditaly.com\/kauppa\/wp-json\/wp\/v2\/product_brand?post=7147"},{"taxonomy":"product_cat","embeddable":true,"href":"https:\/\/monditaly.com\/kauppa\/wp-json\/wp\/v2\/product_cat?post=7147"},{"taxonomy":"product_tag","embeddable":true,"href":"https:\/\/monditaly.com\/kauppa\/wp-json\/wp\/v2\/product_tag?post=7147"}],"curies":[{"name":"wp","href":"https:\/\/api.w.org\/{rel}","templated":true}]}}